{"id":795784,"date":"2025-06-17T22:48:32","date_gmt":"2025-06-17T19:48:32","guid":{"rendered":"https:\/\/nextsnkr.com\/product\/carhartt-red\/"},"modified":"2026-01-29T15:12:16","modified_gmt":"2026-01-29T12:12:16","slug":"carhartt-red","status":"publish","type":"product","link":"https:\/\/nextsnkr.com\/de\/produkt\/carhartt-red\/","title":{"rendered":"CARHARTT Red Hut-Acryl, universelle Gr\u00f6\u00dfe, stilvoll"},"content":{"rendered":"<h2>CARHARTT Red Hut-Acryl, universelle Gr\u00f6\u00dfe, stilvoll<\/h2>\n<p>&nbsp;<\/p>\n<p>Die CARHARTT Red M\u00fctze ist aus hochwertigem Acryl gefertigt und bietet bei kaltem Wetter W\u00e4rme und Komfort. Das Modell der universellen Gr\u00f6\u00dfe passt zu jedem Kopf, und die volumetrische Stickerei verleiht Ihrem Bild einen stilvollen Akzent. pflegeleicht &#8211; Das Waschen ist bei 30\u00b0C erlaubt. Die ideale Wahl f\u00fcr das t\u00e4gliche Tragen, Wandern und Outdoor-Aktivit\u00e4ten kombiniert Markenqualit\u00e4t mit modernem Design.<\/p>\n","protected":false},"excerpt":{"rendered":"<p>Die CARHARTT Red M\u00fctze ist aus hochwertigem Acryl gefertigt und bietet bei kaltem Wetter W\u00e4rme und Komfort. Das Modell der universellen Gr\u00f6\u00dfe passt zu jedem Kopf, und die volumetrische Stickerei verleiht Ihrem Bild einen stilvollen Akzent. pflegeleicht &#8211; Das Waschen ist bei 30\u00b0C erlaubt. Die ideale Wahl f\u00fcr das t\u00e4gliche Tragen, Wandern und Outdoor-Aktivit\u00e4ten kombiniert Markenqualit\u00e4t mit modernem Design.<\/p>\n","protected":false},"featured_media":795788,"comment_status":"open","ping_status":"open","template":"","meta":[],"product_brand":[],"product_cat":[3225,4450],"product_tag":[],"class_list":{"0":"post-795784","1":"product","2":"type-product","3":"status-publish","4":"has-post-thumbnail","6":"product_cat-all-product","7":"product_cat-shapky","8":"pa_rozmir-one-size","10":"first","11":"instock","12":"purchasable","13":"product-type-simple"},"_links":{"self":[{"href":"https:\/\/nextsnkr.com\/de\/wp-json\/wp\/v2\/product\/795784","targetHints":{"allow":["GET"]}}],"collection":[{"href":"https:\/\/nextsnkr.com\/de\/wp-json\/wp\/v2\/product"}],"about":[{"href":"https:\/\/nextsnkr.com\/de\/wp-json\/wp\/v2\/types\/product"}],"replies":[{"embeddable":true,"href":"https:\/\/nextsnkr.com\/de\/wp-json\/wp\/v2\/comments?post=795784"}],"version-history":[{"count":0,"href":"https:\/\/nextsnkr.com\/de\/wp-json\/wp\/v2\/product\/795784\/revisions"}],"wp:featuredmedia":[{"embeddable":true,"href":"https:\/\/nextsnkr.com\/de\/wp-json\/wp\/v2\/media\/795788"}],"wp:attachment":[{"href":"https:\/\/nextsnkr.com\/de\/wp-json\/wp\/v2\/media?parent=795784"}],"wp:term":[{"taxonomy":"product_brand","embeddable":true,"href":"https:\/\/nextsnkr.com\/de\/wp-json\/wp\/v2\/product_brand?post=795784"},{"taxonomy":"product_cat","embeddable":true,"href":"https:\/\/nextsnkr.com\/de\/wp-json\/wp\/v2\/product_cat?post=795784"},{"taxonomy":"product_tag","embeddable":true,"href":"https:\/\/nextsnkr.com\/de\/wp-json\/wp\/v2\/product_tag?post=795784"}],"curies":[{"name":"wp","href":"https:\/\/api.w.org\/{rel}","templated":true}]}}