{"id":794914,"date":"2025-06-13T10:07:43","date_gmt":"2025-06-13T07:07:43","guid":{"rendered":"https:\/\/nextsnkr.com\/product\/3-xl-grey-silver\/"},"modified":"2026-01-29T15:11:24","modified_gmt":"2026-01-29T12:11:24","slug":"3-xl-grey-silver","status":"publish","type":"product","link":"https:\/\/nextsnkr.com\/de\/produkt\/3-xl-grey-silver\/","title":{"rendered":"Sneaker 3 XL Grey \/ Silver-Stilvolle Leder- und Textilkreuze"},"content":{"rendered":"<h2>Sneaker 3 XL Grey \/ Silver-Stilvolle Leder- und Textilkreuze<\/h2>\n<p>&nbsp;<\/p>\n<p>Die 3 XL Grey \/ Silver Sneakers sind ein vielseitiges Modell, das aus einer Kombination aus echtem Leder und strapazierf\u00e4higem Textil besteht. Die Schuhe bieten Komfort, einen sicheren Halt des Fu\u00dfes und Ausdauer w\u00e4hrend des t\u00e4glichen Gebrauchs. Das stilvolle Grau-Silber-Design l\u00e4sst sich leicht mit jedem urbanen Look kombinieren. Hergestellt in China, zeichnen sich diese Turnschuhe durch gute Qualit\u00e4t und ein optimales Preis-Leistungs-Verh\u00e4ltnis aus. Eine ideale Wahl f\u00fcr einen aktiven Lebensstil.<\/p>\n","protected":false},"excerpt":{"rendered":"<p>Die 3 XL Grey \/ Silver Sneakers sind ein vielseitiges Modell, das aus einer Kombination aus echtem Leder und strapazierf\u00e4higem Textil besteht. Die Schuhe bieten Komfort, einen sicheren Halt des Fu\u00dfes und Ausdauer w\u00e4hrend des t\u00e4glichen Gebrauchs. Das stilvolle Grau-Silber-Design l\u00e4sst sich leicht mit jedem urbanen Look kombinieren. Hergestellt in China, zeichnen sich diese Turnschuhe durch gute Qualit\u00e4t und ein optimales Preis-Leistungs-Verh\u00e4ltnis aus. Eine ideale Wahl f\u00fcr einen aktiven Lebensstil.<\/p>\n","protected":false},"featured_media":794915,"comment_status":"open","ping_status":"open","template":"","meta":[],"product_brand":[],"product_cat":[3225,3226],"product_tag":[],"class_list":{"0":"post-794914","1":"product","2":"type-product","3":"status-publish","4":"has-post-thumbnail","6":"product_cat-all-product","7":"product_cat-krosivky","8":"pa_rozmir-910","9":"pa_rozmir-912","10":"pa_rozmir-914","11":"pa_rozmir-915","12":"pa_rozmir-916","13":"pa_rozmir-917","14":"pa_rozmir-918","15":"pa_rozmir-919","16":"pa_rozmir-920","17":"pa_rozmir-921","18":"pa_rozmir-922","20":"first","21":"onbackorder","22":"purchasable","23":"product-type-variable"},"_links":{"self":[{"href":"https:\/\/nextsnkr.com\/de\/wp-json\/wp\/v2\/product\/794914","targetHints":{"allow":["GET"]}}],"collection":[{"href":"https:\/\/nextsnkr.com\/de\/wp-json\/wp\/v2\/product"}],"about":[{"href":"https:\/\/nextsnkr.com\/de\/wp-json\/wp\/v2\/types\/product"}],"replies":[{"embeddable":true,"href":"https:\/\/nextsnkr.com\/de\/wp-json\/wp\/v2\/comments?post=794914"}],"version-history":[{"count":0,"href":"https:\/\/nextsnkr.com\/de\/wp-json\/wp\/v2\/product\/794914\/revisions"}],"wp:featuredmedia":[{"embeddable":true,"href":"https:\/\/nextsnkr.com\/de\/wp-json\/wp\/v2\/media\/794915"}],"wp:attachment":[{"href":"https:\/\/nextsnkr.com\/de\/wp-json\/wp\/v2\/media?parent=794914"}],"wp:term":[{"taxonomy":"product_brand","embeddable":true,"href":"https:\/\/nextsnkr.com\/de\/wp-json\/wp\/v2\/product_brand?post=794914"},{"taxonomy":"product_cat","embeddable":true,"href":"https:\/\/nextsnkr.com\/de\/wp-json\/wp\/v2\/product_cat?post=794914"},{"taxonomy":"product_tag","embeddable":true,"href":"https:\/\/nextsnkr.com\/de\/wp-json\/wp\/v2\/product_tag?post=794914"}],"curies":[{"name":"wp","href":"https:\/\/api.w.org\/{rel}","templated":true}]}}