{"id":794181,"date":"2025-06-13T10:09:06","date_gmt":"2025-06-13T07:09:06","guid":{"rendered":"https:\/\/nextsnkr.com\/product\/track\/"},"modified":"2026-01-29T15:10:43","modified_gmt":"2026-01-29T12:10:43","slug":"track","status":"publish","type":"product","link":"https:\/\/nextsnkr.com\/de\/produkt\/track\/","title":{"rendered":"Herren Track Sneakers aus Leder und Textil"},"content":{"rendered":"<h2>Herren Track Sneakers aus Leder und Textil<\/h2>\n<p>&nbsp;<\/p>\n<p>Die stilvollen Track Sneakers sind aus einer Kombination aus Leder und verschlei\u00dffesten Textilien gefertigt, die Komfort und Haltbarkeit bieten. Die leichte sto\u00dfd\u00e4mpfende Sohle unterst\u00fctzt den Fu\u00df beim Gehen und macht das Modell ideal f\u00fcr den t\u00e4glichen Gebrauch und den aktiven Lebensrhythmus. Hergestellt in Vietnam unter Einhaltung hoher Standards, garantieren diese Turnschuhe Qualit\u00e4t, Zuverl\u00e4ssigkeit und modernes Design. W\u00e4hlen Sie jeden Tag Komfort und Stil.<\/p>\n","protected":false},"excerpt":{"rendered":"<p>Die stilvollen Track Sneakers sind aus einer Kombination aus Leder und verschlei\u00dffesten Textilien gefertigt, die Komfort und Haltbarkeit bieten. Die leichte sto\u00dfd\u00e4mpfende Sohle unterst\u00fctzt den Fu\u00df beim Gehen und macht das Modell ideal f\u00fcr den t\u00e4glichen Gebrauch und den aktiven Lebensrhythmus. Hergestellt in Vietnam unter Einhaltung hoher Standards, garantieren diese Turnschuhe Qualit\u00e4t, Zuverl\u00e4ssigkeit und modernes Design. W\u00e4hlen Sie jeden Tag Komfort und Stil.<\/p>\n","protected":false},"featured_media":794182,"comment_status":"open","ping_status":"open","template":"","meta":[],"product_brand":[],"product_cat":[3225,3226],"product_tag":[],"class_list":{"0":"post-794181","1":"product","2":"type-product","3":"status-publish","4":"has-post-thumbnail","6":"product_cat-all-product","7":"product_cat-krosivky","8":"pa_rozmir-910","9":"pa_rozmir-912","10":"pa_rozmir-914","11":"pa_rozmir-915","12":"pa_rozmir-916","13":"pa_rozmir-917","14":"pa_rozmir-918","15":"pa_rozmir-919","16":"pa_rozmir-920","17":"pa_rozmir-921","18":"pa_rozmir-922","20":"first","21":"instock","22":"purchasable","23":"product-type-variable"},"_links":{"self":[{"href":"https:\/\/nextsnkr.com\/de\/wp-json\/wp\/v2\/product\/794181","targetHints":{"allow":["GET"]}}],"collection":[{"href":"https:\/\/nextsnkr.com\/de\/wp-json\/wp\/v2\/product"}],"about":[{"href":"https:\/\/nextsnkr.com\/de\/wp-json\/wp\/v2\/types\/product"}],"replies":[{"embeddable":true,"href":"https:\/\/nextsnkr.com\/de\/wp-json\/wp\/v2\/comments?post=794181"}],"version-history":[{"count":0,"href":"https:\/\/nextsnkr.com\/de\/wp-json\/wp\/v2\/product\/794181\/revisions"}],"wp:featuredmedia":[{"embeddable":true,"href":"https:\/\/nextsnkr.com\/de\/wp-json\/wp\/v2\/media\/794182"}],"wp:attachment":[{"href":"https:\/\/nextsnkr.com\/de\/wp-json\/wp\/v2\/media?parent=794181"}],"wp:term":[{"taxonomy":"product_brand","embeddable":true,"href":"https:\/\/nextsnkr.com\/de\/wp-json\/wp\/v2\/product_brand?post=794181"},{"taxonomy":"product_cat","embeddable":true,"href":"https:\/\/nextsnkr.com\/de\/wp-json\/wp\/v2\/product_cat?post=794181"},{"taxonomy":"product_tag","embeddable":true,"href":"https:\/\/nextsnkr.com\/de\/wp-json\/wp\/v2\/product_tag?post=794181"}],"curies":[{"name":"wp","href":"https:\/\/api.w.org\/{rel}","templated":true}]}}