{"id":793148,"date":"2025-06-13T10:11:53","date_gmt":"2025-06-13T07:11:53","guid":{"rendered":"https:\/\/nextsnkr.com\/product\/3-xl-dirty-beige\/"},"modified":"2026-01-29T15:10:08","modified_gmt":"2026-01-29T12:10:08","slug":"3-xl-dirty-beige","status":"publish","type":"product","link":"https:\/\/nextsnkr.com\/de\/produkt\/3-xl-dirty-beige\/","title":{"rendered":"Sneaker 3 XL Dirty Beige-Beige f\u00fcr Herren aus Textil und Leder"},"content":{"rendered":"<h2>Sneaker 3 XL Dirty Beige-Beige f\u00fcr Herren aus Textil und Leder<\/h2>\n<p>&nbsp;<\/p>\n<p>Die 3 XL Dirty Beige Sneakers kombinieren Textilien mit nat\u00fcrlichem Leder und sorgen f\u00fcr Leichtigkeit, Haltbarkeit und Komfort w\u00e4hrend des t\u00e4glichen Gebrauchs. Die universelle beige Farbe l\u00e4sst sich leicht mit jedem Stil kombinieren, und das moderne Design macht das Modell eing\u00e4ngig und trendig. Die bequeme Sohle garantiert eine D\u00e4mpfung und Unterst\u00fctzung des Fu\u00dfes, die f\u00fcr aktive Spazierg\u00e4nge und den st\u00e4dtischen Lebensrhythmus geeignet ist. Ideal f\u00fcr diejenigen, die Stil und Praktikabilit\u00e4t in einem Schuh suchen.<\/p>\n","protected":false},"excerpt":{"rendered":"<p>Die 3 XL Dirty Beige Sneakers kombinieren Textilien mit nat\u00fcrlichem Leder und sorgen f\u00fcr Leichtigkeit, Haltbarkeit und Komfort w\u00e4hrend des t\u00e4glichen Gebrauchs. Die universelle beige Farbe l\u00e4sst sich leicht mit jedem Stil kombinieren, und das moderne Design macht das Modell eing\u00e4ngig und trendig. Die bequeme Sohle garantiert eine D\u00e4mpfung und Unterst\u00fctzung des Fu\u00dfes, die f\u00fcr aktive Spazierg\u00e4nge und den st\u00e4dtischen Lebensrhythmus geeignet ist. Ideal f\u00fcr diejenigen, die Stil und Praktikabilit\u00e4t in einem Schuh suchen.<\/p>\n","protected":false},"featured_media":793149,"comment_status":"open","ping_status":"open","template":"","meta":[],"product_brand":[],"product_cat":[3225,3226],"product_tag":[],"class_list":{"0":"post-793148","1":"product","2":"type-product","3":"status-publish","4":"has-post-thumbnail","6":"product_cat-all-product","7":"product_cat-krosivky","8":"pa_rozmir-910","9":"pa_rozmir-912","10":"pa_rozmir-914","11":"pa_rozmir-915","12":"pa_rozmir-916","13":"pa_rozmir-917","14":"pa_rozmir-918","15":"pa_rozmir-919","16":"pa_rozmir-920","17":"pa_rozmir-921","18":"pa_rozmir-922","20":"first","21":"onbackorder","22":"purchasable","23":"product-type-variable"},"_links":{"self":[{"href":"https:\/\/nextsnkr.com\/de\/wp-json\/wp\/v2\/product\/793148","targetHints":{"allow":["GET"]}}],"collection":[{"href":"https:\/\/nextsnkr.com\/de\/wp-json\/wp\/v2\/product"}],"about":[{"href":"https:\/\/nextsnkr.com\/de\/wp-json\/wp\/v2\/types\/product"}],"replies":[{"embeddable":true,"href":"https:\/\/nextsnkr.com\/de\/wp-json\/wp\/v2\/comments?post=793148"}],"version-history":[{"count":0,"href":"https:\/\/nextsnkr.com\/de\/wp-json\/wp\/v2\/product\/793148\/revisions"}],"wp:featuredmedia":[{"embeddable":true,"href":"https:\/\/nextsnkr.com\/de\/wp-json\/wp\/v2\/media\/793149"}],"wp:attachment":[{"href":"https:\/\/nextsnkr.com\/de\/wp-json\/wp\/v2\/media?parent=793148"}],"wp:term":[{"taxonomy":"product_brand","embeddable":true,"href":"https:\/\/nextsnkr.com\/de\/wp-json\/wp\/v2\/product_brand?post=793148"},{"taxonomy":"product_cat","embeddable":true,"href":"https:\/\/nextsnkr.com\/de\/wp-json\/wp\/v2\/product_cat?post=793148"},{"taxonomy":"product_tag","embeddable":true,"href":"https:\/\/nextsnkr.com\/de\/wp-json\/wp\/v2\/product_tag?post=793148"}],"curies":[{"name":"wp","href":"https:\/\/api.w.org\/{rel}","templated":true}]}}