{"id":790429,"date":"2025-06-13T10:18:37","date_gmt":"2025-06-13T07:18:37","guid":{"rendered":"https:\/\/nextsnkr.com\/product\/9060-white-black\/"},"modified":"2026-01-29T15:08:15","modified_gmt":"2026-01-29T12:08:15","slug":"9060-white-black","status":"publish","type":"product","link":"https:\/\/nextsnkr.com\/de\/produkt\/9060-white-black\/","title":{"rendered":"Sneakers 9060 White \/ Black-Stilvolle lederne Turnschuhe f\u00fcr den Alltag"},"content":{"rendered":"<h2>Sneakers 9060 White \/ Black-Stilvolle lederne Turnschuhe f\u00fcr den Alltag<\/h2>\n<p>&nbsp;<\/p>\n<p>Die Sneakers 9060 White \/ Black sind aus hochwertigem echtem Leder gefertigt und sorgen f\u00fcr Haltbarkeit, Komfort und eine lange Lebensdauer. Die kontrastreiche Kombination aus Wei\u00df und Schwarz macht das Modell vielseitig und einfach mit jedem Stil zu kombinieren &#8211; von sportlich bis urban. Die bequeme Sohle gibt Sto\u00dfd\u00e4mpfung und Unterst\u00fctzung beim Gehen. W\u00e4hlen Sie 9060 White \/ Black, wenn Sie nach zuverl\u00e4ssigen, modernen und praktischen Sneakers f\u00fcr jeden Tag suchen.<\/p>\n","protected":false},"excerpt":{"rendered":"<p>Die Sneakers 9060 White \/ Black sind aus hochwertigem echtem Leder gefertigt und sorgen f\u00fcr Haltbarkeit, Komfort und eine lange Lebensdauer. Die kontrastreiche Kombination aus Wei\u00df und Schwarz macht das Modell vielseitig und einfach mit jedem Stil zu kombinieren &#8211; von sportlich bis urban. Die bequeme Sohle gibt Sto\u00dfd\u00e4mpfung und Unterst\u00fctzung beim Gehen. W\u00e4hlen Sie 9060 White \/ Black, wenn Sie nach zuverl\u00e4ssigen, modernen und praktischen Sneakers f\u00fcr jeden Tag suchen.<\/p>\n","protected":false},"featured_media":790430,"comment_status":"open","ping_status":"open","template":"","meta":[],"product_brand":[],"product_cat":[3225,3226],"product_tag":[],"class_list":{"0":"post-790429","1":"product","2":"type-product","3":"status-publish","4":"has-post-thumbnail","6":"product_cat-all-product","7":"product_cat-krosivky","8":"pa_rozmir-910","9":"pa_rozmir-912","10":"pa_rozmir-914","11":"pa_rozmir-915","12":"pa_rozmir-916","13":"pa_rozmir-917","14":"pa_rozmir-918","15":"pa_rozmir-919","16":"pa_rozmir-920","17":"pa_rozmir-921","18":"pa_rozmir-922","20":"first","21":"instock","22":"purchasable","23":"product-type-variable"},"_links":{"self":[{"href":"https:\/\/nextsnkr.com\/de\/wp-json\/wp\/v2\/product\/790429","targetHints":{"allow":["GET"]}}],"collection":[{"href":"https:\/\/nextsnkr.com\/de\/wp-json\/wp\/v2\/product"}],"about":[{"href":"https:\/\/nextsnkr.com\/de\/wp-json\/wp\/v2\/types\/product"}],"replies":[{"embeddable":true,"href":"https:\/\/nextsnkr.com\/de\/wp-json\/wp\/v2\/comments?post=790429"}],"version-history":[{"count":0,"href":"https:\/\/nextsnkr.com\/de\/wp-json\/wp\/v2\/product\/790429\/revisions"}],"wp:featuredmedia":[{"embeddable":true,"href":"https:\/\/nextsnkr.com\/de\/wp-json\/wp\/v2\/media\/790430"}],"wp:attachment":[{"href":"https:\/\/nextsnkr.com\/de\/wp-json\/wp\/v2\/media?parent=790429"}],"wp:term":[{"taxonomy":"product_brand","embeddable":true,"href":"https:\/\/nextsnkr.com\/de\/wp-json\/wp\/v2\/product_brand?post=790429"},{"taxonomy":"product_cat","embeddable":true,"href":"https:\/\/nextsnkr.com\/de\/wp-json\/wp\/v2\/product_cat?post=790429"},{"taxonomy":"product_tag","embeddable":true,"href":"https:\/\/nextsnkr.com\/de\/wp-json\/wp\/v2\/product_tag?post=790429"}],"curies":[{"name":"wp","href":"https:\/\/api.w.org\/{rel}","templated":true}]}}