{"id":789749,"date":"2025-06-13T10:20:00","date_gmt":"2025-06-13T07:20:00","guid":{"rendered":"https:\/\/nextsnkr.com\/product\/ct302-grey-blue\/"},"modified":"2026-01-29T15:07:59","modified_gmt":"2026-01-29T12:07:59","slug":"ct302-grey-blue","status":"publish","type":"product","link":"https:\/\/nextsnkr.com\/de\/produkt\/ct302-grey-blue\/","title":{"rendered":"CT302 Grey Blue Sneakers-Stilvolle Herrenlederschuhe"},"content":{"rendered":"<h2>CT302 Grey Blue Sneakers-Stilvolle Herrenlederschuhe<\/h2>\n<p>&nbsp;<\/p>\n<p>Die CT302 Grey Blue Sneakers sind aus hochwertigem Leder gefertigt und verbinden Komfort, Haltbarkeit und modernes Design. Die graue Farbe, kombiniert mit blauen Akzenten, macht das Modell vielseitig f\u00fcr den t\u00e4glichen Stil. Eine bequeme Passform, eine robuste Sohle und langlebige Materialien sorgen f\u00fcr ein angenehmes Tragegef\u00fchl den ganzen Tag \u00fcber. Die ideale Wahl f\u00fcr diejenigen, die nach praktischen und modischen Sneakers f\u00fcr jeden Tag suchen.<\/p>\n","protected":false},"excerpt":{"rendered":"<p>Die CT302 Grey Blue Sneakers sind aus hochwertigem Leder gefertigt und verbinden Komfort, Haltbarkeit und modernes Design. Die graue Farbe, kombiniert mit blauen Akzenten, macht das Modell vielseitig f\u00fcr den t\u00e4glichen Stil. Eine bequeme Passform, eine robuste Sohle und langlebige Materialien sorgen f\u00fcr ein angenehmes Tragegef\u00fchl den ganzen Tag \u00fcber. Die ideale Wahl f\u00fcr diejenigen, die nach praktischen und modischen Sneakers f\u00fcr jeden Tag suchen.<\/p>\n","protected":false},"featured_media":789750,"comment_status":"open","ping_status":"open","template":"","meta":[],"product_brand":[],"product_cat":[3225,3320],"product_tag":[],"class_list":{"0":"post-789749","1":"product","2":"type-product","3":"status-publish","4":"has-post-thumbnail","6":"product_cat-all-product","7":"product_cat-kedy","8":"pa_rozmir-910","9":"pa_rozmir-912","10":"pa_rozmir-914","11":"pa_rozmir-915","12":"pa_rozmir-916","13":"pa_rozmir-917","14":"pa_rozmir-918","15":"pa_rozmir-919","16":"pa_rozmir-920","17":"pa_rozmir-921","18":"pa_rozmir-922","20":"first","21":"instock","22":"purchasable","23":"product-type-variable"},"_links":{"self":[{"href":"https:\/\/nextsnkr.com\/de\/wp-json\/wp\/v2\/product\/789749","targetHints":{"allow":["GET"]}}],"collection":[{"href":"https:\/\/nextsnkr.com\/de\/wp-json\/wp\/v2\/product"}],"about":[{"href":"https:\/\/nextsnkr.com\/de\/wp-json\/wp\/v2\/types\/product"}],"replies":[{"embeddable":true,"href":"https:\/\/nextsnkr.com\/de\/wp-json\/wp\/v2\/comments?post=789749"}],"version-history":[{"count":0,"href":"https:\/\/nextsnkr.com\/de\/wp-json\/wp\/v2\/product\/789749\/revisions"}],"wp:featuredmedia":[{"embeddable":true,"href":"https:\/\/nextsnkr.com\/de\/wp-json\/wp\/v2\/media\/789750"}],"wp:attachment":[{"href":"https:\/\/nextsnkr.com\/de\/wp-json\/wp\/v2\/media?parent=789749"}],"wp:term":[{"taxonomy":"product_brand","embeddable":true,"href":"https:\/\/nextsnkr.com\/de\/wp-json\/wp\/v2\/product_brand?post=789749"},{"taxonomy":"product_cat","embeddable":true,"href":"https:\/\/nextsnkr.com\/de\/wp-json\/wp\/v2\/product_cat?post=789749"},{"taxonomy":"product_tag","embeddable":true,"href":"https:\/\/nextsnkr.com\/de\/wp-json\/wp\/v2\/product_tag?post=789749"}],"curies":[{"name":"wp","href":"https:\/\/api.w.org\/{rel}","templated":true}]}}