{"id":785516,"date":"2025-06-13T10:27:33","date_gmt":"2025-06-13T07:27:33","guid":{"rendered":"https:\/\/nextsnkr.com\/product\/balenciaga-track-black-3\/"},"modified":"2026-01-29T15:05:54","modified_gmt":"2026-01-29T12:05:54","slug":"balenciaga-track-black-3","status":"publish","type":"product","link":"https:\/\/nextsnkr.com\/de\/produkt\/balenciaga-track-black-3\/","title":{"rendered":"Balenciaga Track Black Sneakers-Leder f\u00fcr Herren, Stil und Komfort"},"content":{"rendered":"<h2>Balenciaga Track Black Sneakers-Leder f\u00fcr Herren, Stil und Komfort<\/h2>\n<p>&nbsp;<\/p>\n<p>Die Balenciaga Track Black Sneaker sind aus hochwertigem Leder gefertigt und zeichnen sich durch eine robuste Konstruktion aus, die auch w\u00e4hrend des aktiven Gebrauchs Komfort bietet. Das moderne mehrschichtige Design verleiht einem Bild von Brutalit\u00e4t und Premium-Stil. Die sto\u00dfd\u00e4mpfende Sohle unterst\u00fctzt den Fu\u00df und erleichtert die Schritte. Die hohe Qualit\u00e4t der Produktion aus Vietnam garantiert Langlebigkeit. W\u00e4hlen Sie Balenciaga Track f\u00fcr die ultimative Kombination aus Stil und Komfort.<\/p>\n","protected":false},"excerpt":{"rendered":"<p>Die Balenciaga Track Black Sneaker sind aus hochwertigem Leder gefertigt und zeichnen sich durch eine robuste Konstruktion aus, die auch w\u00e4hrend des aktiven Gebrauchs Komfort bietet. Das moderne mehrschichtige Design verleiht einem Bild von Brutalit\u00e4t und Premium-Stil. Die sto\u00dfd\u00e4mpfende Sohle unterst\u00fctzt den Fu\u00df und erleichtert die Schritte. Die hohe Qualit\u00e4t der Produktion aus Vietnam garantiert Langlebigkeit. W\u00e4hlen Sie Balenciaga Track f\u00fcr die ultimative Kombination aus Stil und Komfort.<\/p>\n","protected":false},"featured_media":785517,"comment_status":"open","ping_status":"open","template":"","meta":[],"product_brand":[],"product_cat":[3225,3226],"product_tag":[],"class_list":{"0":"post-785516","1":"product","2":"type-product","3":"status-publish","4":"has-post-thumbnail","6":"product_cat-all-product","7":"product_cat-krosivky","8":"pa_rozmir-910","9":"pa_rozmir-912","10":"pa_rozmir-914","11":"pa_rozmir-915","12":"pa_rozmir-916","13":"pa_rozmir-917","14":"pa_rozmir-918","15":"pa_rozmir-919","16":"pa_rozmir-920","17":"pa_rozmir-921","18":"pa_rozmir-922","20":"first","21":"instock","22":"purchasable","23":"product-type-variable"},"_links":{"self":[{"href":"https:\/\/nextsnkr.com\/de\/wp-json\/wp\/v2\/product\/785516","targetHints":{"allow":["GET"]}}],"collection":[{"href":"https:\/\/nextsnkr.com\/de\/wp-json\/wp\/v2\/product"}],"about":[{"href":"https:\/\/nextsnkr.com\/de\/wp-json\/wp\/v2\/types\/product"}],"replies":[{"embeddable":true,"href":"https:\/\/nextsnkr.com\/de\/wp-json\/wp\/v2\/comments?post=785516"}],"version-history":[{"count":0,"href":"https:\/\/nextsnkr.com\/de\/wp-json\/wp\/v2\/product\/785516\/revisions"}],"wp:featuredmedia":[{"embeddable":true,"href":"https:\/\/nextsnkr.com\/de\/wp-json\/wp\/v2\/media\/785517"}],"wp:attachment":[{"href":"https:\/\/nextsnkr.com\/de\/wp-json\/wp\/v2\/media?parent=785516"}],"wp:term":[{"taxonomy":"product_brand","embeddable":true,"href":"https:\/\/nextsnkr.com\/de\/wp-json\/wp\/v2\/product_brand?post=785516"},{"taxonomy":"product_cat","embeddable":true,"href":"https:\/\/nextsnkr.com\/de\/wp-json\/wp\/v2\/product_cat?post=785516"},{"taxonomy":"product_tag","embeddable":true,"href":"https:\/\/nextsnkr.com\/de\/wp-json\/wp\/v2\/product_tag?post=785516"}],"curies":[{"name":"wp","href":"https:\/\/api.w.org\/{rel}","templated":true}]}}