{"id":784625,"date":"2025-06-13T10:29:16","date_gmt":"2025-06-13T07:29:16","guid":{"rendered":"https:\/\/nextsnkr.com\/product\/suede-xl-black-pink\/"},"modified":"2026-01-29T15:05:26","modified_gmt":"2026-01-29T12:05:26","slug":"suede-xl-black-pink","status":"publish","type":"product","link":"https:\/\/nextsnkr.com\/de\/produkt\/suede-xl-black-pink\/","title":{"rendered":"Suede XL Black \/ Pink Wildleder Sneakers f\u00fcr Damen &#8211; Stil und Komfort"},"content":{"rendered":"<h2>Suede XL Black \/ Pink Wildleder Sneakers f\u00fcr Damen &#8211; Stil und Komfort<\/h2>\n<p>&nbsp;<\/p>\n<p>Die Suede XL Black \/ Pink Sneakers sind aus hochwertigem Wildleder gefertigt, was f\u00fcr eine angenehme Textur und Haltbarkeit sorgt. Das Modell kombiniert stilvolle schwarze und rosa Akzente und schafft ein modernes und ausdrucksstarkes Bild. die in Vietnam hergestellten Sneakers sind durch zuverl\u00e4ssige Schneiderei und eine bequeme Passform gekennzeichnet. Eine perfekte Wahl f\u00fcr den t\u00e4glichen Verschlei\u00df und modische B\u00f6gen.<\/p>\n","protected":false},"excerpt":{"rendered":"<p>Die Suede XL Black \/ Pink Sneakers sind aus hochwertigem Wildleder gefertigt, was f\u00fcr eine angenehme Textur und Haltbarkeit sorgt. Das Modell kombiniert stilvolle schwarze und rosa Akzente und schafft ein modernes und ausdrucksstarkes Bild. die in Vietnam hergestellten Sneakers sind durch zuverl\u00e4ssige Schneiderei und eine bequeme Passform gekennzeichnet. Eine perfekte Wahl f\u00fcr den t\u00e4glichen Verschlei\u00df und modische B\u00f6gen.<\/p>\n","protected":false},"featured_media":784626,"comment_status":"open","ping_status":"open","template":"","meta":[],"product_brand":[],"product_cat":[3225,3320],"product_tag":[],"class_list":{"0":"post-784625","1":"product","2":"type-product","3":"status-publish","4":"has-post-thumbnail","6":"product_cat-all-product","7":"product_cat-kedy","8":"pa_rozmir-910","9":"pa_rozmir-912","10":"pa_rozmir-914","11":"pa_rozmir-915","12":"pa_rozmir-916","13":"pa_rozmir-917","14":"pa_rozmir-918","15":"pa_rozmir-919","16":"pa_rozmir-920","17":"pa_rozmir-921","18":"pa_rozmir-922","20":"first","21":"instock","22":"purchasable","23":"product-type-variable"},"_links":{"self":[{"href":"https:\/\/nextsnkr.com\/de\/wp-json\/wp\/v2\/product\/784625","targetHints":{"allow":["GET"]}}],"collection":[{"href":"https:\/\/nextsnkr.com\/de\/wp-json\/wp\/v2\/product"}],"about":[{"href":"https:\/\/nextsnkr.com\/de\/wp-json\/wp\/v2\/types\/product"}],"replies":[{"embeddable":true,"href":"https:\/\/nextsnkr.com\/de\/wp-json\/wp\/v2\/comments?post=784625"}],"version-history":[{"count":0,"href":"https:\/\/nextsnkr.com\/de\/wp-json\/wp\/v2\/product\/784625\/revisions"}],"wp:featuredmedia":[{"embeddable":true,"href":"https:\/\/nextsnkr.com\/de\/wp-json\/wp\/v2\/media\/784626"}],"wp:attachment":[{"href":"https:\/\/nextsnkr.com\/de\/wp-json\/wp\/v2\/media?parent=784625"}],"wp:term":[{"taxonomy":"product_brand","embeddable":true,"href":"https:\/\/nextsnkr.com\/de\/wp-json\/wp\/v2\/product_brand?post=784625"},{"taxonomy":"product_cat","embeddable":true,"href":"https:\/\/nextsnkr.com\/de\/wp-json\/wp\/v2\/product_cat?post=784625"},{"taxonomy":"product_tag","embeddable":true,"href":"https:\/\/nextsnkr.com\/de\/wp-json\/wp\/v2\/product_tag?post=784625"}],"curies":[{"name":"wp","href":"https:\/\/api.w.org\/{rel}","templated":true}]}}