{"id":783969,"date":"2025-06-13T10:30:22","date_gmt":"2025-06-13T07:30:22","guid":{"rendered":"https:\/\/nextsnkr.com\/product\/puma-suede-white-silver-toe\/"},"modified":"2026-01-29T15:05:04","modified_gmt":"2026-01-29T12:05:04","slug":"puma-suede-white-silver-toe","status":"publish","type":"product","link":"https:\/\/nextsnkr.com\/de\/produkt\/puma-suede-white-silver-toe\/","title":{"rendered":"Puma Suede White Silver Toe Sneakers aus Leder-Stilvolle Sneakers f\u00fcr Damen \/ Herren"},"content":{"rendered":"<h2>Puma Suede White Silver Toe Sneakers aus Leder-Stilvolle Sneakers f\u00fcr Damen \/ Herren<\/h2>\n<p>&nbsp;<\/p>\n<p>Die Puma Suede White Silver Toe Sneakers sind ein elegantes und vielseitiges Modell, das klassisches Design und modernen Stil kombiniert. Sie sind aus Leder gefertigt und bieten Komfort, Weichheit und Langlebigkeit beim t\u00e4glichen Tragen. Die silberne Socke verleiht dem Bild Originalit\u00e4t, und die hochwertige Produktion in Vietnam garantiert Zuverl\u00e4ssigkeit. Diese Sneakers lassen sich leicht mit jedem Casual-Bogen kombinieren und sind eine gute Wahl f\u00fcr diejenigen, die Stil und Komfort sch\u00e4tzen.<\/p>\n","protected":false},"excerpt":{"rendered":"<p>Die Puma Suede White Silver Toe Sneakers sind ein elegantes und vielseitiges Modell, das klassisches Design und modernen Stil kombiniert. Sie sind aus Leder gefertigt und bieten Komfort, Weichheit und Langlebigkeit beim t\u00e4glichen Tragen. Die silberne Socke verleiht dem Bild Originalit\u00e4t, und die hochwertige Produktion in Vietnam garantiert Zuverl\u00e4ssigkeit. Diese Sneakers lassen sich leicht mit jedem Casual-Bogen kombinieren und sind eine gute Wahl f\u00fcr diejenigen, die Stil und Komfort sch\u00e4tzen.<\/p>\n","protected":false},"featured_media":783970,"comment_status":"open","ping_status":"open","template":"","meta":[],"product_brand":[],"product_cat":[3225,3320],"product_tag":[],"class_list":{"0":"post-783969","1":"product","2":"type-product","3":"status-publish","4":"has-post-thumbnail","6":"product_cat-all-product","7":"product_cat-kedy","8":"pa_rozmir-910","9":"pa_rozmir-912","10":"pa_rozmir-914","11":"pa_rozmir-915","12":"pa_rozmir-916","13":"pa_rozmir-917","14":"pa_rozmir-918","15":"pa_rozmir-919","16":"pa_rozmir-920","17":"pa_rozmir-921","18":"pa_rozmir-922","20":"first","21":"onbackorder","22":"purchasable","23":"product-type-variable"},"_links":{"self":[{"href":"https:\/\/nextsnkr.com\/de\/wp-json\/wp\/v2\/product\/783969","targetHints":{"allow":["GET"]}}],"collection":[{"href":"https:\/\/nextsnkr.com\/de\/wp-json\/wp\/v2\/product"}],"about":[{"href":"https:\/\/nextsnkr.com\/de\/wp-json\/wp\/v2\/types\/product"}],"replies":[{"embeddable":true,"href":"https:\/\/nextsnkr.com\/de\/wp-json\/wp\/v2\/comments?post=783969"}],"version-history":[{"count":0,"href":"https:\/\/nextsnkr.com\/de\/wp-json\/wp\/v2\/product\/783969\/revisions"}],"wp:featuredmedia":[{"embeddable":true,"href":"https:\/\/nextsnkr.com\/de\/wp-json\/wp\/v2\/media\/783970"}],"wp:attachment":[{"href":"https:\/\/nextsnkr.com\/de\/wp-json\/wp\/v2\/media?parent=783969"}],"wp:term":[{"taxonomy":"product_brand","embeddable":true,"href":"https:\/\/nextsnkr.com\/de\/wp-json\/wp\/v2\/product_brand?post=783969"},{"taxonomy":"product_cat","embeddable":true,"href":"https:\/\/nextsnkr.com\/de\/wp-json\/wp\/v2\/product_cat?post=783969"},{"taxonomy":"product_tag","embeddable":true,"href":"https:\/\/nextsnkr.com\/de\/wp-json\/wp\/v2\/product_tag?post=783969"}],"curies":[{"name":"wp","href":"https:\/\/api.w.org\/{rel}","templated":true}]}}