{"id":782914,"date":"2025-06-13T10:32:12","date_gmt":"2025-06-13T07:32:12","guid":{"rendered":"https:\/\/nextsnkr.com\/product\/1906r-white-rain-cloud-silver-metallic\/"},"modified":"2026-01-29T15:04:38","modified_gmt":"2026-01-29T12:04:38","slug":"1906r-white-rain-cloud-silver-metallic-2","status":"publish","type":"product","link":"https:\/\/nextsnkr.com\/de\/produkt\/1906r-white-rain-cloud-silver-metallic-2\/","title":{"rendered":"Sneakers 19006r White Rain Cloud Silver Metallic-Leder &#038; Textilien"},"content":{"rendered":"<h2>Sneakers 19006r White Rain Cloud Silver Metallic-Leder &#038; Textilien<\/h2>\n<p>&nbsp;<\/p>\n<p>Die 19006r White Rain Cloud Silver Metallic Sneakers kombinieren stilvolles Design mit hochwertigen Materialien wie Naturleder und Textilien. Das Modell bietet Komfort, Leichtigkeit und Haltbarkeit im t\u00e4glichen Tragen. Die Schattierungen von Wei\u00df und Silber machen die Schuhe f\u00fcr verschiedene Looks universell, und die Produktion in Vietnam garantiert Zuverl\u00e4ssigkeit und ordentliche Ausf\u00fchrung. Eine ideale Wahl f\u00fcr diejenigen, die Markenschuhe und ein stilvolles, modernes Aussehen sch\u00e4tzen. Code: N3001-805411.<\/p>\n","protected":false},"excerpt":{"rendered":"<p>Die 19006r White Rain Cloud Silver Metallic Sneakers kombinieren stilvolles Design mit hochwertigen Materialien wie Naturleder und Textilien. Das Modell bietet Komfort, Leichtigkeit und Haltbarkeit im t\u00e4glichen Tragen. Die Schattierungen von Wei\u00df und Silber machen die Schuhe f\u00fcr verschiedene Looks universell, und die Produktion in Vietnam garantiert Zuverl\u00e4ssigkeit und ordentliche Ausf\u00fchrung. Eine ideale Wahl f\u00fcr diejenigen, die Markenschuhe und ein stilvolles, modernes Aussehen sch\u00e4tzen. Code: N3001-805411.<\/p>\n","protected":false},"featured_media":782915,"comment_status":"open","ping_status":"open","template":"","meta":[],"product_brand":[],"product_cat":[3225,3226],"product_tag":[],"class_list":{"0":"post-782914","1":"product","2":"type-product","3":"status-publish","4":"has-post-thumbnail","6":"product_cat-all-product","7":"product_cat-krosivky","8":"pa_rozmir-910","9":"pa_rozmir-912","10":"pa_rozmir-914","11":"pa_rozmir-915","12":"pa_rozmir-916","13":"pa_rozmir-917","14":"pa_rozmir-918","15":"pa_rozmir-919","16":"pa_rozmir-920","17":"pa_rozmir-921","19":"first","20":"instock","21":"purchasable","22":"product-type-variable"},"_links":{"self":[{"href":"https:\/\/nextsnkr.com\/de\/wp-json\/wp\/v2\/product\/782914","targetHints":{"allow":["GET"]}}],"collection":[{"href":"https:\/\/nextsnkr.com\/de\/wp-json\/wp\/v2\/product"}],"about":[{"href":"https:\/\/nextsnkr.com\/de\/wp-json\/wp\/v2\/types\/product"}],"replies":[{"embeddable":true,"href":"https:\/\/nextsnkr.com\/de\/wp-json\/wp\/v2\/comments?post=782914"}],"version-history":[{"count":0,"href":"https:\/\/nextsnkr.com\/de\/wp-json\/wp\/v2\/product\/782914\/revisions"}],"wp:featuredmedia":[{"embeddable":true,"href":"https:\/\/nextsnkr.com\/de\/wp-json\/wp\/v2\/media\/782915"}],"wp:attachment":[{"href":"https:\/\/nextsnkr.com\/de\/wp-json\/wp\/v2\/media?parent=782914"}],"wp:term":[{"taxonomy":"product_brand","embeddable":true,"href":"https:\/\/nextsnkr.com\/de\/wp-json\/wp\/v2\/product_brand?post=782914"},{"taxonomy":"product_cat","embeddable":true,"href":"https:\/\/nextsnkr.com\/de\/wp-json\/wp\/v2\/product_cat?post=782914"},{"taxonomy":"product_tag","embeddable":true,"href":"https:\/\/nextsnkr.com\/de\/wp-json\/wp\/v2\/product_tag?post=782914"}],"curies":[{"name":"wp","href":"https:\/\/api.w.org\/{rel}","templated":true}]}}