{"id":782715,"date":"2025-06-13T10:32:32","date_gmt":"2025-06-13T07:32:32","guid":{"rendered":"https:\/\/nextsnkr.com\/product\/1906r-black-metallic-silver\/"},"modified":"2026-01-29T15:04:34","modified_gmt":"2026-01-29T12:04:34","slug":"1906r-black-metallic-silver-2","status":"publish","type":"product","link":"https:\/\/nextsnkr.com\/de\/produkt\/1906r-black-metallic-silver-2\/","title":{"rendered":"Sneakers 1906r Black Metallic Silver-Leder- und Textil-Sneakers f\u00fcr Herren"},"content":{"rendered":"<h2>Sneakers 1906r Black Metallic Silver-Leder- und Textil-Sneakers f\u00fcr Herren<\/h2>\n<p>&nbsp;<\/p>\n<p>Die 1906r Black Metallic Silver Sneakers kombinieren modernes Design, Zuverl\u00e4ssigkeit und Komfort. Sie bestehen aus einer Kombination aus Leder und Textilien und sorgen f\u00fcr Haltbarkeit, Bel\u00fcftung und eine bequeme Passform. Die stilvolle Kombination aus Schwarz und Metallic-Silber macht das Modell vielseitig f\u00fcr den Alltag, das Training und die Outdoor-Aktivit\u00e4ten. Der Vietnam-Hersteller garantiert die Schneiderqualit\u00e4t und Haltbarkeit. 1906r Black Metallic Silver ist eine ausgezeichnete Wahl f\u00fcr diejenigen, die Stil, Komfort und robuste Materialien sch\u00e4tzen.<\/p>\n","protected":false},"excerpt":{"rendered":"<p>Die 1906r Black Metallic Silver Sneakers kombinieren modernes Design, Zuverl\u00e4ssigkeit und Komfort. Sie bestehen aus einer Kombination aus Leder und Textilien und sorgen f\u00fcr Haltbarkeit, Bel\u00fcftung und eine bequeme Passform. Die stilvolle Kombination aus Schwarz und Metallic-Silber macht das Modell vielseitig f\u00fcr den Alltag, das Training und die Outdoor-Aktivit\u00e4ten. Der Vietnam-Hersteller garantiert die Schneiderqualit\u00e4t und Haltbarkeit. 1906r Black Metallic Silver ist eine ausgezeichnete Wahl f\u00fcr diejenigen, die Stil, Komfort und robuste Materialien sch\u00e4tzen.<\/p>\n","protected":false},"featured_media":782716,"comment_status":"open","ping_status":"open","template":"","meta":[],"product_brand":[],"product_cat":[3225,3226],"product_tag":[],"class_list":{"0":"post-782715","1":"product","2":"type-product","3":"status-publish","4":"has-post-thumbnail","6":"product_cat-all-product","7":"product_cat-krosivky","8":"pa_rozmir-910","9":"pa_rozmir-912","10":"pa_rozmir-914","11":"pa_rozmir-915","12":"pa_rozmir-916","13":"pa_rozmir-917","14":"pa_rozmir-918","15":"pa_rozmir-919","16":"pa_rozmir-920","17":"pa_rozmir-921","19":"first","20":"instock","21":"purchasable","22":"product-type-variable"},"_links":{"self":[{"href":"https:\/\/nextsnkr.com\/de\/wp-json\/wp\/v2\/product\/782715","targetHints":{"allow":["GET"]}}],"collection":[{"href":"https:\/\/nextsnkr.com\/de\/wp-json\/wp\/v2\/product"}],"about":[{"href":"https:\/\/nextsnkr.com\/de\/wp-json\/wp\/v2\/types\/product"}],"replies":[{"embeddable":true,"href":"https:\/\/nextsnkr.com\/de\/wp-json\/wp\/v2\/comments?post=782715"}],"version-history":[{"count":0,"href":"https:\/\/nextsnkr.com\/de\/wp-json\/wp\/v2\/product\/782715\/revisions"}],"wp:featuredmedia":[{"embeddable":true,"href":"https:\/\/nextsnkr.com\/de\/wp-json\/wp\/v2\/media\/782716"}],"wp:attachment":[{"href":"https:\/\/nextsnkr.com\/de\/wp-json\/wp\/v2\/media?parent=782715"}],"wp:term":[{"taxonomy":"product_brand","embeddable":true,"href":"https:\/\/nextsnkr.com\/de\/wp-json\/wp\/v2\/product_brand?post=782715"},{"taxonomy":"product_cat","embeddable":true,"href":"https:\/\/nextsnkr.com\/de\/wp-json\/wp\/v2\/product_cat?post=782715"},{"taxonomy":"product_tag","embeddable":true,"href":"https:\/\/nextsnkr.com\/de\/wp-json\/wp\/v2\/product_tag?post=782715"}],"curies":[{"name":"wp","href":"https:\/\/api.w.org\/{rel}","templated":true}]}}