{"id":782283,"date":"2025-06-13T10:33:13","date_gmt":"2025-06-13T07:33:13","guid":{"rendered":"https:\/\/nextsnkr.com\/product\/dr-martens-jadon-white\/"},"modified":"2026-01-29T15:04:26","modified_gmt":"2026-01-29T12:04:26","slug":"dr-martens-jadon-white","status":"publish","type":"product","link":"https:\/\/nextsnkr.com\/de\/produkt\/dr-martens-jadon-white\/","title":{"rendered":"Dr. Stiefel. Martens Jadon White &#8211; Wei\u00dfe hohe Stiefel ohne Fell"},"content":{"rendered":"<h2>Dr. Stiefel. Martens Jadon White &#8211; Wei\u00dfe hohe Stiefel ohne Fell<\/h2>\n<p>&nbsp;<\/p>\n<p>Dr. Stiefel. Das Martens Jadon White ist ein stilvolles und erkennbares Modell, das St\u00e4rke, Komfort und ikonisches Design kombiniert. Sie sind aus hochwertigem, glattem Material gefertigt und zeichnen sich durch erh\u00f6hte Verschlei\u00dffestigkeit und Komfort beim t\u00e4glichen Tragen aus. Die hohe Sohle bietet eine zuverl\u00e4ssige Unterst\u00fctzung und verleiht dem Bild Ausdruckskraft. Wei\u00df Dr. Martens Jadon ist die perfekte Wahl f\u00fcr diejenigen, die den k\u00fchnen Stil, die Praktikabilit\u00e4t und die Haltbarkeit von Schuhen sch\u00e4tzen.<\/p>\n","protected":false},"excerpt":{"rendered":"<p>Dr. Stiefel. Das Martens Jadon White ist ein stilvolles und erkennbares Modell, das St\u00e4rke, Komfort und ikonisches Design kombiniert. Sie sind aus hochwertigem, glattem Material gefertigt und zeichnen sich durch erh\u00f6hte Verschlei\u00dffestigkeit und Komfort beim t\u00e4glichen Tragen aus. Die hohe Sohle bietet eine zuverl\u00e4ssige Unterst\u00fctzung und verleiht dem Bild Ausdruckskraft. Wei\u00df Dr. Martens Jadon ist die perfekte Wahl f\u00fcr diejenigen, die den k\u00fchnen Stil, die Praktikabilit\u00e4t und die Haltbarkeit von Schuhen sch\u00e4tzen.<\/p>\n","protected":false},"featured_media":782284,"comment_status":"open","ping_status":"open","template":"","meta":[],"product_brand":[2398],"product_cat":[3618,3225,3333],"product_tag":[],"class_list":{"0":"post-782283","1":"product","2":"type-product","3":"status-publish","4":"has-post-thumbnail","6":"product_brand-dr-martens","7":"product_cat-dr-martens","8":"product_cat-all-product","9":"product_cat-cherevyky","10":"pa_rozmir-910","11":"pa_rozmir-912","12":"pa_rozmir-914","13":"pa_rozmir-915","14":"pa_rozmir-916","15":"pa_rozmir-917","16":"pa_rozmir-918","17":"pa_rozmir-919","18":"pa_rozmir-920","19":"pa_rozmir-921","20":"pa_rozmir-922","22":"first","23":"onbackorder","24":"purchasable","25":"product-type-variable"},"_links":{"self":[{"href":"https:\/\/nextsnkr.com\/de\/wp-json\/wp\/v2\/product\/782283","targetHints":{"allow":["GET"]}}],"collection":[{"href":"https:\/\/nextsnkr.com\/de\/wp-json\/wp\/v2\/product"}],"about":[{"href":"https:\/\/nextsnkr.com\/de\/wp-json\/wp\/v2\/types\/product"}],"replies":[{"embeddable":true,"href":"https:\/\/nextsnkr.com\/de\/wp-json\/wp\/v2\/comments?post=782283"}],"version-history":[{"count":0,"href":"https:\/\/nextsnkr.com\/de\/wp-json\/wp\/v2\/product\/782283\/revisions"}],"wp:featuredmedia":[{"embeddable":true,"href":"https:\/\/nextsnkr.com\/de\/wp-json\/wp\/v2\/media\/782284"}],"wp:attachment":[{"href":"https:\/\/nextsnkr.com\/de\/wp-json\/wp\/v2\/media?parent=782283"}],"wp:term":[{"taxonomy":"product_brand","embeddable":true,"href":"https:\/\/nextsnkr.com\/de\/wp-json\/wp\/v2\/product_brand?post=782283"},{"taxonomy":"product_cat","embeddable":true,"href":"https:\/\/nextsnkr.com\/de\/wp-json\/wp\/v2\/product_cat?post=782283"},{"taxonomy":"product_tag","embeddable":true,"href":"https:\/\/nextsnkr.com\/de\/wp-json\/wp\/v2\/product_tag?post=782283"}],"curies":[{"name":"wp","href":"https:\/\/api.w.org\/{rel}","templated":true}]}}