{"id":781324,"date":"2025-06-13T10:34:55","date_gmt":"2025-06-13T07:34:55","guid":{"rendered":"https:\/\/nextsnkr.com\/product\/adidas-ozweego-beige\/"},"modified":"2026-01-29T15:03:56","modified_gmt":"2026-01-29T12:03:56","slug":"adidas-ozweego-beige-2","status":"publish","type":"product","link":"https:\/\/nextsnkr.com\/de\/produkt\/adidas-ozweego-beige-2\/","title":{"rendered":"Adidas Ozweego Beige Sneakers-Leder und Textilien f\u00fcr Komfort"},"content":{"rendered":"<h2>Adidas Ozweego Beige Sneakers-Leder und Textilien f\u00fcr Komfort<\/h2>\n<p>&nbsp;<\/p>\n<p>Die stilvollen Adidas Ozweego Beige Sneakers kombinieren nat\u00fcrliches Leder und atmungsaktive Textilien und sorgen f\u00fcr hohen Komfort und Haltbarkeit. Das beige Design macht das Modell vielseitig f\u00fcr allt\u00e4gliche Bilder. Dank der durchdachten D\u00e4mpfung sind die Turnschuhe f\u00fcr aktive Bewegung und langes Tragen geeignet. Hergestellt in Vietnam, kombinieren sie Qualit\u00e4t, modernen Stil und Praktikabilit\u00e4t \u2014 die perfekte Wahl f\u00fcr den t\u00e4glichen Gebrauch.<\/p>\n","protected":false},"excerpt":{"rendered":"<p>Die stilvollen Adidas Ozweego Beige Sneakers kombinieren nat\u00fcrliches Leder und atmungsaktive Textilien und sorgen f\u00fcr hohen Komfort und Haltbarkeit. Das beige Design macht das Modell vielseitig f\u00fcr allt\u00e4gliche Bilder. Dank der durchdachten D\u00e4mpfung sind die Turnschuhe f\u00fcr aktive Bewegung und langes Tragen geeignet. Hergestellt in Vietnam, kombinieren sie Qualit\u00e4t, modernen Stil und Praktikabilit\u00e4t \u2014 die perfekte Wahl f\u00fcr den t\u00e4glichen Gebrauch.<\/p>\n","protected":false},"featured_media":781325,"comment_status":"open","ping_status":"open","template":"","meta":[],"product_brand":[],"product_cat":[3225,3226],"product_tag":[],"class_list":{"0":"post-781324","1":"product","2":"type-product","3":"status-publish","4":"has-post-thumbnail","6":"product_cat-all-product","7":"product_cat-krosivky","8":"pa_rozmir-910","9":"pa_rozmir-912","10":"pa_rozmir-914","11":"pa_rozmir-915","12":"pa_rozmir-916","13":"pa_rozmir-917","14":"pa_rozmir-918","15":"pa_rozmir-919","16":"pa_rozmir-920","17":"pa_rozmir-921","18":"pa_rozmir-922","20":"first","21":"instock","22":"purchasable","23":"product-type-variable"},"_links":{"self":[{"href":"https:\/\/nextsnkr.com\/de\/wp-json\/wp\/v2\/product\/781324","targetHints":{"allow":["GET"]}}],"collection":[{"href":"https:\/\/nextsnkr.com\/de\/wp-json\/wp\/v2\/product"}],"about":[{"href":"https:\/\/nextsnkr.com\/de\/wp-json\/wp\/v2\/types\/product"}],"replies":[{"embeddable":true,"href":"https:\/\/nextsnkr.com\/de\/wp-json\/wp\/v2\/comments?post=781324"}],"version-history":[{"count":0,"href":"https:\/\/nextsnkr.com\/de\/wp-json\/wp\/v2\/product\/781324\/revisions"}],"wp:featuredmedia":[{"embeddable":true,"href":"https:\/\/nextsnkr.com\/de\/wp-json\/wp\/v2\/media\/781325"}],"wp:attachment":[{"href":"https:\/\/nextsnkr.com\/de\/wp-json\/wp\/v2\/media?parent=781324"}],"wp:term":[{"taxonomy":"product_brand","embeddable":true,"href":"https:\/\/nextsnkr.com\/de\/wp-json\/wp\/v2\/product_brand?post=781324"},{"taxonomy":"product_cat","embeddable":true,"href":"https:\/\/nextsnkr.com\/de\/wp-json\/wp\/v2\/product_cat?post=781324"},{"taxonomy":"product_tag","embeddable":true,"href":"https:\/\/nextsnkr.com\/de\/wp-json\/wp\/v2\/product_tag?post=781324"}],"curies":[{"name":"wp","href":"https:\/\/api.w.org\/{rel}","templated":true}]}}