{"id":772006,"date":"2025-06-13T10:56:11","date_gmt":"2025-06-13T07:56:11","guid":{"rendered":"https:\/\/nextsnkr.com\/product\/nike-air-force-1-low-07-essenti-mocco-3\/"},"modified":"2026-01-29T14:59:38","modified_gmt":"2026-01-29T11:59:38","slug":"nike-air-force-1-low-07-essenti-mocco-3","status":"publish","type":"product","link":"https:\/\/nextsnkr.com\/de\/produkt\/nike-air-force-1-low-07-essenti-mocco-3\/","title":{"rendered":"Nike Air Force 1 Low 07 Essenti Mocco Sneaker-Stilvolle Lederschuhe"},"content":{"rendered":"<h2>Nike Air Force 1 Low 07 Essenti Mocco Sneaker-Stilvolle Lederschuhe<\/h2>\n<p>&nbsp;<\/p>\n<p>Die Nike Air Force 1 Low 07 Essenti Mocco Sneakers sind aus hochwertigem echtem Leder gefertigt und bieten Komfort, Haltbarkeit und Haltbarkeit. Der klassische braune Farbton von Mocco verleiht dem Look Eleganz und Vielseitigkeit, eignet sich f\u00fcr das t\u00e4gliche Tragen und den urbanen Stil. Das Modell aus Vietnam kombiniert das legend\u00e4re Design der Air Force 1 mit modernen Details und garantiert eine bequeme Passform und zuverl\u00e4ssige D\u00e4mpfung. Eine ideale Wahl f\u00fcr Kenner von Marke und Qualit\u00e4t.<\/p>\n","protected":false},"excerpt":{"rendered":"<p>Die Nike Air Force 1 Low 07 Essenti Mocco Sneakers sind aus hochwertigem echtem Leder gefertigt und bieten Komfort, Haltbarkeit und Haltbarkeit. Der klassische braune Farbton von Mocco verleiht dem Look Eleganz und Vielseitigkeit, eignet sich f\u00fcr das t\u00e4gliche Tragen und den urbanen Stil. Das Modell aus Vietnam kombiniert das legend\u00e4re Design der Air Force 1 mit modernen Details und garantiert eine bequeme Passform und zuverl\u00e4ssige D\u00e4mpfung. Eine ideale Wahl f\u00fcr Kenner von Marke und Qualit\u00e4t.<\/p>\n","protected":false},"featured_media":772007,"comment_status":"open","ping_status":"open","template":"","meta":[],"product_brand":[],"product_cat":[3225,3320],"product_tag":[],"class_list":{"0":"post-772006","1":"product","2":"type-product","3":"status-publish","4":"has-post-thumbnail","6":"product_cat-all-product","7":"product_cat-kedy","8":"pa_rozmir-910","9":"pa_rozmir-912","10":"pa_rozmir-914","11":"pa_rozmir-915","12":"pa_rozmir-916","13":"pa_rozmir-917","14":"pa_rozmir-918","15":"pa_rozmir-919","16":"pa_rozmir-920","17":"pa_rozmir-921","18":"pa_rozmir-922","20":"first","21":"onbackorder","22":"purchasable","23":"product-type-variable"},"_links":{"self":[{"href":"https:\/\/nextsnkr.com\/de\/wp-json\/wp\/v2\/product\/772006","targetHints":{"allow":["GET"]}}],"collection":[{"href":"https:\/\/nextsnkr.com\/de\/wp-json\/wp\/v2\/product"}],"about":[{"href":"https:\/\/nextsnkr.com\/de\/wp-json\/wp\/v2\/types\/product"}],"replies":[{"embeddable":true,"href":"https:\/\/nextsnkr.com\/de\/wp-json\/wp\/v2\/comments?post=772006"}],"version-history":[{"count":0,"href":"https:\/\/nextsnkr.com\/de\/wp-json\/wp\/v2\/product\/772006\/revisions"}],"wp:featuredmedia":[{"embeddable":true,"href":"https:\/\/nextsnkr.com\/de\/wp-json\/wp\/v2\/media\/772007"}],"wp:attachment":[{"href":"https:\/\/nextsnkr.com\/de\/wp-json\/wp\/v2\/media?parent=772006"}],"wp:term":[{"taxonomy":"product_brand","embeddable":true,"href":"https:\/\/nextsnkr.com\/de\/wp-json\/wp\/v2\/product_brand?post=772006"},{"taxonomy":"product_cat","embeddable":true,"href":"https:\/\/nextsnkr.com\/de\/wp-json\/wp\/v2\/product_cat?post=772006"},{"taxonomy":"product_tag","embeddable":true,"href":"https:\/\/nextsnkr.com\/de\/wp-json\/wp\/v2\/product_tag?post=772006"}],"curies":[{"name":"wp","href":"https:\/\/api.w.org\/{rel}","templated":true}]}}