{"id":771497,"date":"2025-06-13T10:57:13","date_gmt":"2025-06-13T07:57:13","guid":{"rendered":"https:\/\/nextsnkr.com\/product\/nike-af1-lx-chrome-swooshees-white\/"},"modified":"2026-01-29T14:59:14","modified_gmt":"2026-01-29T11:59:14","slug":"nike-af1-lx-chrome-swooshees-white","status":"publish","type":"product","link":"https:\/\/nextsnkr.com\/de\/produkt\/nike-af1-lx-chrome-swooshees-white\/","title":{"rendered":"Turnschuhe Nike AF1 Chrome LX Swooshees White-Leder stilvolle Turnschuhe"},"content":{"rendered":"<h2>Turnschuhe Nike AF1 Chrome LX Swooshees White-Leder stilvolle Turnschuhe<\/h2>\n<p>&nbsp;<\/p>\n<p>Die Nike AF1 LX Chrome Swooshees White Sneakers sind aus hochwertigem echtem Leder gefertigt und garantieren Langlebigkeit und Tragekomfort beim t\u00e4glichen Tragen. Die hellen Chromelemente und das erkennbare Swoosh-Logo verleihen dem Modell ein modernes und elegantes Aussehen. Die leichte Sohle bietet Sto\u00dfd\u00e4mpfung und Komfort beim Gehen. W\u00e4hlen Sie Nike AF1 LX Chrome Swooshees White, um Ihren Stil zu betonen und die Garderobe mit Premium-Sneakers f\u00fcr das Stadtleben zu erg\u00e4nzen.<\/p>\n","protected":false},"excerpt":{"rendered":"<p>Die Nike AF1 LX Chrome Swooshees White Sneakers sind aus hochwertigem echtem Leder gefertigt und garantieren Langlebigkeit und Tragekomfort beim t\u00e4glichen Tragen. Die hellen Chromelemente und das erkennbare Swoosh-Logo verleihen dem Modell ein modernes und elegantes Aussehen. Die leichte Sohle bietet Sto\u00dfd\u00e4mpfung und Komfort beim Gehen. W\u00e4hlen Sie Nike AF1 LX Chrome Swooshees White, um Ihren Stil zu betonen und die Garderobe mit Premium-Sneakers f\u00fcr das Stadtleben zu erg\u00e4nzen.<\/p>\n","protected":false},"featured_media":771498,"comment_status":"open","ping_status":"open","template":"","meta":[],"product_brand":[],"product_cat":[3225,3320],"product_tag":[],"class_list":{"0":"post-771497","1":"product","2":"type-product","3":"status-publish","4":"has-post-thumbnail","6":"product_cat-all-product","7":"product_cat-kedy","8":"pa_rozmir-910","9":"pa_rozmir-912","10":"pa_rozmir-914","11":"pa_rozmir-915","12":"pa_rozmir-916","13":"pa_rozmir-917","14":"pa_rozmir-918","15":"pa_rozmir-919","16":"pa_rozmir-920","17":"pa_rozmir-921","18":"pa_rozmir-922","20":"first","21":"onbackorder","22":"purchasable","23":"product-type-variable"},"_links":{"self":[{"href":"https:\/\/nextsnkr.com\/de\/wp-json\/wp\/v2\/product\/771497","targetHints":{"allow":["GET"]}}],"collection":[{"href":"https:\/\/nextsnkr.com\/de\/wp-json\/wp\/v2\/product"}],"about":[{"href":"https:\/\/nextsnkr.com\/de\/wp-json\/wp\/v2\/types\/product"}],"replies":[{"embeddable":true,"href":"https:\/\/nextsnkr.com\/de\/wp-json\/wp\/v2\/comments?post=771497"}],"version-history":[{"count":0,"href":"https:\/\/nextsnkr.com\/de\/wp-json\/wp\/v2\/product\/771497\/revisions"}],"wp:featuredmedia":[{"embeddable":true,"href":"https:\/\/nextsnkr.com\/de\/wp-json\/wp\/v2\/media\/771498"}],"wp:attachment":[{"href":"https:\/\/nextsnkr.com\/de\/wp-json\/wp\/v2\/media?parent=771497"}],"wp:term":[{"taxonomy":"product_brand","embeddable":true,"href":"https:\/\/nextsnkr.com\/de\/wp-json\/wp\/v2\/product_brand?post=771497"},{"taxonomy":"product_cat","embeddable":true,"href":"https:\/\/nextsnkr.com\/de\/wp-json\/wp\/v2\/product_cat?post=771497"},{"taxonomy":"product_tag","embeddable":true,"href":"https:\/\/nextsnkr.com\/de\/wp-json\/wp\/v2\/product_tag?post=771497"}],"curies":[{"name":"wp","href":"https:\/\/api.w.org\/{rel}","templated":true}]}}