{"id":771327,"date":"2025-06-13T10:58:09","date_gmt":"2025-06-13T07:58:09","guid":{"rendered":"https:\/\/nextsnkr.com\/product\/nike-af1-lx-chrome-swooshees-white-black\/"},"modified":"2026-01-29T14:59:09","modified_gmt":"2026-01-29T11:59:09","slug":"nike-af1-lx-chrome-swooshees-white-black","status":"publish","type":"product","link":"https:\/\/nextsnkr.com\/de\/produkt\/nike-af1-lx-chrome-swooshees-white-black\/","title":{"rendered":"Nike AF1 LX Chrome Swooshes White \/ Black Sneakers aus Leder-ein Premium-Style"},"content":{"rendered":"<h2>Nike AF1 LX Chrome Swooshes White \/ Black Sneakers aus Leder-ein Premium-Style<\/h2>\n<p>&nbsp;<\/p>\n<p>Die Nike AF1 LX Chrome Swooshes White \/ Black Sneakers sind das legend\u00e4re Air Force 1-Design in Premium-Ausf\u00fchrung. Echtes Leder bietet eine hohe Festigkeit und Haltbarkeit, w\u00e4hrend die verchromten Logos einen einzigartigen Akzent und ein stilvolles Aussehen verleihen. Hergestellt in Vietnam, garantieren sie Komfort, eine sichere Passform und Vielseitigkeit in allt\u00e4glichen Bildern. Eine ideale Wahl f\u00fcr Kenner von hochwertigen Schuhen.<\/p>\n","protected":false},"excerpt":{"rendered":"<p>Die Nike AF1 LX Chrome Swooshes White \/ Black Sneakers sind das legend\u00e4re Air Force 1-Design in Premium-Ausf\u00fchrung. Echtes Leder bietet eine hohe Festigkeit und Haltbarkeit, w\u00e4hrend die verchromten Logos einen einzigartigen Akzent und ein stilvolles Aussehen verleihen. Hergestellt in Vietnam, garantieren sie Komfort, eine sichere Passform und Vielseitigkeit in allt\u00e4glichen Bildern. Eine ideale Wahl f\u00fcr Kenner von hochwertigen Schuhen.<\/p>\n","protected":false},"featured_media":771328,"comment_status":"open","ping_status":"open","template":"","meta":[],"product_brand":[],"product_cat":[3225,3320],"product_tag":[],"class_list":{"0":"post-771327","1":"product","2":"type-product","3":"status-publish","4":"has-post-thumbnail","6":"product_cat-all-product","7":"product_cat-kedy","8":"pa_rozmir-910","9":"pa_rozmir-912","10":"pa_rozmir-914","11":"pa_rozmir-915","12":"pa_rozmir-916","13":"pa_rozmir-917","14":"pa_rozmir-918","15":"pa_rozmir-919","16":"pa_rozmir-920","17":"pa_rozmir-921","18":"pa_rozmir-922","20":"first","21":"onbackorder","22":"purchasable","23":"product-type-variable"},"_links":{"self":[{"href":"https:\/\/nextsnkr.com\/de\/wp-json\/wp\/v2\/product\/771327","targetHints":{"allow":["GET"]}}],"collection":[{"href":"https:\/\/nextsnkr.com\/de\/wp-json\/wp\/v2\/product"}],"about":[{"href":"https:\/\/nextsnkr.com\/de\/wp-json\/wp\/v2\/types\/product"}],"replies":[{"embeddable":true,"href":"https:\/\/nextsnkr.com\/de\/wp-json\/wp\/v2\/comments?post=771327"}],"version-history":[{"count":0,"href":"https:\/\/nextsnkr.com\/de\/wp-json\/wp\/v2\/product\/771327\/revisions"}],"wp:featuredmedia":[{"embeddable":true,"href":"https:\/\/nextsnkr.com\/de\/wp-json\/wp\/v2\/media\/771328"}],"wp:attachment":[{"href":"https:\/\/nextsnkr.com\/de\/wp-json\/wp\/v2\/media?parent=771327"}],"wp:term":[{"taxonomy":"product_brand","embeddable":true,"href":"https:\/\/nextsnkr.com\/de\/wp-json\/wp\/v2\/product_brand?post=771327"},{"taxonomy":"product_cat","embeddable":true,"href":"https:\/\/nextsnkr.com\/de\/wp-json\/wp\/v2\/product_cat?post=771327"},{"taxonomy":"product_tag","embeddable":true,"href":"https:\/\/nextsnkr.com\/de\/wp-json\/wp\/v2\/product_tag?post=771327"}],"curies":[{"name":"wp","href":"https:\/\/api.w.org\/{rel}","templated":true}]}}