{"id":770791,"date":"2025-06-13T11:06:14","date_gmt":"2025-06-13T08:06:14","guid":{"rendered":"https:\/\/nextsnkr.com\/product\/adidas-yeezy-boost-350-v2-yecheil-reflective\/"},"modified":"2026-01-29T14:58:42","modified_gmt":"2026-01-29T11:58:42","slug":"adidas-yeezy-boost-350-v2-yecheil-reflective","status":"publish","type":"product","link":"https:\/\/nextsnkr.com\/de\/produkt\/adidas-yeezy-boost-350-v2-yecheil-reflective\/","title":{"rendered":"Adidas Yeezy Boost 350 v2 Yecheil Reflective Sneaker-reflektierend, stilvoll"},"content":{"rendered":"<h2>Adidas Yeezy Boost 350 v2 Yecheil Reflective Sneaker-reflektierend, stilvoll<\/h2>\n<p>&nbsp;<\/p>\n<p>Der Adidas Yeezy Boost 350 v2 Yecheil Reflective ist ein Premium-Sneaker aus Textil mit einer reflektierenden Beschichtung, die eine spektakul\u00e4re Reflexion bietet. Das Modell zeichnet sich durch eine komfortable Boost-Sohle, die Leichtigkeit und Elastizit\u00e4t der Materialien aus. Hergestellt in Vietnam, sind sie ideal f\u00fcr den t\u00e4glichen Verschlei\u00df und einen aktiven Lebensstil. W\u00e4hlen Sie Qualit\u00e4t, Komfort und einen erkennbaren Yeezy-Stil.<\/p>\n","protected":false},"excerpt":{"rendered":"<p>Der Adidas Yeezy Boost 350 v2 Yecheil Reflective ist ein Premium-Sneaker aus Textil mit einer reflektierenden Beschichtung, die eine spektakul\u00e4re Reflexion bietet. Das Modell zeichnet sich durch eine komfortable Boost-Sohle, die Leichtigkeit und Elastizit\u00e4t der Materialien aus. Hergestellt in Vietnam, sind sie ideal f\u00fcr den t\u00e4glichen Verschlei\u00df und einen aktiven Lebensstil. W\u00e4hlen Sie Qualit\u00e4t, Komfort und einen erkennbaren Yeezy-Stil.<\/p>\n","protected":false},"featured_media":770792,"comment_status":"open","ping_status":"open","template":"","meta":[],"product_brand":[],"product_cat":[3398,3225,3226],"product_tag":[],"class_list":{"0":"post-770791","1":"product","2":"type-product","3":"status-publish","4":"has-post-thumbnail","6":"product_cat-adidas-yeezy","7":"product_cat-all-product","8":"product_cat-krosivky","9":"pa_rozmir-910","10":"pa_rozmir-912","11":"pa_rozmir-914","12":"pa_rozmir-915","13":"pa_rozmir-916","14":"pa_rozmir-917","15":"pa_rozmir-918","16":"pa_rozmir-919","17":"pa_rozmir-920","18":"pa_rozmir-921","19":"pa_rozmir-922","21":"first","22":"onbackorder","23":"purchasable","24":"product-type-variable"},"_links":{"self":[{"href":"https:\/\/nextsnkr.com\/de\/wp-json\/wp\/v2\/product\/770791","targetHints":{"allow":["GET"]}}],"collection":[{"href":"https:\/\/nextsnkr.com\/de\/wp-json\/wp\/v2\/product"}],"about":[{"href":"https:\/\/nextsnkr.com\/de\/wp-json\/wp\/v2\/types\/product"}],"replies":[{"embeddable":true,"href":"https:\/\/nextsnkr.com\/de\/wp-json\/wp\/v2\/comments?post=770791"}],"version-history":[{"count":0,"href":"https:\/\/nextsnkr.com\/de\/wp-json\/wp\/v2\/product\/770791\/revisions"}],"wp:featuredmedia":[{"embeddable":true,"href":"https:\/\/nextsnkr.com\/de\/wp-json\/wp\/v2\/media\/770792"}],"wp:attachment":[{"href":"https:\/\/nextsnkr.com\/de\/wp-json\/wp\/v2\/media?parent=770791"}],"wp:term":[{"taxonomy":"product_brand","embeddable":true,"href":"https:\/\/nextsnkr.com\/de\/wp-json\/wp\/v2\/product_brand?post=770791"},{"taxonomy":"product_cat","embeddable":true,"href":"https:\/\/nextsnkr.com\/de\/wp-json\/wp\/v2\/product_cat?post=770791"},{"taxonomy":"product_tag","embeddable":true,"href":"https:\/\/nextsnkr.com\/de\/wp-json\/wp\/v2\/product_tag?post=770791"}],"curies":[{"name":"wp","href":"https:\/\/api.w.org\/{rel}","templated":true}]}}