{"id":770203,"date":"2025-06-13T11:07:13","date_gmt":"2025-06-13T08:07:13","guid":{"rendered":"https:\/\/nextsnkr.com\/product\/puma-cali-white\/"},"modified":"2026-01-29T14:58:07","modified_gmt":"2026-01-29T11:58:07","slug":"puma-cali-white","status":"publish","type":"product","link":"https:\/\/nextsnkr.com\/de\/produkt\/puma-cali-white\/","title":{"rendered":"Puma Cali White Sneakers-Damenlederschuhe f\u00fcr den t\u00e4glichen Stil"},"content":{"rendered":"<h2>Puma Cali White Sneakers-Damenlederschuhe f\u00fcr den t\u00e4glichen Stil<\/h2>\n<p>&nbsp;<\/p>\n<p>Die stilvollen Sneakers von Puma Cali White sind eine Kombination aus klassischem Design und modernem Komfort. Sie sind aus echtem Leder gefertigt und sorgen f\u00fcr Langlebigkeit und Komfort beim t\u00e4glichen Tragen. Die leichte Sohle verleiht weiche D\u00e4mpfung und die universelle wei\u00dfe Farbe passt leicht zu jedem Look. Die ideale Wahl f\u00fcr einen aktiven urbanen Stil und Kenner von hochwertigen Schuhen von Puma.<\/p>\n","protected":false},"excerpt":{"rendered":"<p>Die stilvollen Sneakers von Puma Cali White sind eine Kombination aus klassischem Design und modernem Komfort. Sie sind aus echtem Leder gefertigt und sorgen f\u00fcr Langlebigkeit und Komfort beim t\u00e4glichen Tragen. Die leichte Sohle verleiht weiche D\u00e4mpfung und die universelle wei\u00dfe Farbe passt leicht zu jedem Look. Die ideale Wahl f\u00fcr einen aktiven urbanen Stil und Kenner von hochwertigen Schuhen von Puma.<\/p>\n","protected":false},"featured_media":770204,"comment_status":"open","ping_status":"open","template":"","meta":[],"product_brand":[],"product_cat":[3225,3320],"product_tag":[],"class_list":{"0":"post-770203","1":"product","2":"type-product","3":"status-publish","4":"has-post-thumbnail","6":"product_cat-all-product","7":"product_cat-kedy","8":"pa_rozmir-910","9":"pa_rozmir-912","10":"pa_rozmir-914","11":"pa_rozmir-915","12":"pa_rozmir-916","13":"pa_rozmir-917","14":"pa_rozmir-918","15":"pa_rozmir-919","16":"pa_rozmir-920","17":"pa_rozmir-921","18":"pa_rozmir-922","20":"first","21":"instock","22":"purchasable","23":"product-type-variable"},"_links":{"self":[{"href":"https:\/\/nextsnkr.com\/de\/wp-json\/wp\/v2\/product\/770203","targetHints":{"allow":["GET"]}}],"collection":[{"href":"https:\/\/nextsnkr.com\/de\/wp-json\/wp\/v2\/product"}],"about":[{"href":"https:\/\/nextsnkr.com\/de\/wp-json\/wp\/v2\/types\/product"}],"replies":[{"embeddable":true,"href":"https:\/\/nextsnkr.com\/de\/wp-json\/wp\/v2\/comments?post=770203"}],"version-history":[{"count":0,"href":"https:\/\/nextsnkr.com\/de\/wp-json\/wp\/v2\/product\/770203\/revisions"}],"wp:featuredmedia":[{"embeddable":true,"href":"https:\/\/nextsnkr.com\/de\/wp-json\/wp\/v2\/media\/770204"}],"wp:attachment":[{"href":"https:\/\/nextsnkr.com\/de\/wp-json\/wp\/v2\/media?parent=770203"}],"wp:term":[{"taxonomy":"product_brand","embeddable":true,"href":"https:\/\/nextsnkr.com\/de\/wp-json\/wp\/v2\/product_brand?post=770203"},{"taxonomy":"product_cat","embeddable":true,"href":"https:\/\/nextsnkr.com\/de\/wp-json\/wp\/v2\/product_cat?post=770203"},{"taxonomy":"product_tag","embeddable":true,"href":"https:\/\/nextsnkr.com\/de\/wp-json\/wp\/v2\/product_tag?post=770203"}],"curies":[{"name":"wp","href":"https:\/\/api.w.org\/{rel}","templated":true}]}}