{"id":770143,"date":"2025-06-17T22:49:35","date_gmt":"2025-06-17T19:49:35","guid":{"rendered":"https:\/\/nextsnkr.com\/product\/under-armour-black\/"},"modified":"2026-01-29T14:57:44","modified_gmt":"2026-01-29T11:57:44","slug":"under-armour-black","status":"publish","type":"product","link":"https:\/\/nextsnkr.com\/de\/produkt\/under-armour-black\/","title":{"rendered":"UNDER ARMOUR Black Acryl M\u00fctze f\u00fcr M\u00e4nner und Frauen"},"content":{"rendered":"<h2>UNDER ARMOUR Black Acryl M\u00fctze f\u00fcr M\u00e4nner und Frauen<\/h2>\n<p>&nbsp;<\/p>\n<p>UNDER ARMOUR Black ist eine stilvolle Acrylm\u00fctze in universeller Gr\u00f6\u00dfe f\u00fcr den t\u00e4glichen Gebrauch. Das weiche Material sorgt in der kalten Jahreszeit f\u00fcr W\u00e4rme und Komfort und die volumin\u00f6se Stickerei verleiht dem Bild einen hellen Akzent. Praktisch und langlebig, leicht zu waschen bei 30\u00b0C. Eine ideale Wahl f\u00fcr Outdoor-Aktivit\u00e4ten, Sport und den t\u00e4glichen Verschlei\u00df.<\/p>\n","protected":false},"excerpt":{"rendered":"<p>UNDER ARMOUR Black ist eine stilvolle Acrylm\u00fctze in universeller Gr\u00f6\u00dfe f\u00fcr den t\u00e4glichen Gebrauch. Das weiche Material sorgt in der kalten Jahreszeit f\u00fcr W\u00e4rme und Komfort und die volumin\u00f6se Stickerei verleiht dem Bild einen hellen Akzent. Praktisch und langlebig, leicht zu waschen bei 30\u00b0C. Eine ideale Wahl f\u00fcr Outdoor-Aktivit\u00e4ten, Sport und den t\u00e4glichen Verschlei\u00df.<\/p>\n","protected":false},"featured_media":770145,"comment_status":"open","ping_status":"open","template":"","meta":[],"product_brand":[],"product_cat":[3225,4450],"product_tag":[],"class_list":{"0":"post-770143","1":"product","2":"type-product","3":"status-publish","4":"has-post-thumbnail","6":"product_cat-all-product","7":"product_cat-shapky","8":"pa_rozmir-one-size","10":"first","11":"instock","12":"purchasable","13":"product-type-simple"},"_links":{"self":[{"href":"https:\/\/nextsnkr.com\/de\/wp-json\/wp\/v2\/product\/770143","targetHints":{"allow":["GET"]}}],"collection":[{"href":"https:\/\/nextsnkr.com\/de\/wp-json\/wp\/v2\/product"}],"about":[{"href":"https:\/\/nextsnkr.com\/de\/wp-json\/wp\/v2\/types\/product"}],"replies":[{"embeddable":true,"href":"https:\/\/nextsnkr.com\/de\/wp-json\/wp\/v2\/comments?post=770143"}],"version-history":[{"count":0,"href":"https:\/\/nextsnkr.com\/de\/wp-json\/wp\/v2\/product\/770143\/revisions"}],"wp:featuredmedia":[{"embeddable":true,"href":"https:\/\/nextsnkr.com\/de\/wp-json\/wp\/v2\/media\/770145"}],"wp:attachment":[{"href":"https:\/\/nextsnkr.com\/de\/wp-json\/wp\/v2\/media?parent=770143"}],"wp:term":[{"taxonomy":"product_brand","embeddable":true,"href":"https:\/\/nextsnkr.com\/de\/wp-json\/wp\/v2\/product_brand?post=770143"},{"taxonomy":"product_cat","embeddable":true,"href":"https:\/\/nextsnkr.com\/de\/wp-json\/wp\/v2\/product_cat?post=770143"},{"taxonomy":"product_tag","embeddable":true,"href":"https:\/\/nextsnkr.com\/de\/wp-json\/wp\/v2\/product_tag?post=770143"}],"curies":[{"name":"wp","href":"https:\/\/api.w.org\/{rel}","templated":true}]}}