{"id":768599,"date":"2025-06-18T18:47:11","date_gmt":"2025-06-18T15:47:11","guid":{"rendered":"https:\/\/nextsnkr.com\/product\/muzhskoe-bele-fila-blue\/"},"modified":"2026-01-29T14:56:29","modified_gmt":"2026-01-29T11:56:29","slug":"muzhskoe-bele-fila-blue","status":"publish","type":"product","link":"https:\/\/nextsnkr.com\/de\/produkt\/muzhskoe-bele-fila-blue\/","title":{"rendered":"Herrenunterw\u00e4sche FILA Blue-komfortable Baumwolle mit Elastizit\u00e4t"},"content":{"rendered":"<h2>Herrenunterw\u00e4sche FILA Blue-komfortable Baumwolle mit Elastizit\u00e4t<\/h2>\n<p>&nbsp;<\/p>\n<p>FILA Herren Unterw\u00e4sche Blue hergestellt aus einer Kombination aus hochwertigem Baumwolle (95%) und Elasthan (5%), dass bietet maximalen Komfort, \u0434\u044b\u0448\u0438\u043c\u043e\u0441\u0442\u044c und eine perfekte Passform. Das Modell ist in den Gr\u00f6\u00dfen S-XXL erh\u00e4ltlich und eignet sich f\u00fcr den t\u00e4glichen Gebrauch und den aktiven Lebensstil. Stilvolle Blaue Farbe und ein durchdachtes Schnitt garantiert Komfort und einen modernen look. Hochwertige Herren Unterw\u00e4sche von der Marke FILA-praktische und zuverl\u00e4ssige Wahl f\u00fcr den t\u00e4glichen Komfort.<\/p>\n","protected":false},"excerpt":{"rendered":"<p>FILA Herren Unterw\u00e4sche Blue hergestellt aus einer Kombination aus hochwertigem Baumwolle (95%) und Elasthan (5%), dass bietet maximalen Komfort, \u0434\u044b\u0448\u0438\u043c\u043e\u0441\u0442\u044c und eine perfekte Passform. Das Modell ist in den Gr\u00f6\u00dfen S-XXL erh\u00e4ltlich und eignet sich f\u00fcr den t\u00e4glichen Gebrauch und den aktiven Lebensstil. Stilvolle Blaue Farbe und ein durchdachtes Schnitt garantiert Komfort und einen modernen look. Hochwertige Herren Unterw\u00e4sche von der Marke FILA-praktische und zuverl\u00e4ssige Wahl f\u00fcr den t\u00e4glichen Komfort.<\/p>\n","protected":false},"featured_media":768602,"comment_status":"open","ping_status":"open","template":"","meta":[],"product_brand":[],"product_cat":[3225,3539],"product_tag":[],"class_list":{"0":"post-768599","1":"product","2":"type-product","3":"status-publish","4":"has-post-thumbnail","6":"product_cat-all-product","7":"product_cat-cholovicha-bilyzna","8":"pa_rozmir-s","9":"pa_rozmir-m","10":"pa_rozmir-l","11":"pa_rozmir-xl","12":"pa_rozmir-xxl","14":"first","15":"onbackorder","16":"purchasable","17":"product-type-variable"},"_links":{"self":[{"href":"https:\/\/nextsnkr.com\/de\/wp-json\/wp\/v2\/product\/768599","targetHints":{"allow":["GET"]}}],"collection":[{"href":"https:\/\/nextsnkr.com\/de\/wp-json\/wp\/v2\/product"}],"about":[{"href":"https:\/\/nextsnkr.com\/de\/wp-json\/wp\/v2\/types\/product"}],"replies":[{"embeddable":true,"href":"https:\/\/nextsnkr.com\/de\/wp-json\/wp\/v2\/comments?post=768599"}],"version-history":[{"count":0,"href":"https:\/\/nextsnkr.com\/de\/wp-json\/wp\/v2\/product\/768599\/revisions"}],"wp:featuredmedia":[{"embeddable":true,"href":"https:\/\/nextsnkr.com\/de\/wp-json\/wp\/v2\/media\/768602"}],"wp:attachment":[{"href":"https:\/\/nextsnkr.com\/de\/wp-json\/wp\/v2\/media?parent=768599"}],"wp:term":[{"taxonomy":"product_brand","embeddable":true,"href":"https:\/\/nextsnkr.com\/de\/wp-json\/wp\/v2\/product_brand?post=768599"},{"taxonomy":"product_cat","embeddable":true,"href":"https:\/\/nextsnkr.com\/de\/wp-json\/wp\/v2\/product_cat?post=768599"},{"taxonomy":"product_tag","embeddable":true,"href":"https:\/\/nextsnkr.com\/de\/wp-json\/wp\/v2\/product_tag?post=768599"}],"curies":[{"name":"wp","href":"https:\/\/api.w.org\/{rel}","templated":true}]}}