{"id":767720,"date":"2025-06-18T18:48:37","date_gmt":"2025-06-18T15:48:37","guid":{"rendered":"https:\/\/nextsnkr.com\/product\/muzhskoe-bele-calvin-klein-brown\/"},"modified":"2026-01-29T14:55:37","modified_gmt":"2026-01-29T11:55:37","slug":"muzhskoe-bele-calvin-klein-brown","status":"publish","type":"product","link":"https:\/\/nextsnkr.com\/de\/produkt\/muzhskoe-bele-calvin-klein-brown\/","title":{"rendered":"Calvin Klein Brown Herrenunterw\u00e4sche-Komfortmodell aus Baumwolle"},"content":{"rendered":"<h2>Calvin Klein Brown Herrenunterw\u00e4sche-Komfortmodell aus Baumwolle<\/h2>\n<p>&nbsp;<\/p>\n<p>Calvin Klein Brown Herrenunterw\u00e4sche kombiniert Stil und Komfort des t\u00e4glichen Tragens. Hergestellt aus hochwertigem Material &#8211; 95% Baumwolle und 5% Elasthan, ist es weich, elastisch und passt den K\u00f6rper bequem an. Das Modell ist ideal f\u00fcr einen aktiven Tag und ist in den Gr\u00f6\u00dfen S, M, L, XL, XXL erh\u00e4ltlich. Calvin Klein Brown wurde in \u00c4gypten hergestellt und garantiert Langlebigkeit, Praktikabilit\u00e4t und ein stilvolles Aussehen und ist damit eine ausgezeichnete Wahl f\u00fcr M\u00e4nner, die Komfort und Qualit\u00e4t sch\u00e4tzen.<\/p>\n","protected":false},"excerpt":{"rendered":"<p>Calvin Klein Brown Herrenunterw\u00e4sche kombiniert Stil und Komfort des t\u00e4glichen Tragens. Hergestellt aus hochwertigem Material &#8211; 95% Baumwolle und 5% Elasthan, ist es weich, elastisch und passt den K\u00f6rper bequem an. Das Modell ist ideal f\u00fcr einen aktiven Tag und ist in den Gr\u00f6\u00dfen S, M, L, XL, XXL erh\u00e4ltlich. Calvin Klein Brown wurde in \u00c4gypten hergestellt und garantiert Langlebigkeit, Praktikabilit\u00e4t und ein stilvolles Aussehen und ist damit eine ausgezeichnete Wahl f\u00fcr M\u00e4nner, die Komfort und Qualit\u00e4t sch\u00e4tzen.<\/p>\n","protected":false},"featured_media":767721,"comment_status":"open","ping_status":"open","template":"","meta":[],"product_brand":[],"product_cat":[3225,3539],"product_tag":[],"class_list":{"0":"post-767720","1":"product","2":"type-product","3":"status-publish","4":"has-post-thumbnail","6":"product_cat-all-product","7":"product_cat-cholovicha-bilyzna","8":"pa_rozmir-s","9":"pa_rozmir-m","10":"pa_rozmir-l","11":"pa_rozmir-xl","12":"pa_rozmir-xxl","14":"first","15":"onbackorder","16":"purchasable","17":"product-type-variable"},"_links":{"self":[{"href":"https:\/\/nextsnkr.com\/de\/wp-json\/wp\/v2\/product\/767720","targetHints":{"allow":["GET"]}}],"collection":[{"href":"https:\/\/nextsnkr.com\/de\/wp-json\/wp\/v2\/product"}],"about":[{"href":"https:\/\/nextsnkr.com\/de\/wp-json\/wp\/v2\/types\/product"}],"replies":[{"embeddable":true,"href":"https:\/\/nextsnkr.com\/de\/wp-json\/wp\/v2\/comments?post=767720"}],"version-history":[{"count":0,"href":"https:\/\/nextsnkr.com\/de\/wp-json\/wp\/v2\/product\/767720\/revisions"}],"wp:featuredmedia":[{"embeddable":true,"href":"https:\/\/nextsnkr.com\/de\/wp-json\/wp\/v2\/media\/767721"}],"wp:attachment":[{"href":"https:\/\/nextsnkr.com\/de\/wp-json\/wp\/v2\/media?parent=767720"}],"wp:term":[{"taxonomy":"product_brand","embeddable":true,"href":"https:\/\/nextsnkr.com\/de\/wp-json\/wp\/v2\/product_brand?post=767720"},{"taxonomy":"product_cat","embeddable":true,"href":"https:\/\/nextsnkr.com\/de\/wp-json\/wp\/v2\/product_cat?post=767720"},{"taxonomy":"product_tag","embeddable":true,"href":"https:\/\/nextsnkr.com\/de\/wp-json\/wp\/v2\/product_tag?post=767720"}],"curies":[{"name":"wp","href":"https:\/\/api.w.org\/{rel}","templated":true}]}}