{"id":766940,"date":"2025-06-18T18:49:44","date_gmt":"2025-06-18T15:49:44","guid":{"rendered":"https:\/\/nextsnkr.com\/product\/muzhskoe-bele-champion-black\/"},"modified":"2026-01-29T14:55:02","modified_gmt":"2026-01-29T11:55:02","slug":"muzhskoe-bele-champion-black","status":"publish","type":"product","link":"https:\/\/nextsnkr.com\/de\/produkt\/muzhskoe-bele-champion-black\/","title":{"rendered":"Herrenunterw\u00e4sche Champion Black-Baumwolle ist angenehm f\u00fcr das t\u00e4gliche Tragen"},"content":{"rendered":"<h2>Herrenunterw\u00e4sche Champion Black-Baumwolle ist angenehm f\u00fcr das t\u00e4gliche Tragen<\/h2>\n<p>&nbsp;<\/p>\n<p>Die stilvolle Herrenunterw\u00e4sche von Champion Black besteht aus hochwertiger Baumwolle mit Spandex f\u00fcr Elastizit\u00e4t und eine bequeme Passform. Das Modell ist in den Gr\u00f6\u00dfen S-XXL erh\u00e4ltlich, bietet Komfort w\u00e4hrend des t\u00e4glichen Gebrauchs und ist f\u00fcr jeden Lebensstil geeignet. Das weiche Material unterst\u00fctzt die Haut sanft und die klassische schwarze Farbe macht die W\u00e4sche vielseitig und praktisch. Die ideale Wahl f\u00fcr diejenigen, die Qualit\u00e4t, Komfort und die Marke Champion sch\u00e4tzen.<\/p>\n","protected":false},"excerpt":{"rendered":"<p>Die stilvolle Herrenunterw\u00e4sche von Champion Black besteht aus hochwertiger Baumwolle mit Spandex f\u00fcr Elastizit\u00e4t und eine bequeme Passform. Das Modell ist in den Gr\u00f6\u00dfen S-XXL erh\u00e4ltlich, bietet Komfort w\u00e4hrend des t\u00e4glichen Gebrauchs und ist f\u00fcr jeden Lebensstil geeignet. Das weiche Material unterst\u00fctzt die Haut sanft und die klassische schwarze Farbe macht die W\u00e4sche vielseitig und praktisch. Die ideale Wahl f\u00fcr diejenigen, die Qualit\u00e4t, Komfort und die Marke Champion sch\u00e4tzen.<\/p>\n","protected":false},"featured_media":766944,"comment_status":"open","ping_status":"open","template":"","meta":[],"product_brand":[],"product_cat":[3225,3539],"product_tag":[],"class_list":{"0":"post-766940","1":"product","2":"type-product","3":"status-publish","4":"has-post-thumbnail","6":"product_cat-all-product","7":"product_cat-cholovicha-bilyzna","8":"pa_rozmir-s","9":"pa_rozmir-m","10":"pa_rozmir-l","11":"pa_rozmir-xl","12":"pa_rozmir-xxl","14":"first","15":"onbackorder","16":"purchasable","17":"product-type-variable"},"_links":{"self":[{"href":"https:\/\/nextsnkr.com\/de\/wp-json\/wp\/v2\/product\/766940","targetHints":{"allow":["GET"]}}],"collection":[{"href":"https:\/\/nextsnkr.com\/de\/wp-json\/wp\/v2\/product"}],"about":[{"href":"https:\/\/nextsnkr.com\/de\/wp-json\/wp\/v2\/types\/product"}],"replies":[{"embeddable":true,"href":"https:\/\/nextsnkr.com\/de\/wp-json\/wp\/v2\/comments?post=766940"}],"version-history":[{"count":0,"href":"https:\/\/nextsnkr.com\/de\/wp-json\/wp\/v2\/product\/766940\/revisions"}],"wp:featuredmedia":[{"embeddable":true,"href":"https:\/\/nextsnkr.com\/de\/wp-json\/wp\/v2\/media\/766944"}],"wp:attachment":[{"href":"https:\/\/nextsnkr.com\/de\/wp-json\/wp\/v2\/media?parent=766940"}],"wp:term":[{"taxonomy":"product_brand","embeddable":true,"href":"https:\/\/nextsnkr.com\/de\/wp-json\/wp\/v2\/product_brand?post=766940"},{"taxonomy":"product_cat","embeddable":true,"href":"https:\/\/nextsnkr.com\/de\/wp-json\/wp\/v2\/product_cat?post=766940"},{"taxonomy":"product_tag","embeddable":true,"href":"https:\/\/nextsnkr.com\/de\/wp-json\/wp\/v2\/product_tag?post=766940"}],"curies":[{"name":"wp","href":"https:\/\/api.w.org\/{rel}","templated":true}]}}