{"id":766415,"date":"2025-06-18T18:50:33","date_gmt":"2025-06-18T15:50:33","guid":{"rendered":"https:\/\/nextsnkr.com\/product\/muzhskoe-bele-lacoste-white\/"},"modified":"2026-01-29T14:54:35","modified_gmt":"2026-01-29T11:54:35","slug":"muzhskoe-bele-lacoste-white","status":"publish","type":"product","link":"https:\/\/nextsnkr.com\/de\/produkt\/muzhskoe-bele-lacoste-white\/","title":{"rendered":"LACOSTE White Herrenunterw\u00e4sche-Baumwolle und Spandex, Komfort und Stil"},"content":{"rendered":"<h2>LACOSTE White Herrenunterw\u00e4sche-Baumwolle und Spandex, Komfort und Stil<\/h2>\n<p>&nbsp;<\/p>\n<p>Die LACOSTE White Herrenunterw\u00e4sche besteht aus einer hochwertigen Mischung aus 95% Baumwolle und 5% Elasthan, die Komfort, Elastizit\u00e4t und eine perfekte Passform bietet. Die verf\u00fcgbaren Gr\u00f6\u00dfen von S-XXL erm\u00f6glichen es Ihnen, die beste Option f\u00fcr jede Figur auszuw\u00e4hlen. Das weiche Material sch\u00fctzt die Haut sanft, sorgt f\u00fcr eine dauerhafte Anwendung und f\u00fchlt sich tags\u00fcber frisch an. Eine ideale Wahl f\u00fcr das t\u00e4gliche Tragen und einen aktiven Lebensstil, kombiniert den Stil der Marke LACOSTE mit Praktikabilit\u00e4t.<\/p>\n","protected":false},"excerpt":{"rendered":"<p>Die LACOSTE White Herrenunterw\u00e4sche besteht aus einer hochwertigen Mischung aus 95% Baumwolle und 5% Elasthan, die Komfort, Elastizit\u00e4t und eine perfekte Passform bietet. Die verf\u00fcgbaren Gr\u00f6\u00dfen von S-XXL erm\u00f6glichen es Ihnen, die beste Option f\u00fcr jede Figur auszuw\u00e4hlen. Das weiche Material sch\u00fctzt die Haut sanft, sorgt f\u00fcr eine dauerhafte Anwendung und f\u00fchlt sich tags\u00fcber frisch an. Eine ideale Wahl f\u00fcr das t\u00e4gliche Tragen und einen aktiven Lebensstil, kombiniert den Stil der Marke LACOSTE mit Praktikabilit\u00e4t.<\/p>\n","protected":false},"featured_media":766419,"comment_status":"open","ping_status":"open","template":"","meta":[],"product_brand":[],"product_cat":[3225,3539],"product_tag":[],"class_list":{"0":"post-766415","1":"product","2":"type-product","3":"status-publish","4":"has-post-thumbnail","6":"product_cat-all-product","7":"product_cat-cholovicha-bilyzna","8":"pa_rozmir-s","9":"pa_rozmir-m","10":"pa_rozmir-l","11":"pa_rozmir-xl","12":"pa_rozmir-xxl","14":"first","15":"onbackorder","16":"purchasable","17":"product-type-variable"},"_links":{"self":[{"href":"https:\/\/nextsnkr.com\/de\/wp-json\/wp\/v2\/product\/766415","targetHints":{"allow":["GET"]}}],"collection":[{"href":"https:\/\/nextsnkr.com\/de\/wp-json\/wp\/v2\/product"}],"about":[{"href":"https:\/\/nextsnkr.com\/de\/wp-json\/wp\/v2\/types\/product"}],"replies":[{"embeddable":true,"href":"https:\/\/nextsnkr.com\/de\/wp-json\/wp\/v2\/comments?post=766415"}],"version-history":[{"count":0,"href":"https:\/\/nextsnkr.com\/de\/wp-json\/wp\/v2\/product\/766415\/revisions"}],"wp:featuredmedia":[{"embeddable":true,"href":"https:\/\/nextsnkr.com\/de\/wp-json\/wp\/v2\/media\/766419"}],"wp:attachment":[{"href":"https:\/\/nextsnkr.com\/de\/wp-json\/wp\/v2\/media?parent=766415"}],"wp:term":[{"taxonomy":"product_brand","embeddable":true,"href":"https:\/\/nextsnkr.com\/de\/wp-json\/wp\/v2\/product_brand?post=766415"},{"taxonomy":"product_cat","embeddable":true,"href":"https:\/\/nextsnkr.com\/de\/wp-json\/wp\/v2\/product_cat?post=766415"},{"taxonomy":"product_tag","embeddable":true,"href":"https:\/\/nextsnkr.com\/de\/wp-json\/wp\/v2\/product_tag?post=766415"}],"curies":[{"name":"wp","href":"https:\/\/api.w.org\/{rel}","templated":true}]}}