{"id":766153,"date":"2025-06-18T18:50:55","date_gmt":"2025-06-18T15:50:55","guid":{"rendered":"https:\/\/nextsnkr.com\/product\/zhenskoe-bele-calvin-klein-white\/"},"modified":"2026-01-29T14:54:26","modified_gmt":"2026-01-29T11:54:26","slug":"zhenskoe-bele-calvin-klein-white","status":"publish","type":"product","link":"https:\/\/nextsnkr.com\/de\/produkt\/zhenskoe-bele-calvin-klein-white\/","title":{"rendered":"Calvin Klein White Dessous-Komfort und Stil"},"content":{"rendered":"<h2>Calvin Klein White Dessous-Komfort und Stil<\/h2>\n<p>&nbsp;<\/p>\n<p>Die Unterw\u00e4sche von Calvin Klein White besteht aus hochwertiger Baumwolle und Spandex (95%\/5%), was f\u00fcr Weichheit, Komfort und eine perfekte Passform sorgt. Das Modell eignet sich f\u00fcr das t\u00e4gliche Tragen, h\u00e4lt keine Bewegungen ab und gibt den ganzen Tag ein Gef\u00fchl von Leichtigkeit. Die stilvolle wei\u00dfe Farbe und das Markendesign von Calvin Klein verleihen Eleganz und einen modernen Look. Die Gr\u00f6\u00dfen M, L, XL sind verf\u00fcgbar. Der Hersteller ist \u00c4gypten. Code: None-149081.<\/p>\n","protected":false},"excerpt":{"rendered":"<p>Die Unterw\u00e4sche von Calvin Klein White besteht aus hochwertiger Baumwolle und Spandex (95%\/5%), was f\u00fcr Weichheit, Komfort und eine perfekte Passform sorgt. Das Modell eignet sich f\u00fcr das t\u00e4gliche Tragen, h\u00e4lt keine Bewegungen ab und gibt den ganzen Tag ein Gef\u00fchl von Leichtigkeit. Die stilvolle wei\u00dfe Farbe und das Markendesign von Calvin Klein verleihen Eleganz und einen modernen Look. Die Gr\u00f6\u00dfen M, L, XL sind verf\u00fcgbar. Der Hersteller ist \u00c4gypten. Code: None-149081.<\/p>\n","protected":false},"featured_media":766155,"comment_status":"open","ping_status":"open","template":"","meta":[],"product_brand":[],"product_cat":[3225],"product_tag":[],"class_list":{"0":"post-766153","1":"product","2":"type-product","3":"status-publish","4":"has-post-thumbnail","6":"product_cat-all-product","7":"pa_rozmir-s","8":"pa_rozmir-m","9":"pa_rozmir-l","10":"pa_rozmir-xl","11":"pa_rozmir-xxl","13":"first","14":"onbackorder","15":"purchasable","16":"product-type-variable"},"_links":{"self":[{"href":"https:\/\/nextsnkr.com\/de\/wp-json\/wp\/v2\/product\/766153","targetHints":{"allow":["GET"]}}],"collection":[{"href":"https:\/\/nextsnkr.com\/de\/wp-json\/wp\/v2\/product"}],"about":[{"href":"https:\/\/nextsnkr.com\/de\/wp-json\/wp\/v2\/types\/product"}],"replies":[{"embeddable":true,"href":"https:\/\/nextsnkr.com\/de\/wp-json\/wp\/v2\/comments?post=766153"}],"version-history":[{"count":0,"href":"https:\/\/nextsnkr.com\/de\/wp-json\/wp\/v2\/product\/766153\/revisions"}],"wp:featuredmedia":[{"embeddable":true,"href":"https:\/\/nextsnkr.com\/de\/wp-json\/wp\/v2\/media\/766155"}],"wp:attachment":[{"href":"https:\/\/nextsnkr.com\/de\/wp-json\/wp\/v2\/media?parent=766153"}],"wp:term":[{"taxonomy":"product_brand","embeddable":true,"href":"https:\/\/nextsnkr.com\/de\/wp-json\/wp\/v2\/product_brand?post=766153"},{"taxonomy":"product_cat","embeddable":true,"href":"https:\/\/nextsnkr.com\/de\/wp-json\/wp\/v2\/product_cat?post=766153"},{"taxonomy":"product_tag","embeddable":true,"href":"https:\/\/nextsnkr.com\/de\/wp-json\/wp\/v2\/product_tag?post=766153"}],"curies":[{"name":"wp","href":"https:\/\/api.w.org\/{rel}","templated":true}]}}