{"id":765631,"date":"2025-06-18T18:51:44","date_gmt":"2025-06-18T15:51:44","guid":{"rendered":"https:\/\/nextsnkr.com\/product\/muzhskoe-bele-supreme-blue\/"},"modified":"2026-01-29T14:53:59","modified_gmt":"2026-01-29T11:53:59","slug":"muzhskoe-bele-supreme-blue","status":"publish","type":"product","link":"https:\/\/nextsnkr.com\/de\/produkt\/muzhskoe-bele-supreme-blue\/","title":{"rendered":"Herrenunterw\u00e4sche SUPREME Blue ist ein komfortables Baumwollmodell"},"content":{"rendered":"<h2>Herrenunterw\u00e4sche SUPREME Blue ist ein komfortables Baumwollmodell<\/h2>\n<p>&nbsp;<\/p>\n<p>Die Herrenunterw\u00e4sche SUPREME Blue besteht aus hochwertigem Material: 95% Baumwolle und 5% Elasthan, das Elastizit\u00e4t, Komfort und Bewegungsfreiheit bietet. Das Modell ist in den Gr\u00f6\u00dfen S\u2013XXL erh\u00e4ltlich und eignet sich f\u00fcr den t\u00e4glichen Gebrauch und einen aktiven Lebensstil. Die helle blaue Farbe und die Markenqualit\u00e4t von SUPREME garantieren Stil, Haltbarkeit und Komfort und machen diese Unterw\u00e4sche zur perfekten Wahl f\u00fcr einen modernen Mann.<\/p>\n","protected":false},"excerpt":{"rendered":"<p>Die Herrenunterw\u00e4sche SUPREME Blue besteht aus hochwertigem Material: 95% Baumwolle und 5% Elasthan, das Elastizit\u00e4t, Komfort und Bewegungsfreiheit bietet. Das Modell ist in den Gr\u00f6\u00dfen S\u2013XXL erh\u00e4ltlich und eignet sich f\u00fcr den t\u00e4glichen Gebrauch und einen aktiven Lebensstil. Die helle blaue Farbe und die Markenqualit\u00e4t von SUPREME garantieren Stil, Haltbarkeit und Komfort und machen diese Unterw\u00e4sche zur perfekten Wahl f\u00fcr einen modernen Mann.<\/p>\n","protected":false},"featured_media":765633,"comment_status":"open","ping_status":"open","template":"","meta":[],"product_brand":[],"product_cat":[3225,3539],"product_tag":[],"class_list":{"0":"post-765631","1":"product","2":"type-product","3":"status-publish","4":"has-post-thumbnail","6":"product_cat-all-product","7":"product_cat-cholovicha-bilyzna","8":"pa_rozmir-s","9":"pa_rozmir-m","10":"pa_rozmir-l","11":"pa_rozmir-xl","12":"pa_rozmir-xxl","14":"first","15":"onbackorder","16":"purchasable","17":"product-type-variable"},"_links":{"self":[{"href":"https:\/\/nextsnkr.com\/de\/wp-json\/wp\/v2\/product\/765631","targetHints":{"allow":["GET"]}}],"collection":[{"href":"https:\/\/nextsnkr.com\/de\/wp-json\/wp\/v2\/product"}],"about":[{"href":"https:\/\/nextsnkr.com\/de\/wp-json\/wp\/v2\/types\/product"}],"replies":[{"embeddable":true,"href":"https:\/\/nextsnkr.com\/de\/wp-json\/wp\/v2\/comments?post=765631"}],"version-history":[{"count":0,"href":"https:\/\/nextsnkr.com\/de\/wp-json\/wp\/v2\/product\/765631\/revisions"}],"wp:featuredmedia":[{"embeddable":true,"href":"https:\/\/nextsnkr.com\/de\/wp-json\/wp\/v2\/media\/765633"}],"wp:attachment":[{"href":"https:\/\/nextsnkr.com\/de\/wp-json\/wp\/v2\/media?parent=765631"}],"wp:term":[{"taxonomy":"product_brand","embeddable":true,"href":"https:\/\/nextsnkr.com\/de\/wp-json\/wp\/v2\/product_brand?post=765631"},{"taxonomy":"product_cat","embeddable":true,"href":"https:\/\/nextsnkr.com\/de\/wp-json\/wp\/v2\/product_cat?post=765631"},{"taxonomy":"product_tag","embeddable":true,"href":"https:\/\/nextsnkr.com\/de\/wp-json\/wp\/v2\/product_tag?post=765631"}],"curies":[{"name":"wp","href":"https:\/\/api.w.org\/{rel}","templated":true}]}}