{"id":764852,"date":"2025-06-18T18:52:55","date_gmt":"2025-06-18T15:52:55","guid":{"rendered":"https:\/\/nextsnkr.com\/product\/muzhskoe-bele-fila-black\/"},"modified":"2026-01-29T14:53:28","modified_gmt":"2026-01-29T11:53:28","slug":"muzhskoe-bele-fila-black","status":"publish","type":"product","link":"https:\/\/nextsnkr.com\/de\/produkt\/muzhskoe-bele-fila-black\/","title":{"rendered":"FILA Black Herren Unterw\u00e4sche-Set aus Baumwolle und Spandex"},"content":{"rendered":"<h2>FILA Black Herren Unterw\u00e4sche-Set aus Baumwolle und Spandex<\/h2>\n<p>&nbsp;<\/p>\n<p>FILA Black ist eine bequeme Herrenunterw\u00e4sche aus hochwertigem Stoff (95% Baumwolle, 5% Elasthan), die den ganzen Tag \u00fcber Komfort, Elastizit\u00e4t und Bewegungsfreiheit bietet. Perfekt f\u00fcr das t\u00e4gliche Tragen und den aktiven Lebensstil. Nat\u00fcrliche Materialien atmen, halten Hygiene aufrecht und f\u00fchlen sich angenehm an. Die Gr\u00f6\u00dfen S, M, L, XL, XXL sind verf\u00fcgbar. Die Produktion ist \u00c4gypten. W\u00e4hlen Sie FILA Black f\u00fcr Komfort, Praktikabilit\u00e4t und Stil.<\/p>\n","protected":false},"excerpt":{"rendered":"<p>FILA Black ist eine bequeme Herrenunterw\u00e4sche aus hochwertigem Stoff (95% Baumwolle, 5% Elasthan), die den ganzen Tag \u00fcber Komfort, Elastizit\u00e4t und Bewegungsfreiheit bietet. Perfekt f\u00fcr das t\u00e4gliche Tragen und den aktiven Lebensstil. Nat\u00fcrliche Materialien atmen, halten Hygiene aufrecht und f\u00fchlen sich angenehm an. Die Gr\u00f6\u00dfen S, M, L, XL, XXL sind verf\u00fcgbar. Die Produktion ist \u00c4gypten. W\u00e4hlen Sie FILA Black f\u00fcr Komfort, Praktikabilit\u00e4t und Stil.<\/p>\n","protected":false},"featured_media":764856,"comment_status":"open","ping_status":"open","template":"","meta":[],"product_brand":[],"product_cat":[3225,3539],"product_tag":[],"class_list":{"0":"post-764852","1":"product","2":"type-product","3":"status-publish","4":"has-post-thumbnail","6":"product_cat-all-product","7":"product_cat-cholovicha-bilyzna","8":"pa_rozmir-s","9":"pa_rozmir-m","10":"pa_rozmir-l","11":"pa_rozmir-xl","12":"pa_rozmir-xxl","14":"first","15":"onbackorder","16":"purchasable","17":"product-type-variable"},"_links":{"self":[{"href":"https:\/\/nextsnkr.com\/de\/wp-json\/wp\/v2\/product\/764852","targetHints":{"allow":["GET"]}}],"collection":[{"href":"https:\/\/nextsnkr.com\/de\/wp-json\/wp\/v2\/product"}],"about":[{"href":"https:\/\/nextsnkr.com\/de\/wp-json\/wp\/v2\/types\/product"}],"replies":[{"embeddable":true,"href":"https:\/\/nextsnkr.com\/de\/wp-json\/wp\/v2\/comments?post=764852"}],"version-history":[{"count":0,"href":"https:\/\/nextsnkr.com\/de\/wp-json\/wp\/v2\/product\/764852\/revisions"}],"wp:featuredmedia":[{"embeddable":true,"href":"https:\/\/nextsnkr.com\/de\/wp-json\/wp\/v2\/media\/764856"}],"wp:attachment":[{"href":"https:\/\/nextsnkr.com\/de\/wp-json\/wp\/v2\/media?parent=764852"}],"wp:term":[{"taxonomy":"product_brand","embeddable":true,"href":"https:\/\/nextsnkr.com\/de\/wp-json\/wp\/v2\/product_brand?post=764852"},{"taxonomy":"product_cat","embeddable":true,"href":"https:\/\/nextsnkr.com\/de\/wp-json\/wp\/v2\/product_cat?post=764852"},{"taxonomy":"product_tag","embeddable":true,"href":"https:\/\/nextsnkr.com\/de\/wp-json\/wp\/v2\/product_tag?post=764852"}],"curies":[{"name":"wp","href":"https:\/\/api.w.org\/{rel}","templated":true}]}}