{"id":764687,"date":"2025-06-13T11:23:55","date_gmt":"2025-06-13T08:23:55","guid":{"rendered":"https:\/\/nextsnkr.com\/product\/dr-martens-1460-black-termo\/"},"modified":"2026-01-29T14:53:24","modified_gmt":"2026-01-29T11:53:24","slug":"dr-martens-1460-black-termo","status":"publish","type":"product","link":"https:\/\/nextsnkr.com\/de\/produkt\/dr-martens-1460-black-termo\/","title":{"rendered":"Dr. Stiefel. Martens 1460 Schwarz Thermo Leder Herren Winter"},"content":{"rendered":"<h2>Dr. Stiefel. Martens 1460 Schwarz Thermo Leder Herren Winter<\/h2>\n<p>&nbsp;<\/p>\n<p>Dr. Martens 1460 Black Thermo sind klassische Lederstiefel, die f\u00fcr diejenigen entwickelt wurden, die Stil und Zuverl\u00e4ssigkeit sch\u00e4tzen. Sie sind aus hochwertigem echtem Leder ohne Fell gefertigt und bieten in der kalten Jahreszeit durch W\u00e4rmed\u00e4mmung Verschlei\u00dffestigkeit und Komfort. Das Modell beh\u00e4lt das ikonische Design von Dr. Martens mit robuster Sohle und sicherem Halt. Eine ideale Wahl f\u00fcr urbane Umgebungen, t\u00e4gliche Abnutzung und aktiven Lebensstil. W\u00e4hlen Sie die legend\u00e4re Qualit\u00e4t von 1460.<\/p>\n","protected":false},"excerpt":{"rendered":"<p>Dr. Martens 1460 Black Thermo sind klassische Lederstiefel, die f\u00fcr diejenigen entwickelt wurden, die Stil und Zuverl\u00e4ssigkeit sch\u00e4tzen. Sie sind aus hochwertigem echtem Leder ohne Fell gefertigt und bieten in der kalten Jahreszeit durch W\u00e4rmed\u00e4mmung Verschlei\u00dffestigkeit und Komfort. Das Modell beh\u00e4lt das ikonische Design von Dr. Martens mit robuster Sohle und sicherem Halt. Eine ideale Wahl f\u00fcr urbane Umgebungen, t\u00e4gliche Abnutzung und aktiven Lebensstil. W\u00e4hlen Sie die legend\u00e4re Qualit\u00e4t von 1460.<\/p>\n","protected":false},"featured_media":764690,"comment_status":"open","ping_status":"open","template":"","meta":[],"product_brand":[2398],"product_cat":[3618,3225,3333],"product_tag":[],"class_list":{"0":"post-764687","1":"product","2":"type-product","3":"status-publish","4":"has-post-thumbnail","6":"product_brand-dr-martens","7":"product_cat-dr-martens","8":"product_cat-all-product","9":"product_cat-cherevyky","10":"pa_rozmir-910","11":"pa_rozmir-912","12":"pa_rozmir-914","13":"pa_rozmir-915","14":"pa_rozmir-916","15":"pa_rozmir-917","16":"pa_rozmir-918","17":"pa_rozmir-919","18":"pa_rozmir-920","19":"pa_rozmir-921","20":"pa_rozmir-922","22":"first","23":"instock","24":"purchasable","25":"product-type-variable"},"_links":{"self":[{"href":"https:\/\/nextsnkr.com\/de\/wp-json\/wp\/v2\/product\/764687","targetHints":{"allow":["GET"]}}],"collection":[{"href":"https:\/\/nextsnkr.com\/de\/wp-json\/wp\/v2\/product"}],"about":[{"href":"https:\/\/nextsnkr.com\/de\/wp-json\/wp\/v2\/types\/product"}],"replies":[{"embeddable":true,"href":"https:\/\/nextsnkr.com\/de\/wp-json\/wp\/v2\/comments?post=764687"}],"version-history":[{"count":0,"href":"https:\/\/nextsnkr.com\/de\/wp-json\/wp\/v2\/product\/764687\/revisions"}],"wp:featuredmedia":[{"embeddable":true,"href":"https:\/\/nextsnkr.com\/de\/wp-json\/wp\/v2\/media\/764690"}],"wp:attachment":[{"href":"https:\/\/nextsnkr.com\/de\/wp-json\/wp\/v2\/media?parent=764687"}],"wp:term":[{"taxonomy":"product_brand","embeddable":true,"href":"https:\/\/nextsnkr.com\/de\/wp-json\/wp\/v2\/product_brand?post=764687"},{"taxonomy":"product_cat","embeddable":true,"href":"https:\/\/nextsnkr.com\/de\/wp-json\/wp\/v2\/product_cat?post=764687"},{"taxonomy":"product_tag","embeddable":true,"href":"https:\/\/nextsnkr.com\/de\/wp-json\/wp\/v2\/product_tag?post=764687"}],"curies":[{"name":"wp","href":"https:\/\/api.w.org\/{rel}","templated":true}]}}