{"id":762053,"date":"2025-06-18T19:00:43","date_gmt":"2025-06-18T16:00:43","guid":{"rendered":"https:\/\/nextsnkr.com\/product\/hermes-platform-slides-black\/"},"modified":"2026-01-29T14:51:30","modified_gmt":"2026-01-29T11:51:30","slug":"hermes-platform-slides-black","status":"publish","type":"product","link":"https:\/\/nextsnkr.com\/de\/produkt\/hermes-platform-slides-black\/","title":{"rendered":"HERMES Platform Slides Black Hausschuhe-Leder, Wildleder, stilvoll"},"content":{"rendered":"<h2>HERMES Platform Slides Black Hausschuhe-Leder, Wildleder, stilvoll<\/h2>\n<p>&nbsp;<\/p>\n<p>Die HERMES Platform Slides Black sind aus hochwertigem Leder und Wildleder gefertigt, was Komfort und Haltbarkeit garantiert. Die t\u00fcrkische Produktion garantiert Liebe zum Detail und ein stilvolles Design. Ideal f\u00fcr den t\u00e4glichen Gebrauch und die Entspannung, kombinieren diese schwarzen Hausschuhe Eleganz und Praktikabilit\u00e4t und unterstreichen Ihren Geschmack. Die Wahl der Premium-Klasse f\u00fcr diejenigen, die Qualit\u00e4t und Komfort sch\u00e4tzen.<\/p>\n","protected":false},"excerpt":{"rendered":"<p>Die HERMES Platform Slides Black sind aus hochwertigem Leder und Wildleder gefertigt, was Komfort und Haltbarkeit garantiert. Die t\u00fcrkische Produktion garantiert Liebe zum Detail und ein stilvolles Design. Ideal f\u00fcr den t\u00e4glichen Gebrauch und die Entspannung, kombinieren diese schwarzen Hausschuhe Eleganz und Praktikabilit\u00e4t und unterstreichen Ihren Geschmack. Die Wahl der Premium-Klasse f\u00fcr diejenigen, die Qualit\u00e4t und Komfort sch\u00e4tzen.<\/p>\n","protected":false},"featured_media":762057,"comment_status":"open","ping_status":"open","template":"","meta":[],"product_brand":[],"product_cat":[3225,3422],"product_tag":[],"class_list":{"0":"post-762053","1":"product","2":"type-product","3":"status-publish","4":"has-post-thumbnail","6":"product_cat-all-product","7":"product_cat-shlopantsi","8":"pa_rozmir-910","9":"pa_rozmir-912","10":"pa_rozmir-914","11":"pa_rozmir-915","12":"pa_rozmir-916","13":"pa_rozmir-917","14":"pa_rozmir-918","15":"pa_rozmir-919","16":"pa_rozmir-920","17":"pa_rozmir-921","18":"pa_rozmir-922","20":"first","21":"instock","22":"purchasable","23":"product-type-variable"},"_links":{"self":[{"href":"https:\/\/nextsnkr.com\/de\/wp-json\/wp\/v2\/product\/762053","targetHints":{"allow":["GET"]}}],"collection":[{"href":"https:\/\/nextsnkr.com\/de\/wp-json\/wp\/v2\/product"}],"about":[{"href":"https:\/\/nextsnkr.com\/de\/wp-json\/wp\/v2\/types\/product"}],"replies":[{"embeddable":true,"href":"https:\/\/nextsnkr.com\/de\/wp-json\/wp\/v2\/comments?post=762053"}],"version-history":[{"count":0,"href":"https:\/\/nextsnkr.com\/de\/wp-json\/wp\/v2\/product\/762053\/revisions"}],"wp:featuredmedia":[{"embeddable":true,"href":"https:\/\/nextsnkr.com\/de\/wp-json\/wp\/v2\/media\/762057"}],"wp:attachment":[{"href":"https:\/\/nextsnkr.com\/de\/wp-json\/wp\/v2\/media?parent=762053"}],"wp:term":[{"taxonomy":"product_brand","embeddable":true,"href":"https:\/\/nextsnkr.com\/de\/wp-json\/wp\/v2\/product_brand?post=762053"},{"taxonomy":"product_cat","embeddable":true,"href":"https:\/\/nextsnkr.com\/de\/wp-json\/wp\/v2\/product_cat?post=762053"},{"taxonomy":"product_tag","embeddable":true,"href":"https:\/\/nextsnkr.com\/de\/wp-json\/wp\/v2\/product_tag?post=762053"}],"curies":[{"name":"wp","href":"https:\/\/api.w.org\/{rel}","templated":true}]}}