{"id":758613,"date":"2025-06-18T19:11:40","date_gmt":"2025-06-18T16:11:40","guid":{"rendered":"https:\/\/nextsnkr.com\/product\/miu-miu-light-cream-slides\/"},"modified":"2026-01-29T14:49:18","modified_gmt":"2026-01-29T11:49:18","slug":"miu-miu-light-cream-slides","status":"publish","type":"product","link":"https:\/\/nextsnkr.com\/de\/produkt\/miu-miu-light-cream-slides\/","title":{"rendered":"MIU MIU Light Cream Slides-Slipper aus Leder f\u00fcr Damen"},"content":{"rendered":"<h2>MIU MIU Light Cream Slides-Slipper aus Leder f\u00fcr Damen<\/h2>\n<p>&nbsp;<\/p>\n<p>Die MIU MIU Light Cream Slides sind aus hochwertigem Leder gefertigt und sorgen f\u00fcr Komfort und Haltbarkeit. Der stilvolle, leichte cremefarbene Farbton macht sie ideal f\u00fcr die Sommersaison und den t\u00e4glichen Gebrauch. Die leichten und bequemen Flip-Flops der Marke MIU MIU unterstreichen Ihren eleganten Stil und sind eine praktische Erg\u00e4nzung zu jedem Look. Die Produktion ist die T\u00fcrkei.<\/p>\n","protected":false},"excerpt":{"rendered":"<p>Die MIU MIU Light Cream Slides sind aus hochwertigem Leder gefertigt und sorgen f\u00fcr Komfort und Haltbarkeit. Der stilvolle, leichte cremefarbene Farbton macht sie ideal f\u00fcr die Sommersaison und den t\u00e4glichen Gebrauch. Die leichten und bequemen Flip-Flops der Marke MIU MIU unterstreichen Ihren eleganten Stil und sind eine praktische Erg\u00e4nzung zu jedem Look. Die Produktion ist die T\u00fcrkei.<\/p>\n","protected":false},"featured_media":758617,"comment_status":"open","ping_status":"open","template":"","meta":[],"product_brand":[],"product_cat":[3225,3422],"product_tag":[],"class_list":{"0":"post-758613","1":"product","2":"type-product","3":"status-publish","4":"has-post-thumbnail","6":"product_cat-all-product","7":"product_cat-shlopantsi","8":"pa_rozmir-910","9":"pa_rozmir-912","10":"pa_rozmir-914","11":"pa_rozmir-915","12":"pa_rozmir-916","13":"pa_rozmir-917","14":"pa_rozmir-918","15":"pa_rozmir-919","16":"pa_rozmir-920","17":"pa_rozmir-921","18":"pa_rozmir-922","20":"first","21":"instock","22":"purchasable","23":"product-type-variable"},"_links":{"self":[{"href":"https:\/\/nextsnkr.com\/de\/wp-json\/wp\/v2\/product\/758613","targetHints":{"allow":["GET"]}}],"collection":[{"href":"https:\/\/nextsnkr.com\/de\/wp-json\/wp\/v2\/product"}],"about":[{"href":"https:\/\/nextsnkr.com\/de\/wp-json\/wp\/v2\/types\/product"}],"replies":[{"embeddable":true,"href":"https:\/\/nextsnkr.com\/de\/wp-json\/wp\/v2\/comments?post=758613"}],"version-history":[{"count":0,"href":"https:\/\/nextsnkr.com\/de\/wp-json\/wp\/v2\/product\/758613\/revisions"}],"wp:featuredmedia":[{"embeddable":true,"href":"https:\/\/nextsnkr.com\/de\/wp-json\/wp\/v2\/media\/758617"}],"wp:attachment":[{"href":"https:\/\/nextsnkr.com\/de\/wp-json\/wp\/v2\/media?parent=758613"}],"wp:term":[{"taxonomy":"product_brand","embeddable":true,"href":"https:\/\/nextsnkr.com\/de\/wp-json\/wp\/v2\/product_brand?post=758613"},{"taxonomy":"product_cat","embeddable":true,"href":"https:\/\/nextsnkr.com\/de\/wp-json\/wp\/v2\/product_cat?post=758613"},{"taxonomy":"product_tag","embeddable":true,"href":"https:\/\/nextsnkr.com\/de\/wp-json\/wp\/v2\/product_tag?post=758613"}],"curies":[{"name":"wp","href":"https:\/\/api.w.org\/{rel}","templated":true}]}}