{"id":757932,"date":"2025-06-18T19:13:45","date_gmt":"2025-06-18T16:13:45","guid":{"rendered":"https:\/\/nextsnkr.com\/product\/celine-tippi-slides-white-black\/"},"modified":"2026-01-29T14:49:01","modified_gmt":"2026-01-29T11:49:01","slug":"celine-tippi-slides-white-black","status":"publish","type":"product","link":"https:\/\/nextsnkr.com\/de\/produkt\/celine-tippi-slides-white-black\/","title":{"rendered":"CELINE TIPPI Slipper SLIDES White \/ Black-Damenschiefer aus Leder"},"content":{"rendered":"<h2>CELINE TIPPI Slipper SLIDES White \/ Black-Damenschiefer aus Leder<\/h2>\n<p>&nbsp;<\/p>\n<p>CELINE TIPPI SLIDES White \/ Black ist ein stilvoller und komfortabler Hausschuhe aus echtem Leder, der in der T\u00fcrkei hergestellt wird. Perfekt zum t\u00e4glichen Tragen, Wandern oder Entspannen zu Hause. Weiches Leder sorgt f\u00fcr Komfort und Haltbarkeit, w\u00e4hrend das moderne Design Wei\u00df und Schwarz kombiniert, was Eleganz und Vielseitigkeit verleiht. W\u00e4hlen Sie CELINE f\u00fcr Komfort, Stil und Qualit\u00e4t, die Sie vom ersten Schritt an f\u00fchlen.<\/p>\n","protected":false},"excerpt":{"rendered":"<p>CELINE TIPPI SLIDES White \/ Black ist ein stilvoller und komfortabler Hausschuhe aus echtem Leder, der in der T\u00fcrkei hergestellt wird. Perfekt zum t\u00e4glichen Tragen, Wandern oder Entspannen zu Hause. Weiches Leder sorgt f\u00fcr Komfort und Haltbarkeit, w\u00e4hrend das moderne Design Wei\u00df und Schwarz kombiniert, was Eleganz und Vielseitigkeit verleiht. W\u00e4hlen Sie CELINE f\u00fcr Komfort, Stil und Qualit\u00e4t, die Sie vom ersten Schritt an f\u00fchlen.<\/p>\n","protected":false},"featured_media":757933,"comment_status":"open","ping_status":"open","template":"","meta":[],"product_brand":[],"product_cat":[3225,3422],"product_tag":[],"class_list":{"0":"post-757932","1":"product","2":"type-product","3":"status-publish","4":"has-post-thumbnail","6":"product_cat-all-product","7":"product_cat-shlopantsi","8":"pa_rozmir-910","9":"pa_rozmir-912","10":"pa_rozmir-914","11":"pa_rozmir-915","12":"pa_rozmir-916","13":"pa_rozmir-917","14":"pa_rozmir-918","15":"pa_rozmir-919","16":"pa_rozmir-920","17":"pa_rozmir-921","18":"pa_rozmir-922","20":"first","21":"instock","22":"purchasable","23":"product-type-variable"},"_links":{"self":[{"href":"https:\/\/nextsnkr.com\/de\/wp-json\/wp\/v2\/product\/757932","targetHints":{"allow":["GET"]}}],"collection":[{"href":"https:\/\/nextsnkr.com\/de\/wp-json\/wp\/v2\/product"}],"about":[{"href":"https:\/\/nextsnkr.com\/de\/wp-json\/wp\/v2\/types\/product"}],"replies":[{"embeddable":true,"href":"https:\/\/nextsnkr.com\/de\/wp-json\/wp\/v2\/comments?post=757932"}],"version-history":[{"count":0,"href":"https:\/\/nextsnkr.com\/de\/wp-json\/wp\/v2\/product\/757932\/revisions"}],"wp:featuredmedia":[{"embeddable":true,"href":"https:\/\/nextsnkr.com\/de\/wp-json\/wp\/v2\/media\/757933"}],"wp:attachment":[{"href":"https:\/\/nextsnkr.com\/de\/wp-json\/wp\/v2\/media?parent=757932"}],"wp:term":[{"taxonomy":"product_brand","embeddable":true,"href":"https:\/\/nextsnkr.com\/de\/wp-json\/wp\/v2\/product_brand?post=757932"},{"taxonomy":"product_cat","embeddable":true,"href":"https:\/\/nextsnkr.com\/de\/wp-json\/wp\/v2\/product_cat?post=757932"},{"taxonomy":"product_tag","embeddable":true,"href":"https:\/\/nextsnkr.com\/de\/wp-json\/wp\/v2\/product_tag?post=757932"}],"curies":[{"name":"wp","href":"https:\/\/api.w.org\/{rel}","templated":true}]}}