{"id":757255,"date":"2025-06-18T19:17:36","date_gmt":"2025-06-18T16:17:36","guid":{"rendered":"https:\/\/nextsnkr.com\/product\/balenciaga-3xl-sandals-dirty-white\/"},"modified":"2026-01-29T14:48:31","modified_gmt":"2026-01-29T11:48:31","slug":"balenciaga-3xl-sandals-dirty-white","status":"publish","type":"product","link":"https:\/\/nextsnkr.com\/de\/produkt\/balenciaga-3xl-sandals-dirty-white\/","title":{"rendered":"Sandalen BALENCIAGA 3XL Dirty White Leder Premium Qualit\u00e4t"},"content":{"rendered":"<h2>Sandalen BALENCIAGA 3XL Dirty White Leder Premium Qualit\u00e4t<\/h2>\n<p>&nbsp;<\/p>\n<p>Sandalen BALENCIAGA Dirty White 3XL hergestellt aus hochwertigem Leder, die Kombination von Stil und Komfort. Exquisite Design der Marke Balenciaga macht Sie ideal f\u00fcr den t\u00e4glichen Gebrauch und den Sommerurlaub. Die robuste Sohle sorgt f\u00fcr Stabilit\u00e4t und Komfort beim Gehen. Produktion-China, was Qualit\u00e4t und Langlebigkeit garantiert. Diese Sandalen werden eine stilvolle Erg\u00e4nzung Ihrer Garderobe.<\/p>\n","protected":false},"excerpt":{"rendered":"<p>Sandalen BALENCIAGA Dirty White 3XL hergestellt aus hochwertigem Leder, die Kombination von Stil und Komfort. Exquisite Design der Marke Balenciaga macht Sie ideal f\u00fcr den t\u00e4glichen Gebrauch und den Sommerurlaub. Die robuste Sohle sorgt f\u00fcr Stabilit\u00e4t und Komfort beim Gehen. Produktion-China, was Qualit\u00e4t und Langlebigkeit garantiert. Diese Sandalen werden eine stilvolle Erg\u00e4nzung Ihrer Garderobe.<\/p>\n","protected":false},"featured_media":757256,"comment_status":"open","ping_status":"open","template":"","meta":[],"product_brand":[],"product_cat":[3225,3449],"product_tag":[],"class_list":{"0":"post-757255","1":"product","2":"type-product","3":"status-publish","4":"has-post-thumbnail","6":"product_cat-all-product","7":"product_cat-sandali","8":"pa_rozmir-910","9":"pa_rozmir-912","10":"pa_rozmir-914","11":"pa_rozmir-915","12":"pa_rozmir-916","13":"pa_rozmir-917","14":"pa_rozmir-918","15":"pa_rozmir-919","16":"pa_rozmir-920","17":"pa_rozmir-921","18":"pa_rozmir-922","20":"first","21":"onbackorder","22":"purchasable","23":"product-type-variable"},"_links":{"self":[{"href":"https:\/\/nextsnkr.com\/de\/wp-json\/wp\/v2\/product\/757255","targetHints":{"allow":["GET"]}}],"collection":[{"href":"https:\/\/nextsnkr.com\/de\/wp-json\/wp\/v2\/product"}],"about":[{"href":"https:\/\/nextsnkr.com\/de\/wp-json\/wp\/v2\/types\/product"}],"replies":[{"embeddable":true,"href":"https:\/\/nextsnkr.com\/de\/wp-json\/wp\/v2\/comments?post=757255"}],"version-history":[{"count":0,"href":"https:\/\/nextsnkr.com\/de\/wp-json\/wp\/v2\/product\/757255\/revisions"}],"wp:featuredmedia":[{"embeddable":true,"href":"https:\/\/nextsnkr.com\/de\/wp-json\/wp\/v2\/media\/757256"}],"wp:attachment":[{"href":"https:\/\/nextsnkr.com\/de\/wp-json\/wp\/v2\/media?parent=757255"}],"wp:term":[{"taxonomy":"product_brand","embeddable":true,"href":"https:\/\/nextsnkr.com\/de\/wp-json\/wp\/v2\/product_brand?post=757255"},{"taxonomy":"product_cat","embeddable":true,"href":"https:\/\/nextsnkr.com\/de\/wp-json\/wp\/v2\/product_cat?post=757255"},{"taxonomy":"product_tag","embeddable":true,"href":"https:\/\/nextsnkr.com\/de\/wp-json\/wp\/v2\/product_tag?post=757255"}],"curies":[{"name":"wp","href":"https:\/\/api.w.org\/{rel}","templated":true}]}}