{"id":757085,"date":"2025-06-18T19:18:35","date_gmt":"2025-06-18T16:18:35","guid":{"rendered":"https:\/\/nextsnkr.com\/product\/yeezy-slide-orange-2\/"},"modified":"2026-01-29T14:48:27","modified_gmt":"2026-01-29T11:48:27","slug":"yeezy-slide-orange-2","status":"publish","type":"product","link":"https:\/\/nextsnkr.com\/de\/produkt\/yeezy-slide-orange-2\/","title":{"rendered":"Yeezy Slide Orange Hausschuhe sind schaumig, leicht und komfortabel f\u00fcr den t\u00e4glichen Gebrauch"},"content":{"rendered":"<h2>Yeezy Slide Orange Hausschuhe sind schaumig, leicht und komfortabel f\u00fcr den t\u00e4glichen Gebrauch<\/h2>\n<p>&nbsp;<\/p>\n<p>Die Yeezy Slide Orange Slipper sind aus hochwertigem Schaumstoff gefertigt, der maximalen Komfort und Sto\u00dfd\u00e4mpfung beim Gehen bietet. Leicht und praktisch, sind sie perfekt f\u00fcr zu Hause, am Strand oder f\u00fcr den t\u00e4glichen Urlaub. Die leuchtend orange Farbe verleiht Ihrem Look einen stilvollen Akzent. Durch die Wahl des Yeezy Slide erhalten Sie eine Kombination aus Komfort, Qualit\u00e4t und einer modernen Marke f\u00fcr ein aktives und komfortables Leben.<\/p>\n","protected":false},"excerpt":{"rendered":"<p>Die Yeezy Slide Orange Slipper sind aus hochwertigem Schaumstoff gefertigt, der maximalen Komfort und Sto\u00dfd\u00e4mpfung beim Gehen bietet. Leicht und praktisch, sind sie perfekt f\u00fcr zu Hause, am Strand oder f\u00fcr den t\u00e4glichen Urlaub. Die leuchtend orange Farbe verleiht Ihrem Look einen stilvollen Akzent. Durch die Wahl des Yeezy Slide erhalten Sie eine Kombination aus Komfort, Qualit\u00e4t und einer modernen Marke f\u00fcr ein aktives und komfortables Leben.<\/p>\n","protected":false},"featured_media":757086,"comment_status":"open","ping_status":"open","template":"","meta":[],"product_brand":[],"product_cat":[3398,3225,3422],"product_tag":[],"class_list":{"0":"post-757085","1":"product","2":"type-product","3":"status-publish","4":"has-post-thumbnail","6":"product_cat-adidas-yeezy","7":"product_cat-all-product","8":"product_cat-shlopantsi","9":"pa_rozmir-910","10":"pa_rozmir-912","11":"pa_rozmir-914","12":"pa_rozmir-915","13":"pa_rozmir-916","14":"pa_rozmir-917","15":"pa_rozmir-918","16":"pa_rozmir-919","17":"pa_rozmir-920","18":"pa_rozmir-921","19":"pa_rozmir-922","21":"first","22":"instock","23":"purchasable","24":"product-type-variable"},"_links":{"self":[{"href":"https:\/\/nextsnkr.com\/de\/wp-json\/wp\/v2\/product\/757085","targetHints":{"allow":["GET"]}}],"collection":[{"href":"https:\/\/nextsnkr.com\/de\/wp-json\/wp\/v2\/product"}],"about":[{"href":"https:\/\/nextsnkr.com\/de\/wp-json\/wp\/v2\/types\/product"}],"replies":[{"embeddable":true,"href":"https:\/\/nextsnkr.com\/de\/wp-json\/wp\/v2\/comments?post=757085"}],"version-history":[{"count":0,"href":"https:\/\/nextsnkr.com\/de\/wp-json\/wp\/v2\/product\/757085\/revisions"}],"wp:featuredmedia":[{"embeddable":true,"href":"https:\/\/nextsnkr.com\/de\/wp-json\/wp\/v2\/media\/757086"}],"wp:attachment":[{"href":"https:\/\/nextsnkr.com\/de\/wp-json\/wp\/v2\/media?parent=757085"}],"wp:term":[{"taxonomy":"product_brand","embeddable":true,"href":"https:\/\/nextsnkr.com\/de\/wp-json\/wp\/v2\/product_brand?post=757085"},{"taxonomy":"product_cat","embeddable":true,"href":"https:\/\/nextsnkr.com\/de\/wp-json\/wp\/v2\/product_cat?post=757085"},{"taxonomy":"product_tag","embeddable":true,"href":"https:\/\/nextsnkr.com\/de\/wp-json\/wp\/v2\/product_tag?post=757085"}],"curies":[{"name":"wp","href":"https:\/\/api.w.org\/{rel}","templated":true}]}}