{"id":756575,"date":"2025-06-18T19:21:08","date_gmt":"2025-06-18T16:21:08","guid":{"rendered":"https:\/\/nextsnkr.com\/product\/adidas-adilette-white-slides\/"},"modified":"2026-01-29T14:47:59","modified_gmt":"2026-01-29T11:47:59","slug":"adidas-adilette-white-slides","status":"publish","type":"product","link":"https:\/\/nextsnkr.com\/de\/produkt\/adidas-adilette-white-slides\/","title":{"rendered":"Adidas Adilette White Slides Hausschuhe-Leichte EVA f\u00fcr Komfort"},"content":{"rendered":"<h2>Adidas Adilette White Slides Hausschuhe-Leichte EVA f\u00fcr Komfort<\/h2>\n<p>&nbsp;<\/p>\n<p>Die Adidas Adilette White Slides sind aus leichtem und strapazierf\u00e4higem EVA-Material gefertigt und bieten maximalen Komfort beim Gehen. Das wei\u00dfe Modell der Marke Adidas ist ideal f\u00fcr Zuhause, am Strand oder im Urlaub. Leicht, bequem und stilvoll kombinieren diese Folien hochwertige Materialien mit modernem Design und garantieren Komfort in jeder Situation.<\/p>\n","protected":false},"excerpt":{"rendered":"<p>Die Adidas Adilette White Slides sind aus leichtem und strapazierf\u00e4higem EVA-Material gefertigt und bieten maximalen Komfort beim Gehen. Das wei\u00dfe Modell der Marke Adidas ist ideal f\u00fcr Zuhause, am Strand oder im Urlaub. Leicht, bequem und stilvoll kombinieren diese Folien hochwertige Materialien mit modernem Design und garantieren Komfort in jeder Situation.<\/p>\n","protected":false},"featured_media":756576,"comment_status":"open","ping_status":"open","template":"","meta":[],"product_brand":[],"product_cat":[3225,3422],"product_tag":[],"class_list":{"0":"post-756575","1":"product","2":"type-product","3":"status-publish","4":"has-post-thumbnail","6":"product_cat-all-product","7":"product_cat-shlopantsi","8":"pa_rozmir-910","9":"pa_rozmir-912","10":"pa_rozmir-914","11":"pa_rozmir-915","12":"pa_rozmir-916","13":"pa_rozmir-917","14":"pa_rozmir-918","15":"pa_rozmir-919","16":"pa_rozmir-920","17":"pa_rozmir-921","18":"pa_rozmir-922","20":"first","21":"onbackorder","22":"purchasable","23":"product-type-variable"},"_links":{"self":[{"href":"https:\/\/nextsnkr.com\/de\/wp-json\/wp\/v2\/product\/756575","targetHints":{"allow":["GET"]}}],"collection":[{"href":"https:\/\/nextsnkr.com\/de\/wp-json\/wp\/v2\/product"}],"about":[{"href":"https:\/\/nextsnkr.com\/de\/wp-json\/wp\/v2\/types\/product"}],"replies":[{"embeddable":true,"href":"https:\/\/nextsnkr.com\/de\/wp-json\/wp\/v2\/comments?post=756575"}],"version-history":[{"count":0,"href":"https:\/\/nextsnkr.com\/de\/wp-json\/wp\/v2\/product\/756575\/revisions"}],"wp:featuredmedia":[{"embeddable":true,"href":"https:\/\/nextsnkr.com\/de\/wp-json\/wp\/v2\/media\/756576"}],"wp:attachment":[{"href":"https:\/\/nextsnkr.com\/de\/wp-json\/wp\/v2\/media?parent=756575"}],"wp:term":[{"taxonomy":"product_brand","embeddable":true,"href":"https:\/\/nextsnkr.com\/de\/wp-json\/wp\/v2\/product_brand?post=756575"},{"taxonomy":"product_cat","embeddable":true,"href":"https:\/\/nextsnkr.com\/de\/wp-json\/wp\/v2\/product_cat?post=756575"},{"taxonomy":"product_tag","embeddable":true,"href":"https:\/\/nextsnkr.com\/de\/wp-json\/wp\/v2\/product_tag?post=756575"}],"curies":[{"name":"wp","href":"https:\/\/api.w.org\/{rel}","templated":true}]}}