{"id":754877,"date":"2025-06-13T12:29:34","date_gmt":"2025-06-13T09:29:34","guid":{"rendered":"https:\/\/nextsnkr.com\/product\/slide-bone\/"},"modified":"2026-01-29T14:46:54","modified_gmt":"2026-01-29T11:46:54","slug":"slide-bone","status":"publish","type":"product","link":"https:\/\/nextsnkr.com\/de\/produkt\/slide-bone\/","title":{"rendered":"Slipper Slide Bone EVA-Leichte und bequeme Slipper f\u00fcr M\u00e4nner \/ Frauen"},"content":{"rendered":"<h2>Slipper Slide Bone EVA-Leichte und bequeme Slipper f\u00fcr M\u00e4nner \/ Frauen<\/h2>\n<p>&nbsp;<\/p>\n<p>Slipper Slide Bone sind stilvolle und bequeme Flip-Flops aus leichtem und strapazierf\u00e4higem EVA-Material, das Sto\u00dfd\u00e4mpfung und Verschlei\u00dffestigkeit bietet. Das Modell zeichnet sich durch sein originelles Design aus und eignet sich f\u00fcr zu Hause, am Strand oder den t\u00e4glichen Gebrauch. Die Slide Bone Hausschuhe, die in Vietnam hergestellt wurden, bieten maximalen Komfort beim Gehen und lassen sich leicht mit Sommer- und h\u00e4uslicher Kleidung kombinieren. Die ideale Wahl f\u00fcr diejenigen, die Praktikabilit\u00e4t und modernen Stil sch\u00e4tzen.<\/p>\n","protected":false},"excerpt":{"rendered":"<p>Slipper Slide Bone sind stilvolle und bequeme Flip-Flops aus leichtem und strapazierf\u00e4higem EVA-Material, das Sto\u00dfd\u00e4mpfung und Verschlei\u00dffestigkeit bietet. Das Modell zeichnet sich durch sein originelles Design aus und eignet sich f\u00fcr zu Hause, am Strand oder den t\u00e4glichen Gebrauch. Die Slide Bone Hausschuhe, die in Vietnam hergestellt wurden, bieten maximalen Komfort beim Gehen und lassen sich leicht mit Sommer- und h\u00e4uslicher Kleidung kombinieren. Die ideale Wahl f\u00fcr diejenigen, die Praktikabilit\u00e4t und modernen Stil sch\u00e4tzen.<\/p>\n","protected":false},"featured_media":754878,"comment_status":"open","ping_status":"open","template":"","meta":[],"product_brand":[],"product_cat":[3225,3422],"product_tag":[],"class_list":{"0":"post-754877","1":"product","2":"type-product","3":"status-publish","4":"has-post-thumbnail","6":"product_cat-all-product","7":"product_cat-shlopantsi","8":"pa_rozmir-910","9":"pa_rozmir-912","10":"pa_rozmir-914","11":"pa_rozmir-915","12":"pa_rozmir-916","13":"pa_rozmir-917","14":"pa_rozmir-918","15":"pa_rozmir-919","16":"pa_rozmir-920","17":"pa_rozmir-921","18":"pa_rozmir-922","20":"first","21":"instock","22":"purchasable","23":"product-type-variable"},"_links":{"self":[{"href":"https:\/\/nextsnkr.com\/de\/wp-json\/wp\/v2\/product\/754877","targetHints":{"allow":["GET"]}}],"collection":[{"href":"https:\/\/nextsnkr.com\/de\/wp-json\/wp\/v2\/product"}],"about":[{"href":"https:\/\/nextsnkr.com\/de\/wp-json\/wp\/v2\/types\/product"}],"replies":[{"embeddable":true,"href":"https:\/\/nextsnkr.com\/de\/wp-json\/wp\/v2\/comments?post=754877"}],"version-history":[{"count":0,"href":"https:\/\/nextsnkr.com\/de\/wp-json\/wp\/v2\/product\/754877\/revisions"}],"wp:featuredmedia":[{"embeddable":true,"href":"https:\/\/nextsnkr.com\/de\/wp-json\/wp\/v2\/media\/754878"}],"wp:attachment":[{"href":"https:\/\/nextsnkr.com\/de\/wp-json\/wp\/v2\/media?parent=754877"}],"wp:term":[{"taxonomy":"product_brand","embeddable":true,"href":"https:\/\/nextsnkr.com\/de\/wp-json\/wp\/v2\/product_brand?post=754877"},{"taxonomy":"product_cat","embeddable":true,"href":"https:\/\/nextsnkr.com\/de\/wp-json\/wp\/v2\/product_cat?post=754877"},{"taxonomy":"product_tag","embeddable":true,"href":"https:\/\/nextsnkr.com\/de\/wp-json\/wp\/v2\/product_tag?post=754877"}],"curies":[{"name":"wp","href":"https:\/\/api.w.org\/{rel}","templated":true}]}}