{"id":754708,"date":"2025-06-13T12:29:57","date_gmt":"2025-06-13T09:29:57","guid":{"rendered":"https:\/\/nextsnkr.com\/product\/350-mx-rock\/"},"modified":"2026-01-29T14:46:49","modified_gmt":"2026-01-29T11:46:49","slug":"350-mx-rock","status":"publish","type":"product","link":"https:\/\/nextsnkr.com\/de\/produkt\/350-mx-rock\/","title":{"rendered":"Herren Sneakers 350 MX Rock Textil Schwarz"},"content":{"rendered":"<h2>Herren Sneakers 350 MX Rock Textil Schwarz<\/h2>\n<p>&nbsp;<\/p>\n<p>Die 350 MX Rock Sneaker sind ein stilvolles und bequemes Modell f\u00fcr den t\u00e4glichen Gebrauch und aktiven Lebensrhythmus. Das leichte und atmungsaktive Textil sorgt auch bei langen Spazierg\u00e4ngen f\u00fcr Komfort und die flexible Sohle sorgt f\u00fcr nat\u00fcrliche D\u00e4mpfung. Dank des modernen Designs in dunklen Farbt\u00f6nen lassen sich die Sneakers leicht mit jedem Casual-Look kombinieren. Hergestellt in Vietnam, kombinieren sie Qualit\u00e4t, Praktikabilit\u00e4t und ein trendiges Aussehen \u2014 eine gute Wahl f\u00fcr die Stadt und Outdoor-Aktivit\u00e4ten.<\/p>\n","protected":false},"excerpt":{"rendered":"<p>Die 350 MX Rock Sneaker sind ein stilvolles und bequemes Modell f\u00fcr den t\u00e4glichen Gebrauch und aktiven Lebensrhythmus. Das leichte und atmungsaktive Textil sorgt auch bei langen Spazierg\u00e4ngen f\u00fcr Komfort und die flexible Sohle sorgt f\u00fcr nat\u00fcrliche D\u00e4mpfung. Dank des modernen Designs in dunklen Farbt\u00f6nen lassen sich die Sneakers leicht mit jedem Casual-Look kombinieren. Hergestellt in Vietnam, kombinieren sie Qualit\u00e4t, Praktikabilit\u00e4t und ein trendiges Aussehen \u2014 eine gute Wahl f\u00fcr die Stadt und Outdoor-Aktivit\u00e4ten.<\/p>\n","protected":false},"featured_media":754709,"comment_status":"open","ping_status":"open","template":"","meta":[],"product_brand":[],"product_cat":[3225,3226],"product_tag":[],"class_list":{"0":"post-754708","1":"product","2":"type-product","3":"status-publish","4":"has-post-thumbnail","6":"product_cat-all-product","7":"product_cat-krosivky","8":"pa_rozmir-910","9":"pa_rozmir-912","10":"pa_rozmir-914","11":"pa_rozmir-915","12":"pa_rozmir-916","13":"pa_rozmir-917","14":"pa_rozmir-918","15":"pa_rozmir-919","16":"pa_rozmir-920","17":"pa_rozmir-921","18":"pa_rozmir-922","20":"first","21":"onbackorder","22":"purchasable","23":"product-type-variable"},"_links":{"self":[{"href":"https:\/\/nextsnkr.com\/de\/wp-json\/wp\/v2\/product\/754708","targetHints":{"allow":["GET"]}}],"collection":[{"href":"https:\/\/nextsnkr.com\/de\/wp-json\/wp\/v2\/product"}],"about":[{"href":"https:\/\/nextsnkr.com\/de\/wp-json\/wp\/v2\/types\/product"}],"replies":[{"embeddable":true,"href":"https:\/\/nextsnkr.com\/de\/wp-json\/wp\/v2\/comments?post=754708"}],"version-history":[{"count":0,"href":"https:\/\/nextsnkr.com\/de\/wp-json\/wp\/v2\/product\/754708\/revisions"}],"wp:featuredmedia":[{"embeddable":true,"href":"https:\/\/nextsnkr.com\/de\/wp-json\/wp\/v2\/media\/754709"}],"wp:attachment":[{"href":"https:\/\/nextsnkr.com\/de\/wp-json\/wp\/v2\/media?parent=754708"}],"wp:term":[{"taxonomy":"product_brand","embeddable":true,"href":"https:\/\/nextsnkr.com\/de\/wp-json\/wp\/v2\/product_brand?post=754708"},{"taxonomy":"product_cat","embeddable":true,"href":"https:\/\/nextsnkr.com\/de\/wp-json\/wp\/v2\/product_cat?post=754708"},{"taxonomy":"product_tag","embeddable":true,"href":"https:\/\/nextsnkr.com\/de\/wp-json\/wp\/v2\/product_tag?post=754708"}],"curies":[{"name":"wp","href":"https:\/\/api.w.org\/{rel}","templated":true}]}}