{"id":751822,"date":"2025-06-13T12:37:00","date_gmt":"2025-06-13T09:37:00","guid":{"rendered":"https:\/\/nextsnkr.com\/product\/ugg-mini-black-suede\/"},"modified":"2026-01-29T14:44:47","modified_gmt":"2026-01-29T11:44:47","slug":"ugg-mini-black-suede","status":"publish","type":"product","link":"https:\/\/nextsnkr.com\/de\/produkt\/ugg-mini-black-suede\/","title":{"rendered":"Ugg Mini Black Suede Stiefel-Damen Wildleder mit echtem Schaffell"},"content":{"rendered":"<h2>Ugg Mini Black Suede Stiefel-Damen Wildleder mit echtem Schaffell<\/h2>\n<p>&nbsp;<\/p>\n<p>Die Ugg Mini Black Suede Stiefel sind eine Kombination aus W\u00e4rme, Komfort und stilvollem, minimalistischem Design. Das Modell besteht aus weichem Wildleder und ist innen mit nat\u00fcrlichem Schaffell isoliert, was selbst bei kaltem Wetter eine hervorragende W\u00e4rmed\u00e4mmung bietet. Die leichte und flexible Sohle verleiht Komfort w\u00e4hrend des t\u00e4glichen Gebrauchs. Die klassische schwarze Farbe l\u00e4sst sich leicht mit jeder Art und Weise kombinieren. W\u00e4hlen Sie den Ugg Mini-jeden Tag warm, stylisch und komfortabel.<\/p>\n","protected":false},"excerpt":{"rendered":"<p>Die Ugg Mini Black Suede Stiefel sind eine Kombination aus W\u00e4rme, Komfort und stilvollem, minimalistischem Design. Das Modell besteht aus weichem Wildleder und ist innen mit nat\u00fcrlichem Schaffell isoliert, was selbst bei kaltem Wetter eine hervorragende W\u00e4rmed\u00e4mmung bietet. Die leichte und flexible Sohle verleiht Komfort w\u00e4hrend des t\u00e4glichen Gebrauchs. Die klassische schwarze Farbe l\u00e4sst sich leicht mit jeder Art und Weise kombinieren. W\u00e4hlen Sie den Ugg Mini-jeden Tag warm, stylisch und komfortabel.<\/p>\n","protected":false},"featured_media":751823,"comment_status":"open","ping_status":"open","template":"","meta":[],"product_brand":[],"product_cat":[3409,3225],"product_tag":[],"class_list":{"0":"post-751822","1":"product","2":"type-product","3":"status-publish","4":"has-post-thumbnail","6":"product_cat-ugg","7":"product_cat-all-product","8":"pa_rozmir-910","9":"pa_rozmir-912","10":"pa_rozmir-914","11":"pa_rozmir-915","12":"pa_rozmir-916","13":"pa_rozmir-917","14":"pa_rozmir-918","15":"pa_rozmir-919","16":"pa_rozmir-920","17":"pa_rozmir-921","18":"pa_rozmir-922","20":"first","21":"onbackorder","22":"purchasable","23":"product-type-variable"},"_links":{"self":[{"href":"https:\/\/nextsnkr.com\/de\/wp-json\/wp\/v2\/product\/751822","targetHints":{"allow":["GET"]}}],"collection":[{"href":"https:\/\/nextsnkr.com\/de\/wp-json\/wp\/v2\/product"}],"about":[{"href":"https:\/\/nextsnkr.com\/de\/wp-json\/wp\/v2\/types\/product"}],"replies":[{"embeddable":true,"href":"https:\/\/nextsnkr.com\/de\/wp-json\/wp\/v2\/comments?post=751822"}],"version-history":[{"count":0,"href":"https:\/\/nextsnkr.com\/de\/wp-json\/wp\/v2\/product\/751822\/revisions"}],"wp:featuredmedia":[{"embeddable":true,"href":"https:\/\/nextsnkr.com\/de\/wp-json\/wp\/v2\/media\/751823"}],"wp:attachment":[{"href":"https:\/\/nextsnkr.com\/de\/wp-json\/wp\/v2\/media?parent=751822"}],"wp:term":[{"taxonomy":"product_brand","embeddable":true,"href":"https:\/\/nextsnkr.com\/de\/wp-json\/wp\/v2\/product_brand?post=751822"},{"taxonomy":"product_cat","embeddable":true,"href":"https:\/\/nextsnkr.com\/de\/wp-json\/wp\/v2\/product_cat?post=751822"},{"taxonomy":"product_tag","embeddable":true,"href":"https:\/\/nextsnkr.com\/de\/wp-json\/wp\/v2\/product_tag?post=751822"}],"curies":[{"name":"wp","href":"https:\/\/api.w.org\/{rel}","templated":true}]}}