{"id":751653,"date":"2025-06-13T12:37:23","date_gmt":"2025-06-13T09:37:23","guid":{"rendered":"https:\/\/nextsnkr.com\/product\/ugg-classic-mini-leather\/"},"modified":"2026-01-29T14:44:42","modified_gmt":"2026-01-29T11:44:42","slug":"ugg-classic-mini-leather","status":"publish","type":"product","link":"https:\/\/nextsnkr.com\/de\/produkt\/ugg-classic-mini-leather\/","title":{"rendered":"UGG Classic Mini Leather-Damenschuhe aus Leder"},"content":{"rendered":"<h2>UGG Classic Mini Leather-Damenschuhe aus Leder<\/h2>\n<p>&nbsp;<\/p>\n<p>Das stilvolle Ugg Classic Mini Leather ist aus echtem Leder gefertigt und innen mit weichem Schaffell isoliert, was Komfort und W\u00e4rme auch bei kaltem Wetter garantiert. Der klassische kurze Stil bietet Komfort beim t\u00e4glichen Tragen, und die hochwertigen Materialien betonen die Haltbarkeit der Schuhe. Diese UGG-Schuhe sind die perfekte Wahl f\u00fcr diejenigen, die die Kombination aus Stil, nat\u00fcrlichen Materialien und zuverl\u00e4ssigem Schutz vor K\u00e4lte sch\u00e4tzen.<\/p>\n","protected":false},"excerpt":{"rendered":"<p>Das stilvolle Ugg Classic Mini Leather ist aus echtem Leder gefertigt und innen mit weichem Schaffell isoliert, was Komfort und W\u00e4rme auch bei kaltem Wetter garantiert. Der klassische kurze Stil bietet Komfort beim t\u00e4glichen Tragen, und die hochwertigen Materialien betonen die Haltbarkeit der Schuhe. Diese UGG-Schuhe sind die perfekte Wahl f\u00fcr diejenigen, die die Kombination aus Stil, nat\u00fcrlichen Materialien und zuverl\u00e4ssigem Schutz vor K\u00e4lte sch\u00e4tzen.<\/p>\n","protected":false},"featured_media":751654,"comment_status":"open","ping_status":"open","template":"","meta":[],"product_brand":[],"product_cat":[3409,3225],"product_tag":[],"class_list":{"0":"post-751653","1":"product","2":"type-product","3":"status-publish","4":"has-post-thumbnail","6":"product_cat-ugg","7":"product_cat-all-product","8":"pa_rozmir-910","9":"pa_rozmir-912","10":"pa_rozmir-914","11":"pa_rozmir-915","12":"pa_rozmir-916","13":"pa_rozmir-917","14":"pa_rozmir-918","15":"pa_rozmir-919","16":"pa_rozmir-920","17":"pa_rozmir-921","18":"pa_rozmir-922","20":"first","21":"instock","22":"purchasable","23":"product-type-variable"},"_links":{"self":[{"href":"https:\/\/nextsnkr.com\/de\/wp-json\/wp\/v2\/product\/751653","targetHints":{"allow":["GET"]}}],"collection":[{"href":"https:\/\/nextsnkr.com\/de\/wp-json\/wp\/v2\/product"}],"about":[{"href":"https:\/\/nextsnkr.com\/de\/wp-json\/wp\/v2\/types\/product"}],"replies":[{"embeddable":true,"href":"https:\/\/nextsnkr.com\/de\/wp-json\/wp\/v2\/comments?post=751653"}],"version-history":[{"count":0,"href":"https:\/\/nextsnkr.com\/de\/wp-json\/wp\/v2\/product\/751653\/revisions"}],"wp:featuredmedia":[{"embeddable":true,"href":"https:\/\/nextsnkr.com\/de\/wp-json\/wp\/v2\/media\/751654"}],"wp:attachment":[{"href":"https:\/\/nextsnkr.com\/de\/wp-json\/wp\/v2\/media?parent=751653"}],"wp:term":[{"taxonomy":"product_brand","embeddable":true,"href":"https:\/\/nextsnkr.com\/de\/wp-json\/wp\/v2\/product_brand?post=751653"},{"taxonomy":"product_cat","embeddable":true,"href":"https:\/\/nextsnkr.com\/de\/wp-json\/wp\/v2\/product_cat?post=751653"},{"taxonomy":"product_tag","embeddable":true,"href":"https:\/\/nextsnkr.com\/de\/wp-json\/wp\/v2\/product_tag?post=751653"}],"curies":[{"name":"wp","href":"https:\/\/api.w.org\/{rel}","templated":true}]}}