{"id":750977,"date":"2025-06-13T12:39:06","date_gmt":"2025-06-13T09:39:06","guid":{"rendered":"https:\/\/nextsnkr.com\/product\/ugg-mini-black-leather\/"},"modified":"2026-01-29T14:44:14","modified_gmt":"2026-01-29T11:44:14","slug":"ugg-mini-black-leather","status":"publish","type":"product","link":"https:\/\/nextsnkr.com\/de\/produkt\/ugg-mini-black-leather\/","title":{"rendered":"Ugg Boots Ugg Mini Black Leather Damen Schwarz Eco-Leder"},"content":{"rendered":"<h2>Ugg Boots Ugg Mini Black Leather Damen Schwarz Eco-Leder<\/h2>\n<p>&nbsp;<\/p>\n<p>Ugg Mini Black Leather ist ein stilvoller und warmer Schuh f\u00fcr die kalte Jahreszeit. Das Modell besteht aus einer Kombination aus Textil und umweltfreundlichem Leder, das Weichheit, Komfort und Verschlei\u00dffestigkeit bietet. Die klassische schwarze Farbe passt leicht zu jedem Winterlook, und das niedrige Mini-Format macht Uggs f\u00fcr den t\u00e4glichen Gebrauch bequem. Diese Uggs, die in Vietnam hergestellt werden, garantieren Qualit\u00e4t, W\u00e4rme und Leichtigkeit des Gangs. Eine ideale Wahl f\u00fcr die Stadt und aktive Winterwanderungen.<\/p>\n","protected":false},"excerpt":{"rendered":"<p>Ugg Mini Black Leather ist ein stilvoller und warmer Schuh f\u00fcr die kalte Jahreszeit. Das Modell besteht aus einer Kombination aus Textil und umweltfreundlichem Leder, das Weichheit, Komfort und Verschlei\u00dffestigkeit bietet. Die klassische schwarze Farbe passt leicht zu jedem Winterlook, und das niedrige Mini-Format macht Uggs f\u00fcr den t\u00e4glichen Gebrauch bequem. Diese Uggs, die in Vietnam hergestellt werden, garantieren Qualit\u00e4t, W\u00e4rme und Leichtigkeit des Gangs. Eine ideale Wahl f\u00fcr die Stadt und aktive Winterwanderungen.<\/p>\n","protected":false},"featured_media":750978,"comment_status":"open","ping_status":"open","template":"","meta":[],"product_brand":[],"product_cat":[3409,3225],"product_tag":[],"class_list":{"0":"post-750977","1":"product","2":"type-product","3":"status-publish","4":"has-post-thumbnail","6":"product_cat-ugg","7":"product_cat-all-product","8":"pa_rozmir-910","9":"pa_rozmir-912","10":"pa_rozmir-914","11":"pa_rozmir-915","12":"pa_rozmir-916","13":"pa_rozmir-917","14":"pa_rozmir-918","15":"pa_rozmir-919","16":"pa_rozmir-920","17":"pa_rozmir-921","18":"pa_rozmir-922","20":"first","21":"instock","22":"purchasable","23":"product-type-variable"},"_links":{"self":[{"href":"https:\/\/nextsnkr.com\/de\/wp-json\/wp\/v2\/product\/750977","targetHints":{"allow":["GET"]}}],"collection":[{"href":"https:\/\/nextsnkr.com\/de\/wp-json\/wp\/v2\/product"}],"about":[{"href":"https:\/\/nextsnkr.com\/de\/wp-json\/wp\/v2\/types\/product"}],"replies":[{"embeddable":true,"href":"https:\/\/nextsnkr.com\/de\/wp-json\/wp\/v2\/comments?post=750977"}],"version-history":[{"count":0,"href":"https:\/\/nextsnkr.com\/de\/wp-json\/wp\/v2\/product\/750977\/revisions"}],"wp:featuredmedia":[{"embeddable":true,"href":"https:\/\/nextsnkr.com\/de\/wp-json\/wp\/v2\/media\/750978"}],"wp:attachment":[{"href":"https:\/\/nextsnkr.com\/de\/wp-json\/wp\/v2\/media?parent=750977"}],"wp:term":[{"taxonomy":"product_brand","embeddable":true,"href":"https:\/\/nextsnkr.com\/de\/wp-json\/wp\/v2\/product_brand?post=750977"},{"taxonomy":"product_cat","embeddable":true,"href":"https:\/\/nextsnkr.com\/de\/wp-json\/wp\/v2\/product_cat?post=750977"},{"taxonomy":"product_tag","embeddable":true,"href":"https:\/\/nextsnkr.com\/de\/wp-json\/wp\/v2\/product_tag?post=750977"}],"curies":[{"name":"wp","href":"https:\/\/api.w.org\/{rel}","templated":true}]}}