{"id":750470,"date":"2025-06-13T12:40:29","date_gmt":"2025-06-13T09:40:29","guid":{"rendered":"https:\/\/nextsnkr.com\/product\/ugg-classic-mini-ii-boot-light-shade-rasprodazha\/"},"modified":"2026-01-29T14:44:00","modified_gmt":"2026-01-29T11:44:00","slug":"ugg-classic-mini-ii-boot-light-shade-rasprodazha","status":"publish","type":"product","link":"https:\/\/nextsnkr.com\/de\/produkt\/ugg-classic-mini-ii-boot-light-shade-rasprodazha\/","title":{"rendered":"UGG Classic Mini II Boot Light Shade &#8211; Damen-Wildleder-Uggs mit Schaffell"},"content":{"rendered":"<h2>UGG Classic Mini II Boot Light Shade &#8211; Damen-Wildleder-Uggs mit Schaffell<\/h2>\n<p>&nbsp;<\/p>\n<p>UGG Classic Mini II Boot Light Shade-stilvolle und warme uggs, die speziell f\u00fcr maximalen Komfort w\u00e4hrend der kalten jahreszeit. Hergestellt aus echtem Wildleder und weichem Australischen Schaffell, Sie halten die W\u00e4rme perfekt und sorgen f\u00fcr eine angenehme W\u00e4rmeregulierung. Die leichte und abriebfeste Sohle garantiert Komfort beim t\u00e4glichen tragen. Das Originalmodell aus Australien verbindet klassisches Design mit hoher Qualit\u00e4t. W\u00e4hlen Sie UGG Classic Mini II zu f\u00fcgen Sie Gem\u00fctlichkeit und Eleganz Ihrer Winter-Outfit.<\/p>\n","protected":false},"excerpt":{"rendered":"<p>UGG Classic Mini II Boot Light Shade-stilvolle und warme uggs, die speziell f\u00fcr maximalen Komfort w\u00e4hrend der kalten jahreszeit. Hergestellt aus echtem Wildleder und weichem Australischen Schaffell, Sie halten die W\u00e4rme perfekt und sorgen f\u00fcr eine angenehme W\u00e4rmeregulierung. Die leichte und abriebfeste Sohle garantiert Komfort beim t\u00e4glichen tragen. Das Originalmodell aus Australien verbindet klassisches Design mit hoher Qualit\u00e4t. W\u00e4hlen Sie UGG Classic Mini II zu f\u00fcgen Sie Gem\u00fctlichkeit und Eleganz Ihrer Winter-Outfit.<\/p>\n","protected":false},"featured_media":750471,"comment_status":"open","ping_status":"open","template":"","meta":[],"product_brand":[],"product_cat":[3409,3225],"product_tag":[],"class_list":{"0":"post-750470","1":"product","2":"type-product","3":"status-publish","4":"has-post-thumbnail","6":"product_cat-ugg","7":"product_cat-all-product","8":"pa_rozmir-923","9":"pa_rozmir-910","10":"pa_rozmir-912","11":"pa_rozmir-914","12":"pa_rozmir-915","13":"pa_rozmir-916","14":"pa_rozmir-917","15":"pa_rozmir-918","16":"pa_rozmir-919","17":"pa_rozmir-920","18":"pa_rozmir-921","20":"first","21":"onbackorder","22":"purchasable","23":"product-type-variable"},"_links":{"self":[{"href":"https:\/\/nextsnkr.com\/de\/wp-json\/wp\/v2\/product\/750470","targetHints":{"allow":["GET"]}}],"collection":[{"href":"https:\/\/nextsnkr.com\/de\/wp-json\/wp\/v2\/product"}],"about":[{"href":"https:\/\/nextsnkr.com\/de\/wp-json\/wp\/v2\/types\/product"}],"replies":[{"embeddable":true,"href":"https:\/\/nextsnkr.com\/de\/wp-json\/wp\/v2\/comments?post=750470"}],"version-history":[{"count":0,"href":"https:\/\/nextsnkr.com\/de\/wp-json\/wp\/v2\/product\/750470\/revisions"}],"wp:featuredmedia":[{"embeddable":true,"href":"https:\/\/nextsnkr.com\/de\/wp-json\/wp\/v2\/media\/750471"}],"wp:attachment":[{"href":"https:\/\/nextsnkr.com\/de\/wp-json\/wp\/v2\/media?parent=750470"}],"wp:term":[{"taxonomy":"product_brand","embeddable":true,"href":"https:\/\/nextsnkr.com\/de\/wp-json\/wp\/v2\/product_brand?post=750470"},{"taxonomy":"product_cat","embeddable":true,"href":"https:\/\/nextsnkr.com\/de\/wp-json\/wp\/v2\/product_cat?post=750470"},{"taxonomy":"product_tag","embeddable":true,"href":"https:\/\/nextsnkr.com\/de\/wp-json\/wp\/v2\/product_tag?post=750470"}],"curies":[{"name":"wp","href":"https:\/\/api.w.org\/{rel}","templated":true}]}}