{"id":749287,"date":"2025-06-14T15:57:34","date_gmt":"2025-06-14T12:57:34","guid":{"rendered":"https:\/\/nextsnkr.com\/product\/dior-dway-slippers-l-gold\/"},"modified":"2026-01-29T14:43:07","modified_gmt":"2026-01-29T11:43:07","slug":"dior-dway-slippers-l-gold","status":"publish","type":"product","link":"https:\/\/nextsnkr.com\/de\/produkt\/dior-dway-slippers-l-gold\/","title":{"rendered":"Slipper Dior Dway Slippers L. Gold-Stilvolle Leder-Hausschuhe"},"content":{"rendered":"<h2>Slipper Dior Dway Slippers L. Gold-Stilvolle Leder-Hausschuhe<\/h2>\n<p>&nbsp;<\/p>\n<p>Dior Dway Slippers L. Gold ist ein elegantes Leder- und Textilmodell, das Komfort mit Premium-Stil verbindet. Leicht und bequem, sorgen sie f\u00fcr ein angenehmes Tragegef\u00fchl zu Hause und goldene Akzente verleihen Luxus und Raffinesse. Hochwertige Materialien garantieren Langlebigkeit und ein angenehmes Gef\u00fchl bei Hautkontakt. Eine ideale Wahl f\u00fcr diejenigen, die Komfort, Stil und Markenqualit\u00e4t auch in Haushaltsschuhen sch\u00e4tzen.<\/p>\n","protected":false},"excerpt":{"rendered":"<p>Dior Dway Slippers L. Gold ist ein elegantes Leder- und Textilmodell, das Komfort mit Premium-Stil verbindet. Leicht und bequem, sorgen sie f\u00fcr ein angenehmes Tragegef\u00fchl zu Hause und goldene Akzente verleihen Luxus und Raffinesse. Hochwertige Materialien garantieren Langlebigkeit und ein angenehmes Gef\u00fchl bei Hautkontakt. Eine ideale Wahl f\u00fcr diejenigen, die Komfort, Stil und Markenqualit\u00e4t auch in Haushaltsschuhen sch\u00e4tzen.<\/p>\n","protected":false},"featured_media":749288,"comment_status":"open","ping_status":"open","template":"","meta":[],"product_brand":[],"product_cat":[3225,3422],"product_tag":[],"class_list":{"0":"post-749287","1":"product","2":"type-product","3":"status-publish","4":"has-post-thumbnail","6":"product_cat-all-product","7":"product_cat-shlopantsi","8":"pa_rozmir-910","9":"pa_rozmir-912","10":"pa_rozmir-914","11":"pa_rozmir-915","12":"pa_rozmir-916","13":"pa_rozmir-917","14":"pa_rozmir-918","15":"pa_rozmir-919","16":"pa_rozmir-920","17":"pa_rozmir-921","18":"pa_rozmir-922","20":"first","21":"onbackorder","22":"purchasable","23":"product-type-variable"},"_links":{"self":[{"href":"https:\/\/nextsnkr.com\/de\/wp-json\/wp\/v2\/product\/749287","targetHints":{"allow":["GET"]}}],"collection":[{"href":"https:\/\/nextsnkr.com\/de\/wp-json\/wp\/v2\/product"}],"about":[{"href":"https:\/\/nextsnkr.com\/de\/wp-json\/wp\/v2\/types\/product"}],"replies":[{"embeddable":true,"href":"https:\/\/nextsnkr.com\/de\/wp-json\/wp\/v2\/comments?post=749287"}],"version-history":[{"count":0,"href":"https:\/\/nextsnkr.com\/de\/wp-json\/wp\/v2\/product\/749287\/revisions"}],"wp:featuredmedia":[{"embeddable":true,"href":"https:\/\/nextsnkr.com\/de\/wp-json\/wp\/v2\/media\/749288"}],"wp:attachment":[{"href":"https:\/\/nextsnkr.com\/de\/wp-json\/wp\/v2\/media?parent=749287"}],"wp:term":[{"taxonomy":"product_brand","embeddable":true,"href":"https:\/\/nextsnkr.com\/de\/wp-json\/wp\/v2\/product_brand?post=749287"},{"taxonomy":"product_cat","embeddable":true,"href":"https:\/\/nextsnkr.com\/de\/wp-json\/wp\/v2\/product_cat?post=749287"},{"taxonomy":"product_tag","embeddable":true,"href":"https:\/\/nextsnkr.com\/de\/wp-json\/wp\/v2\/product_tag?post=749287"}],"curies":[{"name":"wp","href":"https:\/\/api.w.org\/{rel}","templated":true}]}}