{"id":745548,"date":"2025-06-14T16:13:10","date_gmt":"2025-06-14T13:13:10","guid":{"rendered":"https:\/\/nextsnkr.com\/product\/balenciaga-3xl-black-white\/"},"modified":"2026-01-29T14:40:50","modified_gmt":"2026-01-29T11:40:50","slug":"balenciaga-3xl-black-white","status":"publish","type":"product","link":"https:\/\/nextsnkr.com\/de\/produkt\/balenciaga-3xl-black-white\/","title":{"rendered":"Balenciaga 3XL Black \/ White Sneakers aus Leder und Textil"},"content":{"rendered":"<h2>Balenciaga 3XL Black \/ White Sneakers aus Leder und Textil<\/h2>\n<p>&nbsp;<\/p>\n<p>Balenciaga 3XL Black \/ White-Stilvolle und moderne Sneakers, die Kombination aus Leder und Textilien sorgt f\u00fcr Haltbarkeit, Komfort und hervorragende Bel\u00fcftung. Das Modell zeichnet sich durch ein massives Design mit kontrastierenden schwarzen und wei\u00dfen Elementen aus, was dem Bild Einzigartigkeit und Trendhaftigkeit verleiht. Die in China hergestellten Balenciaga Sneakers sind perfekt f\u00fcr das t\u00e4gliche Tragen und den aktiven urbanen Stil, der Premium-Qualit\u00e4t und einen modernen Look kombiniert.<\/p>\n","protected":false},"excerpt":{"rendered":"<p>Balenciaga 3XL Black \/ White-Stilvolle und moderne Sneakers, die Kombination aus Leder und Textilien sorgt f\u00fcr Haltbarkeit, Komfort und hervorragende Bel\u00fcftung. Das Modell zeichnet sich durch ein massives Design mit kontrastierenden schwarzen und wei\u00dfen Elementen aus, was dem Bild Einzigartigkeit und Trendhaftigkeit verleiht. Die in China hergestellten Balenciaga Sneakers sind perfekt f\u00fcr das t\u00e4gliche Tragen und den aktiven urbanen Stil, der Premium-Qualit\u00e4t und einen modernen Look kombiniert.<\/p>\n","protected":false},"featured_media":745549,"comment_status":"open","ping_status":"open","template":"","meta":[],"product_brand":[],"product_cat":[3225,3226],"product_tag":[],"class_list":{"0":"post-745548","1":"product","2":"type-product","3":"status-publish","4":"has-post-thumbnail","6":"product_cat-all-product","7":"product_cat-krosivky","8":"pa_rozmir-910","9":"pa_rozmir-912","10":"pa_rozmir-914","11":"pa_rozmir-915","12":"pa_rozmir-916","13":"pa_rozmir-917","14":"pa_rozmir-918","15":"pa_rozmir-919","16":"pa_rozmir-920","17":"pa_rozmir-921","18":"pa_rozmir-922","20":"first","21":"onbackorder","22":"purchasable","23":"product-type-variable"},"_links":{"self":[{"href":"https:\/\/nextsnkr.com\/de\/wp-json\/wp\/v2\/product\/745548","targetHints":{"allow":["GET"]}}],"collection":[{"href":"https:\/\/nextsnkr.com\/de\/wp-json\/wp\/v2\/product"}],"about":[{"href":"https:\/\/nextsnkr.com\/de\/wp-json\/wp\/v2\/types\/product"}],"replies":[{"embeddable":true,"href":"https:\/\/nextsnkr.com\/de\/wp-json\/wp\/v2\/comments?post=745548"}],"version-history":[{"count":0,"href":"https:\/\/nextsnkr.com\/de\/wp-json\/wp\/v2\/product\/745548\/revisions"}],"wp:featuredmedia":[{"embeddable":true,"href":"https:\/\/nextsnkr.com\/de\/wp-json\/wp\/v2\/media\/745549"}],"wp:attachment":[{"href":"https:\/\/nextsnkr.com\/de\/wp-json\/wp\/v2\/media?parent=745548"}],"wp:term":[{"taxonomy":"product_brand","embeddable":true,"href":"https:\/\/nextsnkr.com\/de\/wp-json\/wp\/v2\/product_brand?post=745548"},{"taxonomy":"product_cat","embeddable":true,"href":"https:\/\/nextsnkr.com\/de\/wp-json\/wp\/v2\/product_cat?post=745548"},{"taxonomy":"product_tag","embeddable":true,"href":"https:\/\/nextsnkr.com\/de\/wp-json\/wp\/v2\/product_tag?post=745548"}],"curies":[{"name":"wp","href":"https:\/\/api.w.org\/{rel}","templated":true}]}}