{"id":745002,"date":"2025-06-14T16:14:55","date_gmt":"2025-06-14T13:14:55","guid":{"rendered":"https:\/\/nextsnkr.com\/product\/vans-knu-skool-black\/"},"modified":"2026-01-29T14:40:36","modified_gmt":"2026-01-29T11:40:36","slug":"vans-knu-skool-black","status":"publish","type":"product","link":"https:\/\/nextsnkr.com\/de\/produkt\/vans-knu-skool-black\/","title":{"rendered":"Sneakers Vans Knu Skool Black-Sneakers aus schwarzem Wildleder und Textil"},"content":{"rendered":"<h2>Sneakers Vans Knu Skool Black-Sneakers aus schwarzem Wildleder und Textil<\/h2>\n<p>&nbsp;<\/p>\n<p>Die stilvollen Sneakers von Vans Knu Skool Black sind f\u00fcr diejenigen konzipiert, die Komfort und klassische Skate-\u00c4sthetik sch\u00e4tzen. Das Obermaterial aus einer Kombination aus Wildleder und Textilien sorgt f\u00fcr St\u00e4rke, Komfort und einen modernen Look. Die verst\u00e4rkte Zunge und die gepolsterte Innensohle sorgen f\u00fcr zus\u00e4tzlichen Komfort und die markante Vans-Sohle garantiert einen hervorragenden Grip auf der Oberfl\u00e4che. Die universelle schwarze Farbe l\u00e4sst sich leicht mit jeder allt\u00e4glichen Art und Weise kombinieren. Eine ideale Wahl f\u00fcr urbanen Stil und aktiven Lebensstil.<\/p>\n","protected":false},"excerpt":{"rendered":"<p>Die stilvollen Sneakers von Vans Knu Skool Black sind f\u00fcr diejenigen konzipiert, die Komfort und klassische Skate-\u00c4sthetik sch\u00e4tzen. Das Obermaterial aus einer Kombination aus Wildleder und Textilien sorgt f\u00fcr St\u00e4rke, Komfort und einen modernen Look. Die verst\u00e4rkte Zunge und die gepolsterte Innensohle sorgen f\u00fcr zus\u00e4tzlichen Komfort und die markante Vans-Sohle garantiert einen hervorragenden Grip auf der Oberfl\u00e4che. Die universelle schwarze Farbe l\u00e4sst sich leicht mit jeder allt\u00e4glichen Art und Weise kombinieren. Eine ideale Wahl f\u00fcr urbanen Stil und aktiven Lebensstil.<\/p>\n","protected":false},"featured_media":745003,"comment_status":"open","ping_status":"open","template":"","meta":[],"product_brand":[],"product_cat":[3225,3320],"product_tag":[],"class_list":{"0":"post-745002","1":"product","2":"type-product","3":"status-publish","4":"has-post-thumbnail","6":"product_cat-all-product","7":"product_cat-kedy","8":"pa_rozmir-910","9":"pa_rozmir-912","10":"pa_rozmir-914","11":"pa_rozmir-915","12":"pa_rozmir-916","13":"pa_rozmir-917","14":"pa_rozmir-918","15":"pa_rozmir-919","16":"pa_rozmir-920","17":"pa_rozmir-921","18":"pa_rozmir-922","20":"first","21":"instock","22":"purchasable","23":"product-type-variable"},"_links":{"self":[{"href":"https:\/\/nextsnkr.com\/de\/wp-json\/wp\/v2\/product\/745002","targetHints":{"allow":["GET"]}}],"collection":[{"href":"https:\/\/nextsnkr.com\/de\/wp-json\/wp\/v2\/product"}],"about":[{"href":"https:\/\/nextsnkr.com\/de\/wp-json\/wp\/v2\/types\/product"}],"replies":[{"embeddable":true,"href":"https:\/\/nextsnkr.com\/de\/wp-json\/wp\/v2\/comments?post=745002"}],"version-history":[{"count":0,"href":"https:\/\/nextsnkr.com\/de\/wp-json\/wp\/v2\/product\/745002\/revisions"}],"wp:featuredmedia":[{"embeddable":true,"href":"https:\/\/nextsnkr.com\/de\/wp-json\/wp\/v2\/media\/745003"}],"wp:attachment":[{"href":"https:\/\/nextsnkr.com\/de\/wp-json\/wp\/v2\/media?parent=745002"}],"wp:term":[{"taxonomy":"product_brand","embeddable":true,"href":"https:\/\/nextsnkr.com\/de\/wp-json\/wp\/v2\/product_brand?post=745002"},{"taxonomy":"product_cat","embeddable":true,"href":"https:\/\/nextsnkr.com\/de\/wp-json\/wp\/v2\/product_cat?post=745002"},{"taxonomy":"product_tag","embeddable":true,"href":"https:\/\/nextsnkr.com\/de\/wp-json\/wp\/v2\/product_tag?post=745002"}],"curies":[{"name":"wp","href":"https:\/\/api.w.org\/{rel}","templated":true}]}}