{"id":744092,"date":"2025-06-14T16:18:04","date_gmt":"2025-06-14T13:18:04","guid":{"rendered":"https:\/\/nextsnkr.com\/product\/vans-knu-skool-brown-white\/"},"modified":"2026-01-29T14:40:01","modified_gmt":"2026-01-29T11:40:01","slug":"vans-knu-skool-brown-white","status":"publish","type":"product","link":"https:\/\/nextsnkr.com\/de\/produkt\/vans-knu-skool-brown-white\/","title":{"rendered":"Sneakers Vans Knu Skool Brown \/ White \u2014 Sneakers aus Wildleder und Leder"},"content":{"rendered":"<h2>Sneakers Vans Knu Skool Brown \/ White \u2014 Sneakers aus Wildleder und Leder<\/h2>\n<p>&nbsp;<\/p>\n<p>Die Vans Knu Skool Brown \/ White Sneakers kombinieren klassisches Design und modernen Komfort. Hergestellt aus strapazierf\u00e4higem Wildleder und echtem Leder, bieten sie Haltbarkeit, eine bequeme Passform und einen stilvollen Look in jedem Look. Die kontrastreiche Kombination aus Braun und Wei\u00df unterstreicht den einzigartigen Stil des Modells. Diese in Vietnam hergestellten Turnschuhe sind ideal f\u00fcr den t\u00e4glichen Verschlei\u00df, den urbanen Stil und die Outdoor-Aktivit\u00e4ten. Vans Knu Skool ist eine Wahl f\u00fcr diejenigen, die Qualit\u00e4t und modischen Look sch\u00e4tzen.<\/p>\n","protected":false},"excerpt":{"rendered":"<p>Die Vans Knu Skool Brown \/ White Sneakers kombinieren klassisches Design und modernen Komfort. Hergestellt aus strapazierf\u00e4higem Wildleder und echtem Leder, bieten sie Haltbarkeit, eine bequeme Passform und einen stilvollen Look in jedem Look. Die kontrastreiche Kombination aus Braun und Wei\u00df unterstreicht den einzigartigen Stil des Modells. Diese in Vietnam hergestellten Turnschuhe sind ideal f\u00fcr den t\u00e4glichen Verschlei\u00df, den urbanen Stil und die Outdoor-Aktivit\u00e4ten. Vans Knu Skool ist eine Wahl f\u00fcr diejenigen, die Qualit\u00e4t und modischen Look sch\u00e4tzen.<\/p>\n","protected":false},"featured_media":744093,"comment_status":"open","ping_status":"open","template":"","meta":[],"product_brand":[],"product_cat":[3225,3320],"product_tag":[],"class_list":{"0":"post-744092","1":"product","2":"type-product","3":"status-publish","4":"has-post-thumbnail","6":"product_cat-all-product","7":"product_cat-kedy","8":"pa_rozmir-910","9":"pa_rozmir-912","10":"pa_rozmir-914","11":"pa_rozmir-915","12":"pa_rozmir-916","13":"pa_rozmir-917","14":"pa_rozmir-918","15":"pa_rozmir-919","16":"pa_rozmir-920","17":"pa_rozmir-921","18":"pa_rozmir-922","20":"first","21":"instock","22":"purchasable","23":"product-type-variable"},"_links":{"self":[{"href":"https:\/\/nextsnkr.com\/de\/wp-json\/wp\/v2\/product\/744092","targetHints":{"allow":["GET"]}}],"collection":[{"href":"https:\/\/nextsnkr.com\/de\/wp-json\/wp\/v2\/product"}],"about":[{"href":"https:\/\/nextsnkr.com\/de\/wp-json\/wp\/v2\/types\/product"}],"replies":[{"embeddable":true,"href":"https:\/\/nextsnkr.com\/de\/wp-json\/wp\/v2\/comments?post=744092"}],"version-history":[{"count":0,"href":"https:\/\/nextsnkr.com\/de\/wp-json\/wp\/v2\/product\/744092\/revisions"}],"wp:featuredmedia":[{"embeddable":true,"href":"https:\/\/nextsnkr.com\/de\/wp-json\/wp\/v2\/media\/744093"}],"wp:attachment":[{"href":"https:\/\/nextsnkr.com\/de\/wp-json\/wp\/v2\/media?parent=744092"}],"wp:term":[{"taxonomy":"product_brand","embeddable":true,"href":"https:\/\/nextsnkr.com\/de\/wp-json\/wp\/v2\/product_brand?post=744092"},{"taxonomy":"product_cat","embeddable":true,"href":"https:\/\/nextsnkr.com\/de\/wp-json\/wp\/v2\/product_cat?post=744092"},{"taxonomy":"product_tag","embeddable":true,"href":"https:\/\/nextsnkr.com\/de\/wp-json\/wp\/v2\/product_tag?post=744092"}],"curies":[{"name":"wp","href":"https:\/\/api.w.org\/{rel}","templated":true}]}}