{"id":739542,"date":"2025-06-14T16:34:31","date_gmt":"2025-06-14T13:34:31","guid":{"rendered":"https:\/\/nextsnkr.com\/product\/ugg-neumel-platform-chestnut\/"},"modified":"2026-01-29T14:37:20","modified_gmt":"2026-01-29T11:37:20","slug":"ugg-neumel-platform-chestnut","status":"publish","type":"product","link":"https:\/\/nextsnkr.com\/de\/produkt\/ugg-neumel-platform-chestnut\/","title":{"rendered":"Ugg Neumel Platform Chestnut-Stiefel aus Wildleder mit Plattform f\u00fcr M\u00e4nner"},"content":{"rendered":"<h2>Ugg Neumel Platform Chestnut-Stiefel aus Wildleder mit Plattform f\u00fcr M\u00e4nner<\/h2>\n<p>&nbsp;<\/p>\n<p>Ugg Neumel Platform Chestnut Schuhe kombinieren stilvolles Design und maximalen Komfort. Sie sind aus hochwertigem Wildleder und nat\u00fcrlicher Wolle gefertigt und sorgen in der kalten Jahreszeit f\u00fcr W\u00e4rme und Weichheit. Die Plattform verleiht dem Gehen ein modernes Aussehen und Stabilit\u00e4t. Das Modell ist perfekt f\u00fcr das t\u00e4gliche Tragen, Spazierg\u00e4nge und den urbanen Stil. Diese Schuhe wurden in China hergestellt und zeichnen sich durch die Haltbarkeit und Qualit\u00e4t der Marke Ugg aus. W\u00e4hlen Sie Ugg Neumel Platform Chestnut f\u00fcr eine Kombination aus Komfort und Eleganz.<\/p>\n","protected":false},"excerpt":{"rendered":"<p>Ugg Neumel Platform Chestnut Schuhe kombinieren stilvolles Design und maximalen Komfort. Sie sind aus hochwertigem Wildleder und nat\u00fcrlicher Wolle gefertigt und sorgen in der kalten Jahreszeit f\u00fcr W\u00e4rme und Weichheit. Die Plattform verleiht dem Gehen ein modernes Aussehen und Stabilit\u00e4t. Das Modell ist perfekt f\u00fcr das t\u00e4gliche Tragen, Spazierg\u00e4nge und den urbanen Stil. Diese Schuhe wurden in China hergestellt und zeichnen sich durch die Haltbarkeit und Qualit\u00e4t der Marke Ugg aus. W\u00e4hlen Sie Ugg Neumel Platform Chestnut f\u00fcr eine Kombination aus Komfort und Eleganz.<\/p>\n","protected":false},"featured_media":739543,"comment_status":"open","ping_status":"open","template":"","meta":[],"product_brand":[],"product_cat":[3409,3225],"product_tag":[],"class_list":{"0":"post-739542","1":"product","2":"type-product","3":"status-publish","4":"has-post-thumbnail","6":"product_cat-ugg","7":"product_cat-all-product","8":"pa_rozmir-910","9":"pa_rozmir-912","10":"pa_rozmir-914","11":"pa_rozmir-915","12":"pa_rozmir-916","13":"pa_rozmir-917","14":"pa_rozmir-918","15":"pa_rozmir-919","16":"pa_rozmir-920","17":"pa_rozmir-921","18":"pa_rozmir-922","20":"first","21":"onbackorder","22":"purchasable","23":"product-type-variable"},"_links":{"self":[{"href":"https:\/\/nextsnkr.com\/de\/wp-json\/wp\/v2\/product\/739542","targetHints":{"allow":["GET"]}}],"collection":[{"href":"https:\/\/nextsnkr.com\/de\/wp-json\/wp\/v2\/product"}],"about":[{"href":"https:\/\/nextsnkr.com\/de\/wp-json\/wp\/v2\/types\/product"}],"replies":[{"embeddable":true,"href":"https:\/\/nextsnkr.com\/de\/wp-json\/wp\/v2\/comments?post=739542"}],"version-history":[{"count":0,"href":"https:\/\/nextsnkr.com\/de\/wp-json\/wp\/v2\/product\/739542\/revisions"}],"wp:featuredmedia":[{"embeddable":true,"href":"https:\/\/nextsnkr.com\/de\/wp-json\/wp\/v2\/media\/739543"}],"wp:attachment":[{"href":"https:\/\/nextsnkr.com\/de\/wp-json\/wp\/v2\/media?parent=739542"}],"wp:term":[{"taxonomy":"product_brand","embeddable":true,"href":"https:\/\/nextsnkr.com\/de\/wp-json\/wp\/v2\/product_brand?post=739542"},{"taxonomy":"product_cat","embeddable":true,"href":"https:\/\/nextsnkr.com\/de\/wp-json\/wp\/v2\/product_cat?post=739542"},{"taxonomy":"product_tag","embeddable":true,"href":"https:\/\/nextsnkr.com\/de\/wp-json\/wp\/v2\/product_tag?post=739542"}],"curies":[{"name":"wp","href":"https:\/\/api.w.org\/{rel}","templated":true}]}}