{"id":736266,"date":"2025-06-14T16:45:18","date_gmt":"2025-06-14T13:45:18","guid":{"rendered":"https:\/\/nextsnkr.com\/product\/no-brand-white-pink-art-018\/"},"modified":"2026-01-29T14:35:14","modified_gmt":"2026-01-29T11:35:14","slug":"no-brand-white-pink-art-018","status":"publish","type":"product","link":"https:\/\/nextsnkr.com\/de\/produkt\/no-brand-white-pink-art-018\/","title":{"rendered":"Sneakers No brand White &#8211; Pink-Stilvolle Sneakers aus Leder f\u00fcr Damen"},"content":{"rendered":"<h2>Sneakers No brand White &#8211; Pink-Stilvolle Sneakers aus Leder f\u00fcr Damen<\/h2>\n<p>&nbsp;<\/p>\n<p>Sneakers No brand White \/ Pink, art 018-leichte und bequeme Damen sneakers aus echtem Leder. Die Kombination aus Wei\u00df und Rosa schafft ein frisches und modisches Aussehen, und das robuste Material sorgt f\u00fcr Haltbarkeit und Komfort beim t\u00e4glichen Tragen. Die leichte Sohle garantiert optimale D\u00e4mpfung und Stabilit\u00e4t auf verschiedenen Oberfl\u00e4chen. Eine ideale Wahl f\u00fcr diejenigen, die Wert auf Stil, Funktionalit\u00e4t und modernes Design in einem Schuh f\u00fcr den t\u00e4glichen Gebrauch.<\/p>\n","protected":false},"excerpt":{"rendered":"<p>Sneakers No brand White \/ Pink, art 018-leichte und bequeme Damen sneakers aus echtem Leder. Die Kombination aus Wei\u00df und Rosa schafft ein frisches und modisches Aussehen, und das robuste Material sorgt f\u00fcr Haltbarkeit und Komfort beim t\u00e4glichen Tragen. Die leichte Sohle garantiert optimale D\u00e4mpfung und Stabilit\u00e4t auf verschiedenen Oberfl\u00e4chen. Eine ideale Wahl f\u00fcr diejenigen, die Wert auf Stil, Funktionalit\u00e4t und modernes Design in einem Schuh f\u00fcr den t\u00e4glichen Gebrauch.<\/p>\n","protected":false},"featured_media":736267,"comment_status":"open","ping_status":"open","template":"","meta":[],"product_brand":[],"product_cat":[3225,3320],"product_tag":[],"class_list":{"0":"post-736266","1":"product","2":"type-product","3":"status-publish","4":"has-post-thumbnail","6":"product_cat-all-product","7":"product_cat-kedy","8":"pa_rozmir-910","9":"pa_rozmir-912","10":"pa_rozmir-914","11":"pa_rozmir-915","12":"pa_rozmir-916","13":"pa_rozmir-917","14":"pa_rozmir-918","15":"pa_rozmir-919","16":"pa_rozmir-920","17":"pa_rozmir-921","18":"pa_rozmir-922","20":"first","21":"onbackorder","22":"purchasable","23":"product-type-variable"},"_links":{"self":[{"href":"https:\/\/nextsnkr.com\/de\/wp-json\/wp\/v2\/product\/736266","targetHints":{"allow":["GET"]}}],"collection":[{"href":"https:\/\/nextsnkr.com\/de\/wp-json\/wp\/v2\/product"}],"about":[{"href":"https:\/\/nextsnkr.com\/de\/wp-json\/wp\/v2\/types\/product"}],"replies":[{"embeddable":true,"href":"https:\/\/nextsnkr.com\/de\/wp-json\/wp\/v2\/comments?post=736266"}],"version-history":[{"count":0,"href":"https:\/\/nextsnkr.com\/de\/wp-json\/wp\/v2\/product\/736266\/revisions"}],"wp:featuredmedia":[{"embeddable":true,"href":"https:\/\/nextsnkr.com\/de\/wp-json\/wp\/v2\/media\/736267"}],"wp:attachment":[{"href":"https:\/\/nextsnkr.com\/de\/wp-json\/wp\/v2\/media?parent=736266"}],"wp:term":[{"taxonomy":"product_brand","embeddable":true,"href":"https:\/\/nextsnkr.com\/de\/wp-json\/wp\/v2\/product_brand?post=736266"},{"taxonomy":"product_cat","embeddable":true,"href":"https:\/\/nextsnkr.com\/de\/wp-json\/wp\/v2\/product_cat?post=736266"},{"taxonomy":"product_tag","embeddable":true,"href":"https:\/\/nextsnkr.com\/de\/wp-json\/wp\/v2\/product_tag?post=736266"}],"curies":[{"name":"wp","href":"https:\/\/api.w.org\/{rel}","templated":true}]}}