{"id":735902,"date":"2025-06-14T16:46:27","date_gmt":"2025-06-14T13:46:27","guid":{"rendered":"https:\/\/nextsnkr.com\/product\/no-brand-white-art-011\/"},"modified":"2026-01-29T14:35:05","modified_gmt":"2026-01-29T11:35:05","slug":"no-brand-white-art-011","status":"publish","type":"product","link":"https:\/\/nextsnkr.com\/de\/produkt\/no-brand-white-art-011\/","title":{"rendered":"No Brand White Art Stiefel 011-Klassische Lederstiefel f\u00fcr Damen"},"content":{"rendered":"<h2>No Brand White Art Stiefel 011-Klassische Lederstiefel f\u00fcr Damen<\/h2>\n<p>&nbsp;<\/p>\n<p>No Brand White Art 011-elegante Damen Stiefel aus hochwertigem echtem Leder, die Festigkeit, Haltbarkeit und Komfort beim t\u00e4glichen tragen. Die klassische wei\u00dfe Farbe verleiht dem Bild Frische und Vielseitigkeit und l\u00e4sst sich leicht mit jedem Kleidungsstil kombinieren. Die in Vietnam hergestellten Stiefel zeichnen sich durch eine durchdachte Passform, eine stabile Sohle und ein modernes Design aus. Eine ideale Wahl f\u00fcr die Stadt, Spazierg\u00e4nge und die kalte Jahreszeit.<\/p>\n","protected":false},"excerpt":{"rendered":"<p>No Brand White Art 011-elegante Damen Stiefel aus hochwertigem echtem Leder, die Festigkeit, Haltbarkeit und Komfort beim t\u00e4glichen tragen. Die klassische wei\u00dfe Farbe verleiht dem Bild Frische und Vielseitigkeit und l\u00e4sst sich leicht mit jedem Kleidungsstil kombinieren. Die in Vietnam hergestellten Stiefel zeichnen sich durch eine durchdachte Passform, eine stabile Sohle und ein modernes Design aus. Eine ideale Wahl f\u00fcr die Stadt, Spazierg\u00e4nge und die kalte Jahreszeit.<\/p>\n","protected":false},"featured_media":735903,"comment_status":"open","ping_status":"open","template":"","meta":[],"product_brand":[],"product_cat":[3225,3333],"product_tag":[],"class_list":{"0":"post-735902","1":"product","2":"type-product","3":"status-publish","4":"has-post-thumbnail","6":"product_cat-all-product","7":"product_cat-cherevyky","8":"pa_rozmir-910","9":"pa_rozmir-912","10":"pa_rozmir-914","11":"pa_rozmir-915","12":"pa_rozmir-916","13":"pa_rozmir-917","14":"pa_rozmir-918","15":"pa_rozmir-919","16":"pa_rozmir-920","17":"pa_rozmir-921","18":"pa_rozmir-922","20":"first","21":"onbackorder","22":"purchasable","23":"product-type-variable"},"_links":{"self":[{"href":"https:\/\/nextsnkr.com\/de\/wp-json\/wp\/v2\/product\/735902","targetHints":{"allow":["GET"]}}],"collection":[{"href":"https:\/\/nextsnkr.com\/de\/wp-json\/wp\/v2\/product"}],"about":[{"href":"https:\/\/nextsnkr.com\/de\/wp-json\/wp\/v2\/types\/product"}],"replies":[{"embeddable":true,"href":"https:\/\/nextsnkr.com\/de\/wp-json\/wp\/v2\/comments?post=735902"}],"version-history":[{"count":0,"href":"https:\/\/nextsnkr.com\/de\/wp-json\/wp\/v2\/product\/735902\/revisions"}],"wp:featuredmedia":[{"embeddable":true,"href":"https:\/\/nextsnkr.com\/de\/wp-json\/wp\/v2\/media\/735903"}],"wp:attachment":[{"href":"https:\/\/nextsnkr.com\/de\/wp-json\/wp\/v2\/media?parent=735902"}],"wp:term":[{"taxonomy":"product_brand","embeddable":true,"href":"https:\/\/nextsnkr.com\/de\/wp-json\/wp\/v2\/product_brand?post=735902"},{"taxonomy":"product_cat","embeddable":true,"href":"https:\/\/nextsnkr.com\/de\/wp-json\/wp\/v2\/product_cat?post=735902"},{"taxonomy":"product_tag","embeddable":true,"href":"https:\/\/nextsnkr.com\/de\/wp-json\/wp\/v2\/product_tag?post=735902"}],"curies":[{"name":"wp","href":"https:\/\/api.w.org\/{rel}","templated":true}]}}