{"id":735195,"date":"2025-06-14T16:48:49","date_gmt":"2025-06-14T13:48:49","guid":{"rendered":"https:\/\/nextsnkr.com\/product\/no-brand-foam-runner-bone\/"},"modified":"2026-01-29T14:34:33","modified_gmt":"2026-01-29T11:34:33","slug":"no-brand-foam-runner-bone","status":"publish","type":"product","link":"https:\/\/nextsnkr.com\/de\/produkt\/no-brand-foam-runner-bone\/","title":{"rendered":"Foam Runner Bone Hausschuhe-Leichte Schaumstoffpantoffeln in modernem Design"},"content":{"rendered":"<h2>Foam Runner Bone Hausschuhe-Leichte Schaumstoffpantoffeln in modernem Design<\/h2>\n<p>&nbsp;<\/p>\n<p>Die bequemen Foam Runner Bone Slipper sind leichte und praktische Schuhe, die f\u00fcr den t\u00e4glichen Gebrauch entworfen wurden. Sie sind aus Schaumstoff gefertigt und sorgen dank der Perforationen f\u00fcr Weichheit, Sto\u00dfd\u00e4mpfung und hervorragende Bel\u00fcftung. Das Modell zeichnet sich durch ein modernes, futuristisches Design aus, das leicht mit Alltagskleidung kombiniert wird. Eine ideale Wahl f\u00fcr zu Hause, im Urlaub oder im Sommer, wenn Komfort und Leichtigkeit bei jedem Schritt wichtig sind.<\/p>\n","protected":false},"excerpt":{"rendered":"<p>Die bequemen Foam Runner Bone Slipper sind leichte und praktische Schuhe, die f\u00fcr den t\u00e4glichen Gebrauch entworfen wurden. Sie sind aus Schaumstoff gefertigt und sorgen dank der Perforationen f\u00fcr Weichheit, Sto\u00dfd\u00e4mpfung und hervorragende Bel\u00fcftung. Das Modell zeichnet sich durch ein modernes, futuristisches Design aus, das leicht mit Alltagskleidung kombiniert wird. Eine ideale Wahl f\u00fcr zu Hause, im Urlaub oder im Sommer, wenn Komfort und Leichtigkeit bei jedem Schritt wichtig sind.<\/p>\n","protected":false},"featured_media":735196,"comment_status":"open","ping_status":"open","template":"","meta":[],"product_brand":[],"product_cat":[3225,3422],"product_tag":[],"class_list":{"0":"post-735195","1":"product","2":"type-product","3":"status-publish","4":"has-post-thumbnail","6":"product_cat-all-product","7":"product_cat-shlopantsi","8":"pa_rozmir-910","9":"pa_rozmir-912","10":"pa_rozmir-914","11":"pa_rozmir-915","12":"pa_rozmir-916","13":"pa_rozmir-917","14":"pa_rozmir-918","15":"pa_rozmir-919","16":"pa_rozmir-920","17":"pa_rozmir-921","18":"pa_rozmir-922","20":"first","21":"instock","22":"purchasable","23":"product-type-variable"},"_links":{"self":[{"href":"https:\/\/nextsnkr.com\/de\/wp-json\/wp\/v2\/product\/735195","targetHints":{"allow":["GET"]}}],"collection":[{"href":"https:\/\/nextsnkr.com\/de\/wp-json\/wp\/v2\/product"}],"about":[{"href":"https:\/\/nextsnkr.com\/de\/wp-json\/wp\/v2\/types\/product"}],"replies":[{"embeddable":true,"href":"https:\/\/nextsnkr.com\/de\/wp-json\/wp\/v2\/comments?post=735195"}],"version-history":[{"count":0,"href":"https:\/\/nextsnkr.com\/de\/wp-json\/wp\/v2\/product\/735195\/revisions"}],"wp:featuredmedia":[{"embeddable":true,"href":"https:\/\/nextsnkr.com\/de\/wp-json\/wp\/v2\/media\/735196"}],"wp:attachment":[{"href":"https:\/\/nextsnkr.com\/de\/wp-json\/wp\/v2\/media?parent=735195"}],"wp:term":[{"taxonomy":"product_brand","embeddable":true,"href":"https:\/\/nextsnkr.com\/de\/wp-json\/wp\/v2\/product_brand?post=735195"},{"taxonomy":"product_cat","embeddable":true,"href":"https:\/\/nextsnkr.com\/de\/wp-json\/wp\/v2\/product_cat?post=735195"},{"taxonomy":"product_tag","embeddable":true,"href":"https:\/\/nextsnkr.com\/de\/wp-json\/wp\/v2\/product_tag?post=735195"}],"curies":[{"name":"wp","href":"https:\/\/api.w.org\/{rel}","templated":true}]}}