{"id":732478,"date":"2025-06-14T21:02:26","date_gmt":"2025-06-14T18:02:26","guid":{"rendered":"https:\/\/nextsnkr.com\/product\/air-jordan-retro1-black-white\/"},"modified":"2026-01-29T14:32:51","modified_gmt":"2026-01-29T11:32:51","slug":"air-jordan-retro1-black-white","status":"publish","type":"product","link":"https:\/\/nextsnkr.com\/de\/produkt\/air-jordan-retro1-black-white\/","title":{"rendered":"Air Jordan Retro Sneakers 1 Black White aus echtem Leder"},"content":{"rendered":"<h2>Air Jordan Retro Sneakers 1 Black White aus echtem Leder<\/h2>\n<p>&nbsp;<\/p>\n<p>Air Jordan Retro 1 Black White \u2014 Klassische Sneakers aus echtem Leder, die Stil, Komfort und Haltbarkeit kombinieren. Das Schwarz-Wei\u00df-Design macht das Modell vielseitig und l\u00e4sst sich leicht mit jeder Garderobe kombinieren. Die robuste Au\u00dfensohle bietet D\u00e4mpfung und Stabilit\u00e4t w\u00e4hrend der t\u00e4glichen Tragekomfort und durchdachte Konstruktion garantiert einen bequemen Sitz. Hergestellt in Vietnam, sind diese Schuhe Air Jordan sind eine ausgezeichnete Wahl f\u00fcr diejenigen, die die Marke, Stil und Funktionalit\u00e4t im Alltag.<\/p>\n","protected":false},"excerpt":{"rendered":"<p>Air Jordan Retro 1 Black White \u2014 Klassische Sneakers aus echtem Leder, die Stil, Komfort und Haltbarkeit kombinieren. Das Schwarz-Wei\u00df-Design macht das Modell vielseitig und l\u00e4sst sich leicht mit jeder Garderobe kombinieren. Die robuste Au\u00dfensohle bietet D\u00e4mpfung und Stabilit\u00e4t w\u00e4hrend der t\u00e4glichen Tragekomfort und durchdachte Konstruktion garantiert einen bequemen Sitz. Hergestellt in Vietnam, sind diese Schuhe Air Jordan sind eine ausgezeichnete Wahl f\u00fcr diejenigen, die die Marke, Stil und Funktionalit\u00e4t im Alltag.<\/p>\n","protected":false},"featured_media":732479,"comment_status":"open","ping_status":"open","template":"","meta":[],"product_brand":[],"product_cat":[3385,3225,3320],"product_tag":[],"class_list":{"0":"post-732478","1":"product","2":"type-product","3":"status-publish","4":"has-post-thumbnail","6":"product_cat-nike-jordan","7":"product_cat-all-product","8":"product_cat-kedy","9":"pa_rozmir-910","10":"pa_rozmir-912","11":"pa_rozmir-914","12":"pa_rozmir-915","13":"pa_rozmir-916","14":"pa_rozmir-917","15":"pa_rozmir-918","16":"pa_rozmir-919","17":"pa_rozmir-920","18":"pa_rozmir-921","19":"pa_rozmir-922","21":"first","22":"instock","23":"purchasable","24":"product-type-variable"},"_links":{"self":[{"href":"https:\/\/nextsnkr.com\/de\/wp-json\/wp\/v2\/product\/732478","targetHints":{"allow":["GET"]}}],"collection":[{"href":"https:\/\/nextsnkr.com\/de\/wp-json\/wp\/v2\/product"}],"about":[{"href":"https:\/\/nextsnkr.com\/de\/wp-json\/wp\/v2\/types\/product"}],"replies":[{"embeddable":true,"href":"https:\/\/nextsnkr.com\/de\/wp-json\/wp\/v2\/comments?post=732478"}],"version-history":[{"count":0,"href":"https:\/\/nextsnkr.com\/de\/wp-json\/wp\/v2\/product\/732478\/revisions"}],"wp:featuredmedia":[{"embeddable":true,"href":"https:\/\/nextsnkr.com\/de\/wp-json\/wp\/v2\/media\/732479"}],"wp:attachment":[{"href":"https:\/\/nextsnkr.com\/de\/wp-json\/wp\/v2\/media?parent=732478"}],"wp:term":[{"taxonomy":"product_brand","embeddable":true,"href":"https:\/\/nextsnkr.com\/de\/wp-json\/wp\/v2\/product_brand?post=732478"},{"taxonomy":"product_cat","embeddable":true,"href":"https:\/\/nextsnkr.com\/de\/wp-json\/wp\/v2\/product_cat?post=732478"},{"taxonomy":"product_tag","embeddable":true,"href":"https:\/\/nextsnkr.com\/de\/wp-json\/wp\/v2\/product_tag?post=732478"}],"curies":[{"name":"wp","href":"https:\/\/api.w.org\/{rel}","templated":true}]}}