{"id":731971,"date":"2025-06-14T21:04:54","date_gmt":"2025-06-14T18:04:54","guid":{"rendered":"https:\/\/nextsnkr.com\/product\/nike-air-jordan-1-retro-blue\/"},"modified":"2026-01-29T14:32:25","modified_gmt":"2026-01-29T11:32:25","slug":"nike-air-jordan-1-retro-blue","status":"publish","type":"product","link":"https:\/\/nextsnkr.com\/de\/produkt\/nike-air-jordan-1-retro-blue\/","title":{"rendered":"Nike Air Jordan Sneakers 1 Retro Blue-Stilvolle hohe Sneakers aus Leder"},"content":{"rendered":"<h2>Nike Air Jordan Sneakers 1 Retro Blue-Stilvolle hohe Sneakers aus Leder<\/h2>\n<p>&nbsp;<\/p>\n<p>Die Nike Air Jordan 1 Retro Blue Sneakers sind aus hochwertigem Leder gefertigt und sorgen f\u00fcr Langlebigkeit, Komfort und einen sicheren Halt des Fu\u00dfes. Die hohe Silhouette st\u00fctzt den Kn\u00f6chel und die helle blaue Farbe verleiht jedem Bild einen modischen Akzent. die leichte Sohle garantiert Komfort w\u00e4hrend des t\u00e4glichen Verschlei\u00dfes und des aktiven Stadtlebens. Der Hersteller ist Vietnam. W\u00e4hlen Sie den Nike Air Jordan 1 Retro Blue f\u00fcr eine Kombination aus stilvollem Design, Komfort und hoher Qualit\u00e4t.<\/p>\n","protected":false},"excerpt":{"rendered":"<p>Die Nike Air Jordan 1 Retro Blue Sneakers sind aus hochwertigem Leder gefertigt und sorgen f\u00fcr Langlebigkeit, Komfort und einen sicheren Halt des Fu\u00dfes. Die hohe Silhouette st\u00fctzt den Kn\u00f6chel und die helle blaue Farbe verleiht jedem Bild einen modischen Akzent. die leichte Sohle garantiert Komfort w\u00e4hrend des t\u00e4glichen Verschlei\u00dfes und des aktiven Stadtlebens. Der Hersteller ist Vietnam. W\u00e4hlen Sie den Nike Air Jordan 1 Retro Blue f\u00fcr eine Kombination aus stilvollem Design, Komfort und hoher Qualit\u00e4t.<\/p>\n","protected":false},"featured_media":731972,"comment_status":"open","ping_status":"open","template":"","meta":[],"product_brand":[],"product_cat":[3385,3225,3320],"product_tag":[],"class_list":{"0":"post-731971","1":"product","2":"type-product","3":"status-publish","4":"has-post-thumbnail","6":"product_cat-nike-jordan","7":"product_cat-all-product","8":"product_cat-kedy","9":"pa_rozmir-910","10":"pa_rozmir-912","11":"pa_rozmir-914","12":"pa_rozmir-915","13":"pa_rozmir-916","14":"pa_rozmir-917","15":"pa_rozmir-918","16":"pa_rozmir-919","17":"pa_rozmir-920","18":"pa_rozmir-921","19":"pa_rozmir-922","21":"first","22":"instock","23":"purchasable","24":"product-type-variable"},"_links":{"self":[{"href":"https:\/\/nextsnkr.com\/de\/wp-json\/wp\/v2\/product\/731971","targetHints":{"allow":["GET"]}}],"collection":[{"href":"https:\/\/nextsnkr.com\/de\/wp-json\/wp\/v2\/product"}],"about":[{"href":"https:\/\/nextsnkr.com\/de\/wp-json\/wp\/v2\/types\/product"}],"replies":[{"embeddable":true,"href":"https:\/\/nextsnkr.com\/de\/wp-json\/wp\/v2\/comments?post=731971"}],"version-history":[{"count":0,"href":"https:\/\/nextsnkr.com\/de\/wp-json\/wp\/v2\/product\/731971\/revisions"}],"wp:featuredmedia":[{"embeddable":true,"href":"https:\/\/nextsnkr.com\/de\/wp-json\/wp\/v2\/media\/731972"}],"wp:attachment":[{"href":"https:\/\/nextsnkr.com\/de\/wp-json\/wp\/v2\/media?parent=731971"}],"wp:term":[{"taxonomy":"product_brand","embeddable":true,"href":"https:\/\/nextsnkr.com\/de\/wp-json\/wp\/v2\/product_brand?post=731971"},{"taxonomy":"product_cat","embeddable":true,"href":"https:\/\/nextsnkr.com\/de\/wp-json\/wp\/v2\/product_cat?post=731971"},{"taxonomy":"product_tag","embeddable":true,"href":"https:\/\/nextsnkr.com\/de\/wp-json\/wp\/v2\/product_tag?post=731971"}],"curies":[{"name":"wp","href":"https:\/\/api.w.org\/{rel}","templated":true}]}}