{"id":731464,"date":"2025-06-14T21:07:28","date_gmt":"2025-06-14T18:07:28","guid":{"rendered":"https:\/\/nextsnkr.com\/product\/air-jordan-retro1-black-orange\/"},"modified":"2026-01-29T14:32:02","modified_gmt":"2026-01-29T11:32:02","slug":"air-jordan-retro1-black-orange","status":"publish","type":"product","link":"https:\/\/nextsnkr.com\/de\/produkt\/air-jordan-retro1-black-orange\/","title":{"rendered":"Sneakers Air Jordan Retro 1 Black Orange-Leder-schwarz mit orange"},"content":{"rendered":"<h2>Sneakers Air Jordan Retro 1 Black Orange-Leder-schwarz mit orange<\/h2>\n<p>&nbsp;<\/p>\n<p>Die Air Jordan Retro1 Black Orange Sneakers sind aus hochwertigem Leder gefertigt und sorgen f\u00fcr Langlebigkeit, Komfort und ein stilvolles Aussehen. Die schwarze Farbe wird mit leuchtend orangefarbenen Akzenten kombiniert und schafft ein eing\u00e4ngiges und modernes Design. Die weiche Sohle d\u00e4mpft den Schritt und unterst\u00fctzt den Fu\u00df den ganzen Tag \u00fcber, wodurch das Modell f\u00fcr das t\u00e4gliche Tragen und Outdoor-Aktivit\u00e4ten angenehm ist. Die ideale Wahl f\u00fcr diejenigen, die den Stil, den Komfort und die Premium-Qualit\u00e4t der Marke Air Jordan sch\u00e4tzen.<\/p>\n","protected":false},"excerpt":{"rendered":"<p>Die Air Jordan Retro1 Black Orange Sneakers sind aus hochwertigem Leder gefertigt und sorgen f\u00fcr Langlebigkeit, Komfort und ein stilvolles Aussehen. Die schwarze Farbe wird mit leuchtend orangefarbenen Akzenten kombiniert und schafft ein eing\u00e4ngiges und modernes Design. Die weiche Sohle d\u00e4mpft den Schritt und unterst\u00fctzt den Fu\u00df den ganzen Tag \u00fcber, wodurch das Modell f\u00fcr das t\u00e4gliche Tragen und Outdoor-Aktivit\u00e4ten angenehm ist. Die ideale Wahl f\u00fcr diejenigen, die den Stil, den Komfort und die Premium-Qualit\u00e4t der Marke Air Jordan sch\u00e4tzen.<\/p>\n","protected":false},"featured_media":731465,"comment_status":"open","ping_status":"open","template":"","meta":[],"product_brand":[],"product_cat":[3385,3225,3320],"product_tag":[],"class_list":{"0":"post-731464","1":"product","2":"type-product","3":"status-publish","4":"has-post-thumbnail","6":"product_cat-nike-jordan","7":"product_cat-all-product","8":"product_cat-kedy","9":"pa_rozmir-910","10":"pa_rozmir-912","11":"pa_rozmir-914","12":"pa_rozmir-915","13":"pa_rozmir-916","14":"pa_rozmir-917","15":"pa_rozmir-918","16":"pa_rozmir-919","17":"pa_rozmir-920","18":"pa_rozmir-921","19":"pa_rozmir-922","21":"first","22":"instock","23":"purchasable","24":"product-type-variable"},"_links":{"self":[{"href":"https:\/\/nextsnkr.com\/de\/wp-json\/wp\/v2\/product\/731464","targetHints":{"allow":["GET"]}}],"collection":[{"href":"https:\/\/nextsnkr.com\/de\/wp-json\/wp\/v2\/product"}],"about":[{"href":"https:\/\/nextsnkr.com\/de\/wp-json\/wp\/v2\/types\/product"}],"replies":[{"embeddable":true,"href":"https:\/\/nextsnkr.com\/de\/wp-json\/wp\/v2\/comments?post=731464"}],"version-history":[{"count":0,"href":"https:\/\/nextsnkr.com\/de\/wp-json\/wp\/v2\/product\/731464\/revisions"}],"wp:featuredmedia":[{"embeddable":true,"href":"https:\/\/nextsnkr.com\/de\/wp-json\/wp\/v2\/media\/731465"}],"wp:attachment":[{"href":"https:\/\/nextsnkr.com\/de\/wp-json\/wp\/v2\/media?parent=731464"}],"wp:term":[{"taxonomy":"product_brand","embeddable":true,"href":"https:\/\/nextsnkr.com\/de\/wp-json\/wp\/v2\/product_brand?post=731464"},{"taxonomy":"product_cat","embeddable":true,"href":"https:\/\/nextsnkr.com\/de\/wp-json\/wp\/v2\/product_cat?post=731464"},{"taxonomy":"product_tag","embeddable":true,"href":"https:\/\/nextsnkr.com\/de\/wp-json\/wp\/v2\/product_tag?post=731464"}],"curies":[{"name":"wp","href":"https:\/\/api.w.org\/{rel}","templated":true}]}}